{"id":4771,"date":"2022-03-24T03:49:54","date_gmt":"2022-04-06T11:27:12","guid":{"rendered":"https:\/\/terme-topolsica.si\/spletna-trgovina\/senza-categoria\/biglietto-famiglia-giornaliero-lunedi-venerdi\/"},"modified":"2022-04-06T11:27:12","modified_gmt":"2022-04-06T11:27:12","slug":"biglietto-familiare-tutto-il-giorno-lunedi-venerdi","status":"publish","type":"product","link":"https:\/\/www.terme-topolsica.si\/it\/web-shop\/biglietti-per-la-piscina\/biglietto-familiare-tutto-il-giorno-lunedi-venerdi\/","title":{"rendered":"Biglietto famiglia giornaliero (luned\u00ec &#8211; venerd\u00ec)"},"content":{"rendered":"<p>Biglietto famiglia giornaliero (2+1). Il supplemento per il bambino in pi\u00f9 \u00e8 di 7 \u20ac. Valido dal luned\u00ec al venerd\u00ec.<\/p>\n","protected":false},"excerpt":{"rendered":"<p>Biglietto famiglia giornaliero (2+1). Il supplemento per il bambino in pi\u00f9 \u00e8 di 7 \u20ac. Valido dal luned\u00ec al venerd\u00ec.<\/p>\n","protected":false},"featured_media":4053,"template":"","meta":[],"product_brand":[],"product_cat":[78],"product_tag":[],"class_list":{"0":"post-4771","1":"product","2":"type-product","3":"status-publish","4":"has-post-thumbnail","6":"product_cat-biglietti-per-la-piscina","8":"first","9":"instock","10":"purchasable","11":"product-type-simple"},"yoast_head":"<!-- This site is optimized with the Yoast SEO plugin v26.9 - https:\/\/yoast.com\/product\/yoast-seo-wordpress\/ -->\n<title>Biglietto famiglia giornaliero (luned\u00ec - venerd\u00ec) - Terme Topol\u0161ica<\/title>\n<meta name=\"description\" content=\"Biglietto famiglia giornaliero (2+1). Il supplemento per il bambino in pi\u00f9 \u00e8 di 7 \u20ac. Valido dal luned\u00ec al venerd\u00ec.\" \/>\n<meta name=\"robots\" content=\"index, follow, max-snippet:-1, max-image-preview:large, max-video-preview:-1\" \/>\n<link rel=\"canonical\" href=\"https:\/\/www.terme-topolsica.si\/it\/web-shop\/biglietti-per-la-piscina\/biglietto-familiare-tutto-il-giorno-lunedi-venerdi\/\" \/>\n<meta property=\"og:locale\" content=\"it_IT\" \/>\n<meta property=\"og:type\" content=\"article\" \/>\n<meta property=\"og:title\" content=\"Biglietto famiglia giornaliero (luned\u00ec - venerd\u00ec) - Terme Topol\u0161ica\" \/>\n<meta property=\"og:description\" content=\"Biglietto famiglia giornaliero (2+1). Il supplemento per il bambino in pi\u00f9 \u00e8 di 7 \u20ac. Valido dal luned\u00ec al venerd\u00ec.\" \/>\n<meta property=\"og:url\" content=\"https:\/\/www.terme-topolsica.si\/it\/web-shop\/biglietti-per-la-piscina\/biglietto-familiare-tutto-il-giorno-lunedi-venerdi\/\" \/>\n<meta property=\"og:site_name\" content=\"Terme Topol\u0161ica\" \/>\n<meta property=\"article:publisher\" content=\"https:\/\/www.facebook.com\/TermeTopolsica\" \/>\n<meta property=\"og:image\" content=\"https:\/\/www.terme-topolsica.si\/wp-content\/uploads\/2022\/03\/Dnevna-karte-druzinska.jpg\" \/>\n\t<meta property=\"og:image:width\" content=\"450\" \/>\n\t<meta property=\"og:image:height\" content=\"450\" \/>\n\t<meta property=\"og:image:type\" content=\"image\/jpeg\" \/>\n<meta name=\"twitter:card\" content=\"summary_large_image\" \/>\n<script type=\"application\/ld+json\" class=\"yoast-schema-graph\">{\"@context\":\"https:\/\/schema.org\",\"@graph\":[{\"@type\":\"WebPage\",\"@id\":\"https:\/\/www.terme-topolsica.si\/it\/web-shop\/biglietti-per-la-piscina\/biglietto-familiare-tutto-il-giorno-lunedi-venerdi\/\",\"url\":\"https:\/\/www.terme-topolsica.si\/it\/web-shop\/biglietti-per-la-piscina\/biglietto-familiare-tutto-il-giorno-lunedi-venerdi\/\",\"name\":\"Biglietto famiglia giornaliero (luned\u00ec - venerd\u00ec) - Terme Topol\u0161ica\",\"isPartOf\":{\"@id\":\"https:\/\/www.terme-topolsica.si\/it\/#website\"},\"primaryImageOfPage\":{\"@id\":\"https:\/\/www.terme-topolsica.si\/it\/web-shop\/biglietti-per-la-piscina\/biglietto-familiare-tutto-il-giorno-lunedi-venerdi\/#primaryimage\"},\"image\":{\"@id\":\"https:\/\/www.terme-topolsica.si\/it\/web-shop\/biglietti-per-la-piscina\/biglietto-familiare-tutto-il-giorno-lunedi-venerdi\/#primaryimage\"},\"thumbnailUrl\":\"https:\/\/www.terme-topolsica.si\/wp-content\/uploads\/2022\/03\/Dnevna-karte-druzinska.jpg\",\"datePublished\":\"2022-04-06T11:27:12+00:00\",\"description\":\"Biglietto famiglia giornaliero (2+1). Il supplemento per il bambino in pi\u00f9 \u00e8 di 7 \u20ac. Valido dal luned\u00ec al venerd\u00ec.\",\"breadcrumb\":{\"@id\":\"https:\/\/www.terme-topolsica.si\/it\/web-shop\/biglietti-per-la-piscina\/biglietto-familiare-tutto-il-giorno-lunedi-venerdi\/#breadcrumb\"},\"inLanguage\":\"it-IT\",\"potentialAction\":[{\"@type\":\"ReadAction\",\"target\":[\"https:\/\/www.terme-topolsica.si\/it\/web-shop\/biglietti-per-la-piscina\/biglietto-familiare-tutto-il-giorno-lunedi-venerdi\/\"]}]},{\"@type\":\"ImageObject\",\"inLanguage\":\"it-IT\",\"@id\":\"https:\/\/www.terme-topolsica.si\/it\/web-shop\/biglietti-per-la-piscina\/biglietto-familiare-tutto-il-giorno-lunedi-venerdi\/#primaryimage\",\"url\":\"https:\/\/www.terme-topolsica.si\/wp-content\/uploads\/2022\/03\/Dnevna-karte-druzinska.jpg\",\"contentUrl\":\"https:\/\/www.terme-topolsica.si\/wp-content\/uploads\/2022\/03\/Dnevna-karte-druzinska.jpg\",\"width\":450,\"height\":450},{\"@type\":\"BreadcrumbList\",\"@id\":\"https:\/\/www.terme-topolsica.si\/it\/web-shop\/biglietti-per-la-piscina\/biglietto-familiare-tutto-il-giorno-lunedi-venerdi\/#breadcrumb\",\"itemListElement\":[{\"@type\":\"ListItem\",\"position\":1,\"name\":\"Domov\",\"item\":\"https:\/\/www.terme-topolsica.si\/it\/\"},{\"@type\":\"ListItem\",\"position\":2,\"name\":\"Web-shop\",\"item\":\"https:\/\/www.terme-topolsica.si\/it\/web-shop\/\"},{\"@type\":\"ListItem\",\"position\":3,\"name\":\"Biglietto famiglia giornaliero (luned\u00ec &#8211; venerd\u00ec)\"}]},{\"@type\":\"WebSite\",\"@id\":\"https:\/\/www.terme-topolsica.si\/it\/#website\",\"url\":\"https:\/\/www.terme-topolsica.si\/it\/\",\"name\":\"Terme Topol\u0161ica\",\"description\":\"Termalni oddih in edinstveno do\u017eivetje\",\"publisher\":{\"@id\":\"https:\/\/www.terme-topolsica.si\/it\/#organization\"},\"potentialAction\":[{\"@type\":\"SearchAction\",\"target\":{\"@type\":\"EntryPoint\",\"urlTemplate\":\"https:\/\/www.terme-topolsica.si\/it\/?s={search_term_string}\"},\"query-input\":{\"@type\":\"PropertyValueSpecification\",\"valueRequired\":true,\"valueName\":\"search_term_string\"}}],\"inLanguage\":\"it-IT\"},{\"@type\":\"Organization\",\"@id\":\"https:\/\/www.terme-topolsica.si\/it\/#organization\",\"name\":\"Terme Topol\u0161ica\",\"url\":\"https:\/\/www.terme-topolsica.si\/it\/\",\"logo\":{\"@type\":\"ImageObject\",\"inLanguage\":\"it-IT\",\"@id\":\"https:\/\/www.terme-topolsica.si\/it\/#\/schema\/logo\/image\/\",\"url\":\"https:\/\/www.terme-topolsica.si\/wp-content\/uploads\/2021\/06\/logo-terme-topolsica-1.png\",\"contentUrl\":\"https:\/\/www.terme-topolsica.si\/wp-content\/uploads\/2021\/06\/logo-terme-topolsica-1.png\",\"width\":340,\"height\":156,\"caption\":\"Terme Topol\u0161ica\"},\"image\":{\"@id\":\"https:\/\/www.terme-topolsica.si\/it\/#\/schema\/logo\/image\/\"},\"sameAs\":[\"https:\/\/www.facebook.com\/TermeTopolsica\",\"https:\/\/www.instagram.com\/termetopolsica\/\",\"https:\/\/www.linkedin.com\/company\/terme-topolsica\/\"]}]}<\/script>\n<!-- \/ Yoast SEO plugin. -->","yoast_head_json":{"title":"Biglietto famiglia giornaliero (luned\u00ec - venerd\u00ec) - Terme Topol\u0161ica","description":"Biglietto famiglia giornaliero (2+1). Il supplemento per il bambino in pi\u00f9 \u00e8 di 7 \u20ac. Valido dal luned\u00ec al venerd\u00ec.","robots":{"index":"index","follow":"follow","max-snippet":"max-snippet:-1","max-image-preview":"max-image-preview:large","max-video-preview":"max-video-preview:-1"},"canonical":"https:\/\/www.terme-topolsica.si\/it\/web-shop\/biglietti-per-la-piscina\/biglietto-familiare-tutto-il-giorno-lunedi-venerdi\/","og_locale":"it_IT","og_type":"article","og_title":"Biglietto famiglia giornaliero (luned\u00ec - venerd\u00ec) - Terme Topol\u0161ica","og_description":"Biglietto famiglia giornaliero (2+1). Il supplemento per il bambino in pi\u00f9 \u00e8 di 7 \u20ac. Valido dal luned\u00ec al venerd\u00ec.","og_url":"https:\/\/www.terme-topolsica.si\/it\/web-shop\/biglietti-per-la-piscina\/biglietto-familiare-tutto-il-giorno-lunedi-venerdi\/","og_site_name":"Terme Topol\u0161ica","article_publisher":"https:\/\/www.facebook.com\/TermeTopolsica","og_image":[{"width":450,"height":450,"url":"https:\/\/www.terme-topolsica.si\/wp-content\/uploads\/2022\/03\/Dnevna-karte-druzinska.jpg","type":"image\/jpeg"}],"twitter_card":"summary_large_image","schema":{"@context":"https:\/\/schema.org","@graph":[{"@type":"WebPage","@id":"https:\/\/www.terme-topolsica.si\/it\/web-shop\/biglietti-per-la-piscina\/biglietto-familiare-tutto-il-giorno-lunedi-venerdi\/","url":"https:\/\/www.terme-topolsica.si\/it\/web-shop\/biglietti-per-la-piscina\/biglietto-familiare-tutto-il-giorno-lunedi-venerdi\/","name":"Biglietto famiglia giornaliero (luned\u00ec - venerd\u00ec) - Terme Topol\u0161ica","isPartOf":{"@id":"https:\/\/www.terme-topolsica.si\/it\/#website"},"primaryImageOfPage":{"@id":"https:\/\/www.terme-topolsica.si\/it\/web-shop\/biglietti-per-la-piscina\/biglietto-familiare-tutto-il-giorno-lunedi-venerdi\/#primaryimage"},"image":{"@id":"https:\/\/www.terme-topolsica.si\/it\/web-shop\/biglietti-per-la-piscina\/biglietto-familiare-tutto-il-giorno-lunedi-venerdi\/#primaryimage"},"thumbnailUrl":"https:\/\/www.terme-topolsica.si\/wp-content\/uploads\/2022\/03\/Dnevna-karte-druzinska.jpg","datePublished":"2022-04-06T11:27:12+00:00","description":"Biglietto famiglia giornaliero (2+1). Il supplemento per il bambino in pi\u00f9 \u00e8 di 7 \u20ac. Valido dal luned\u00ec al venerd\u00ec.","breadcrumb":{"@id":"https:\/\/www.terme-topolsica.si\/it\/web-shop\/biglietti-per-la-piscina\/biglietto-familiare-tutto-il-giorno-lunedi-venerdi\/#breadcrumb"},"inLanguage":"it-IT","potentialAction":[{"@type":"ReadAction","target":["https:\/\/www.terme-topolsica.si\/it\/web-shop\/biglietti-per-la-piscina\/biglietto-familiare-tutto-il-giorno-lunedi-venerdi\/"]}]},{"@type":"ImageObject","inLanguage":"it-IT","@id":"https:\/\/www.terme-topolsica.si\/it\/web-shop\/biglietti-per-la-piscina\/biglietto-familiare-tutto-il-giorno-lunedi-venerdi\/#primaryimage","url":"https:\/\/www.terme-topolsica.si\/wp-content\/uploads\/2022\/03\/Dnevna-karte-druzinska.jpg","contentUrl":"https:\/\/www.terme-topolsica.si\/wp-content\/uploads\/2022\/03\/Dnevna-karte-druzinska.jpg","width":450,"height":450},{"@type":"BreadcrumbList","@id":"https:\/\/www.terme-topolsica.si\/it\/web-shop\/biglietti-per-la-piscina\/biglietto-familiare-tutto-il-giorno-lunedi-venerdi\/#breadcrumb","itemListElement":[{"@type":"ListItem","position":1,"name":"Domov","item":"https:\/\/www.terme-topolsica.si\/it\/"},{"@type":"ListItem","position":2,"name":"Web-shop","item":"https:\/\/www.terme-topolsica.si\/it\/web-shop\/"},{"@type":"ListItem","position":3,"name":"Biglietto famiglia giornaliero (luned\u00ec &#8211; venerd\u00ec)"}]},{"@type":"WebSite","@id":"https:\/\/www.terme-topolsica.si\/it\/#website","url":"https:\/\/www.terme-topolsica.si\/it\/","name":"Terme Topol\u0161ica","description":"Termalni oddih in edinstveno do\u017eivetje","publisher":{"@id":"https:\/\/www.terme-topolsica.si\/it\/#organization"},"potentialAction":[{"@type":"SearchAction","target":{"@type":"EntryPoint","urlTemplate":"https:\/\/www.terme-topolsica.si\/it\/?s={search_term_string}"},"query-input":{"@type":"PropertyValueSpecification","valueRequired":true,"valueName":"search_term_string"}}],"inLanguage":"it-IT"},{"@type":"Organization","@id":"https:\/\/www.terme-topolsica.si\/it\/#organization","name":"Terme Topol\u0161ica","url":"https:\/\/www.terme-topolsica.si\/it\/","logo":{"@type":"ImageObject","inLanguage":"it-IT","@id":"https:\/\/www.terme-topolsica.si\/it\/#\/schema\/logo\/image\/","url":"https:\/\/www.terme-topolsica.si\/wp-content\/uploads\/2021\/06\/logo-terme-topolsica-1.png","contentUrl":"https:\/\/www.terme-topolsica.si\/wp-content\/uploads\/2021\/06\/logo-terme-topolsica-1.png","width":340,"height":156,"caption":"Terme Topol\u0161ica"},"image":{"@id":"https:\/\/www.terme-topolsica.si\/it\/#\/schema\/logo\/image\/"},"sameAs":["https:\/\/www.facebook.com\/TermeTopolsica","https:\/\/www.instagram.com\/termetopolsica\/","https:\/\/www.linkedin.com\/company\/terme-topolsica\/"]}]}},"_links":{"self":[{"href":"https:\/\/www.terme-topolsica.si\/it\/wp-json\/wp\/v2\/product\/4771","targetHints":{"allow":["GET"]}}],"collection":[{"href":"https:\/\/www.terme-topolsica.si\/it\/wp-json\/wp\/v2\/product"}],"about":[{"href":"https:\/\/www.terme-topolsica.si\/it\/wp-json\/wp\/v2\/types\/product"}],"version-history":[{"count":0,"href":"https:\/\/www.terme-topolsica.si\/it\/wp-json\/wp\/v2\/product\/4771\/revisions"}],"wp:featuredmedia":[{"embeddable":true,"href":"https:\/\/www.terme-topolsica.si\/it\/wp-json\/wp\/v2\/media\/4053"}],"wp:attachment":[{"href":"https:\/\/www.terme-topolsica.si\/it\/wp-json\/wp\/v2\/media?parent=4771"}],"wp:term":[{"taxonomy":"product_brand","embeddable":true,"href":"https:\/\/www.terme-topolsica.si\/it\/wp-json\/wp\/v2\/product_brand?post=4771"},{"taxonomy":"product_cat","embeddable":true,"href":"https:\/\/www.terme-topolsica.si\/it\/wp-json\/wp\/v2\/product_cat?post=4771"},{"taxonomy":"product_tag","embeddable":true,"href":"https:\/\/www.terme-topolsica.si\/it\/wp-json\/wp\/v2\/product_tag?post=4771"}],"curies":[{"name":"wp","href":"https:\/\/api.w.org\/{rel}","templated":true}]}}