{"id":4741,"date":"2022-03-24T03:49:54","date_gmt":"2022-03-24T03:49:54","guid":{"rendered":"https:\/\/terme-topolsica.si\/spletna-trgovina\/senza-categoria\/massaggio-viso-collo-e-decollete-30-min\/"},"modified":"2022-04-06T09:09:51","modified_gmt":"2022-04-06T09:09:51","slug":"massaggio-viso-collo-e-decollete","status":"publish","type":"product","link":"https:\/\/www.terme-topolsica.si\/it\/web-shop\/massaggi\/massaggio-viso-collo-e-decollete\/","title":{"rendered":"Massaggio viso, collo e d\u00e9collet\u00e9 (30 min)"},"content":{"rendered":"<p>Massaggio basato sulle tecniche del massaggio classico, shiatsu, e drenaggio linfatico. Adatto per chiunque desideri un po\u2019 di coccole, in particolare per chi ha problemi di sinusite, raffreddore, mal di testa \u2026<br \/>\nDurata in minuti: 30 min.<\/p>\n","protected":false},"excerpt":{"rendered":"<p>Massaggio basato sulle tecniche del massaggio classico, shiatsu, e drenaggio linfatico. Adatto per chiunque desideri un po\u2019 di coccole, in particolare per chi ha problemi di sinusite, raffreddore, mal di testa \u2026<br \/>\nDurata in minuti: 30 min.<\/p>\n","protected":false},"featured_media":4021,"template":"","meta":[],"product_brand":[],"product_cat":[84],"product_tag":[],"class_list":{"0":"post-4741","1":"product","2":"type-product","3":"status-publish","4":"has-post-thumbnail","6":"product_cat-massaggi","8":"first","9":"instock","10":"purchasable","11":"product-type-simple"},"yoast_head":"<!-- This site is optimized with the Yoast SEO plugin v26.9 - https:\/\/yoast.com\/product\/yoast-seo-wordpress\/ -->\n<title>Massaggio viso, collo e d\u00e9collet\u00e9 (30 min) - Terme Topol\u0161ica<\/title>\n<meta name=\"description\" content=\"Massaggio basato sulle tecniche del massaggio classico, shiatsu, e drenaggio linfatico. Adatto per chiunque desideri un po\u2019 di coccole. Prenota ora.\" \/>\n<meta name=\"robots\" content=\"index, follow, max-snippet:-1, max-image-preview:large, max-video-preview:-1\" \/>\n<link rel=\"canonical\" href=\"https:\/\/www.terme-topolsica.si\/it\/web-shop\/massaggi\/massaggio-viso-collo-e-decollete\/\" \/>\n<meta property=\"og:locale\" content=\"it_IT\" \/>\n<meta property=\"og:type\" content=\"article\" \/>\n<meta property=\"og:title\" content=\"Massaggio viso, collo e d\u00e9collet\u00e9 (30 min) - Terme Topol\u0161ica\" \/>\n<meta property=\"og:description\" content=\"Massaggio basato sulle tecniche del massaggio classico, shiatsu, e drenaggio linfatico. Adatto per chiunque desideri un po\u2019 di coccole. Prenota ora.\" \/>\n<meta property=\"og:url\" content=\"https:\/\/www.terme-topolsica.si\/it\/web-shop\/massaggi\/massaggio-viso-collo-e-decollete\/\" \/>\n<meta property=\"og:site_name\" content=\"Terme Topol\u0161ica\" \/>\n<meta property=\"article:publisher\" content=\"https:\/\/www.facebook.com\/TermeTopolsica\" \/>\n<meta property=\"article:modified_time\" content=\"2022-04-06T09:09:51+00:00\" \/>\n<meta property=\"og:image\" content=\"https:\/\/www.terme-topolsica.si\/wp-content\/uploads\/2022\/03\/masaza-obraza-vratu-in-dekolteja.jpg\" \/>\n\t<meta property=\"og:image:width\" content=\"450\" \/>\n\t<meta property=\"og:image:height\" content=\"450\" \/>\n\t<meta property=\"og:image:type\" content=\"image\/jpeg\" \/>\n<meta name=\"twitter:card\" content=\"summary_large_image\" \/>\n<script type=\"application\/ld+json\" class=\"yoast-schema-graph\">{\"@context\":\"https:\/\/schema.org\",\"@graph\":[{\"@type\":\"WebPage\",\"@id\":\"https:\/\/www.terme-topolsica.si\/it\/web-shop\/massaggi\/massaggio-viso-collo-e-decollete\/\",\"url\":\"https:\/\/www.terme-topolsica.si\/it\/web-shop\/massaggi\/massaggio-viso-collo-e-decollete\/\",\"name\":\"Massaggio viso, collo e d\u00e9collet\u00e9 (30 min) - Terme Topol\u0161ica\",\"isPartOf\":{\"@id\":\"https:\/\/www.terme-topolsica.si\/it\/#website\"},\"primaryImageOfPage\":{\"@id\":\"https:\/\/www.terme-topolsica.si\/it\/web-shop\/massaggi\/massaggio-viso-collo-e-decollete\/#primaryimage\"},\"image\":{\"@id\":\"https:\/\/www.terme-topolsica.si\/it\/web-shop\/massaggi\/massaggio-viso-collo-e-decollete\/#primaryimage\"},\"thumbnailUrl\":\"https:\/\/www.terme-topolsica.si\/wp-content\/uploads\/2022\/03\/masaza-obraza-vratu-in-dekolteja.jpg\",\"datePublished\":\"2022-03-24T03:49:54+00:00\",\"dateModified\":\"2022-04-06T09:09:51+00:00\",\"description\":\"Massaggio basato sulle tecniche del massaggio classico, shiatsu, e drenaggio linfatico. Adatto per chiunque desideri un po\u2019 di coccole. Prenota ora.\",\"breadcrumb\":{\"@id\":\"https:\/\/www.terme-topolsica.si\/it\/web-shop\/massaggi\/massaggio-viso-collo-e-decollete\/#breadcrumb\"},\"inLanguage\":\"it-IT\",\"potentialAction\":[{\"@type\":\"ReadAction\",\"target\":[\"https:\/\/www.terme-topolsica.si\/it\/web-shop\/massaggi\/massaggio-viso-collo-e-decollete\/\"]}]},{\"@type\":\"ImageObject\",\"inLanguage\":\"it-IT\",\"@id\":\"https:\/\/www.terme-topolsica.si\/it\/web-shop\/massaggi\/massaggio-viso-collo-e-decollete\/#primaryimage\",\"url\":\"https:\/\/www.terme-topolsica.si\/wp-content\/uploads\/2022\/03\/masaza-obraza-vratu-in-dekolteja.jpg\",\"contentUrl\":\"https:\/\/www.terme-topolsica.si\/wp-content\/uploads\/2022\/03\/masaza-obraza-vratu-in-dekolteja.jpg\",\"width\":450,\"height\":450},{\"@type\":\"BreadcrumbList\",\"@id\":\"https:\/\/www.terme-topolsica.si\/it\/web-shop\/massaggi\/massaggio-viso-collo-e-decollete\/#breadcrumb\",\"itemListElement\":[{\"@type\":\"ListItem\",\"position\":1,\"name\":\"Domov\",\"item\":\"https:\/\/www.terme-topolsica.si\/it\/\"},{\"@type\":\"ListItem\",\"position\":2,\"name\":\"Web-shop\",\"item\":\"https:\/\/www.terme-topolsica.si\/it\/web-shop\/\"},{\"@type\":\"ListItem\",\"position\":3,\"name\":\"Massaggio viso, collo e d\u00e9collet\u00e9 (30 min)\"}]},{\"@type\":\"WebSite\",\"@id\":\"https:\/\/www.terme-topolsica.si\/it\/#website\",\"url\":\"https:\/\/www.terme-topolsica.si\/it\/\",\"name\":\"Terme Topol\u0161ica\",\"description\":\"Termalni oddih in edinstveno do\u017eivetje\",\"publisher\":{\"@id\":\"https:\/\/www.terme-topolsica.si\/it\/#organization\"},\"potentialAction\":[{\"@type\":\"SearchAction\",\"target\":{\"@type\":\"EntryPoint\",\"urlTemplate\":\"https:\/\/www.terme-topolsica.si\/it\/?s={search_term_string}\"},\"query-input\":{\"@type\":\"PropertyValueSpecification\",\"valueRequired\":true,\"valueName\":\"search_term_string\"}}],\"inLanguage\":\"it-IT\"},{\"@type\":\"Organization\",\"@id\":\"https:\/\/www.terme-topolsica.si\/it\/#organization\",\"name\":\"Terme Topol\u0161ica\",\"url\":\"https:\/\/www.terme-topolsica.si\/it\/\",\"logo\":{\"@type\":\"ImageObject\",\"inLanguage\":\"it-IT\",\"@id\":\"https:\/\/www.terme-topolsica.si\/it\/#\/schema\/logo\/image\/\",\"url\":\"https:\/\/www.terme-topolsica.si\/wp-content\/uploads\/2021\/06\/logo-terme-topolsica-1.png\",\"contentUrl\":\"https:\/\/www.terme-topolsica.si\/wp-content\/uploads\/2021\/06\/logo-terme-topolsica-1.png\",\"width\":340,\"height\":156,\"caption\":\"Terme Topol\u0161ica\"},\"image\":{\"@id\":\"https:\/\/www.terme-topolsica.si\/it\/#\/schema\/logo\/image\/\"},\"sameAs\":[\"https:\/\/www.facebook.com\/TermeTopolsica\",\"https:\/\/www.instagram.com\/termetopolsica\/\",\"https:\/\/www.linkedin.com\/company\/terme-topolsica\/\"]}]}<\/script>\n<!-- \/ Yoast SEO plugin. -->","yoast_head_json":{"title":"Massaggio viso, collo e d\u00e9collet\u00e9 (30 min) - Terme Topol\u0161ica","description":"Massaggio basato sulle tecniche del massaggio classico, shiatsu, e drenaggio linfatico. Adatto per chiunque desideri un po\u2019 di coccole. Prenota ora.","robots":{"index":"index","follow":"follow","max-snippet":"max-snippet:-1","max-image-preview":"max-image-preview:large","max-video-preview":"max-video-preview:-1"},"canonical":"https:\/\/www.terme-topolsica.si\/it\/web-shop\/massaggi\/massaggio-viso-collo-e-decollete\/","og_locale":"it_IT","og_type":"article","og_title":"Massaggio viso, collo e d\u00e9collet\u00e9 (30 min) - Terme Topol\u0161ica","og_description":"Massaggio basato sulle tecniche del massaggio classico, shiatsu, e drenaggio linfatico. Adatto per chiunque desideri un po\u2019 di coccole. Prenota ora.","og_url":"https:\/\/www.terme-topolsica.si\/it\/web-shop\/massaggi\/massaggio-viso-collo-e-decollete\/","og_site_name":"Terme Topol\u0161ica","article_publisher":"https:\/\/www.facebook.com\/TermeTopolsica","article_modified_time":"2022-04-06T09:09:51+00:00","og_image":[{"width":450,"height":450,"url":"https:\/\/www.terme-topolsica.si\/wp-content\/uploads\/2022\/03\/masaza-obraza-vratu-in-dekolteja.jpg","type":"image\/jpeg"}],"twitter_card":"summary_large_image","schema":{"@context":"https:\/\/schema.org","@graph":[{"@type":"WebPage","@id":"https:\/\/www.terme-topolsica.si\/it\/web-shop\/massaggi\/massaggio-viso-collo-e-decollete\/","url":"https:\/\/www.terme-topolsica.si\/it\/web-shop\/massaggi\/massaggio-viso-collo-e-decollete\/","name":"Massaggio viso, collo e d\u00e9collet\u00e9 (30 min) - Terme Topol\u0161ica","isPartOf":{"@id":"https:\/\/www.terme-topolsica.si\/it\/#website"},"primaryImageOfPage":{"@id":"https:\/\/www.terme-topolsica.si\/it\/web-shop\/massaggi\/massaggio-viso-collo-e-decollete\/#primaryimage"},"image":{"@id":"https:\/\/www.terme-topolsica.si\/it\/web-shop\/massaggi\/massaggio-viso-collo-e-decollete\/#primaryimage"},"thumbnailUrl":"https:\/\/www.terme-topolsica.si\/wp-content\/uploads\/2022\/03\/masaza-obraza-vratu-in-dekolteja.jpg","datePublished":"2022-03-24T03:49:54+00:00","dateModified":"2022-04-06T09:09:51+00:00","description":"Massaggio basato sulle tecniche del massaggio classico, shiatsu, e drenaggio linfatico. Adatto per chiunque desideri un po\u2019 di coccole. Prenota ora.","breadcrumb":{"@id":"https:\/\/www.terme-topolsica.si\/it\/web-shop\/massaggi\/massaggio-viso-collo-e-decollete\/#breadcrumb"},"inLanguage":"it-IT","potentialAction":[{"@type":"ReadAction","target":["https:\/\/www.terme-topolsica.si\/it\/web-shop\/massaggi\/massaggio-viso-collo-e-decollete\/"]}]},{"@type":"ImageObject","inLanguage":"it-IT","@id":"https:\/\/www.terme-topolsica.si\/it\/web-shop\/massaggi\/massaggio-viso-collo-e-decollete\/#primaryimage","url":"https:\/\/www.terme-topolsica.si\/wp-content\/uploads\/2022\/03\/masaza-obraza-vratu-in-dekolteja.jpg","contentUrl":"https:\/\/www.terme-topolsica.si\/wp-content\/uploads\/2022\/03\/masaza-obraza-vratu-in-dekolteja.jpg","width":450,"height":450},{"@type":"BreadcrumbList","@id":"https:\/\/www.terme-topolsica.si\/it\/web-shop\/massaggi\/massaggio-viso-collo-e-decollete\/#breadcrumb","itemListElement":[{"@type":"ListItem","position":1,"name":"Domov","item":"https:\/\/www.terme-topolsica.si\/it\/"},{"@type":"ListItem","position":2,"name":"Web-shop","item":"https:\/\/www.terme-topolsica.si\/it\/web-shop\/"},{"@type":"ListItem","position":3,"name":"Massaggio viso, collo e d\u00e9collet\u00e9 (30 min)"}]},{"@type":"WebSite","@id":"https:\/\/www.terme-topolsica.si\/it\/#website","url":"https:\/\/www.terme-topolsica.si\/it\/","name":"Terme Topol\u0161ica","description":"Termalni oddih in edinstveno do\u017eivetje","publisher":{"@id":"https:\/\/www.terme-topolsica.si\/it\/#organization"},"potentialAction":[{"@type":"SearchAction","target":{"@type":"EntryPoint","urlTemplate":"https:\/\/www.terme-topolsica.si\/it\/?s={search_term_string}"},"query-input":{"@type":"PropertyValueSpecification","valueRequired":true,"valueName":"search_term_string"}}],"inLanguage":"it-IT"},{"@type":"Organization","@id":"https:\/\/www.terme-topolsica.si\/it\/#organization","name":"Terme Topol\u0161ica","url":"https:\/\/www.terme-topolsica.si\/it\/","logo":{"@type":"ImageObject","inLanguage":"it-IT","@id":"https:\/\/www.terme-topolsica.si\/it\/#\/schema\/logo\/image\/","url":"https:\/\/www.terme-topolsica.si\/wp-content\/uploads\/2021\/06\/logo-terme-topolsica-1.png","contentUrl":"https:\/\/www.terme-topolsica.si\/wp-content\/uploads\/2021\/06\/logo-terme-topolsica-1.png","width":340,"height":156,"caption":"Terme Topol\u0161ica"},"image":{"@id":"https:\/\/www.terme-topolsica.si\/it\/#\/schema\/logo\/image\/"},"sameAs":["https:\/\/www.facebook.com\/TermeTopolsica","https:\/\/www.instagram.com\/termetopolsica\/","https:\/\/www.linkedin.com\/company\/terme-topolsica\/"]}]}},"_links":{"self":[{"href":"https:\/\/www.terme-topolsica.si\/it\/wp-json\/wp\/v2\/product\/4741","targetHints":{"allow":["GET"]}}],"collection":[{"href":"https:\/\/www.terme-topolsica.si\/it\/wp-json\/wp\/v2\/product"}],"about":[{"href":"https:\/\/www.terme-topolsica.si\/it\/wp-json\/wp\/v2\/types\/product"}],"version-history":[{"count":0,"href":"https:\/\/www.terme-topolsica.si\/it\/wp-json\/wp\/v2\/product\/4741\/revisions"}],"wp:featuredmedia":[{"embeddable":true,"href":"https:\/\/www.terme-topolsica.si\/it\/wp-json\/wp\/v2\/media\/4021"}],"wp:attachment":[{"href":"https:\/\/www.terme-topolsica.si\/it\/wp-json\/wp\/v2\/media?parent=4741"}],"wp:term":[{"taxonomy":"product_brand","embeddable":true,"href":"https:\/\/www.terme-topolsica.si\/it\/wp-json\/wp\/v2\/product_brand?post=4741"},{"taxonomy":"product_cat","embeddable":true,"href":"https:\/\/www.terme-topolsica.si\/it\/wp-json\/wp\/v2\/product_cat?post=4741"},{"taxonomy":"product_tag","embeddable":true,"href":"https:\/\/www.terme-topolsica.si\/it\/wp-json\/wp\/v2\/product_tag?post=4741"}],"curies":[{"name":"wp","href":"https:\/\/api.w.org\/{rel}","templated":true}]}}