{"id":24091,"date":"2025-12-12T09:30:11","date_gmt":"2025-12-12T07:30:11","guid":{"rendered":"https:\/\/www.terme-topolsica.si\/?post_type=product&#038;p=24091"},"modified":"2026-03-03T09:36:09","modified_gmt":"2026-03-03T07:36:09","slug":"soggiorno-alle-terme-topolsica","status":"publish","type":"product","link":"https:\/\/www.terme-topolsica.si\/it\/web-shop\/carta-da-regalo\/soggiorno-alle-terme-topolsica\/","title":{"rendered":"Soggiorno alle Terme Topol\u0161ica"},"content":{"rendered":"<p>Il pacchetto include:<\/p>\n<ul class=\"ql-rendered-list-container\" data-is-root=\"true\">\n<li class=\"ql-rendered-bullet-list\" data-block-id=\"block-e29e7e26-dca2-4ba7-97b2-b5174e524b31\">2 notti in una confortevole camera Comfort con balcone per <strong>2 persone<\/strong> \u2013 per momenti piacevoli, aria fresca e vista sul verde circostante.<\/li>\n<li class=\"ql-rendered-bullet-list\" data-block-id=\"block-e9c0fa56-c466-4281-9585-c1c396b1bd16\"><strong>Mezza pensione <\/strong>\u2013 una ricca colazione e una deliziosa cena per iniziare e concludere la giornata nel migliore dei modi.<\/li>\n<li class=\"ql-rendered-bullet-list\" data-block-id=\"block-e0e52b55-8ee8-4036-b099-81a9cb50f37f\"><strong>Accesso illimitato a piscine e saune <\/strong>\u2013 relax nell\u2019acqua termale e calore delle saune che scioglie le tensioni e dona nuova energia.<\/li>\n<\/ul>\n","protected":false},"excerpt":{"rendered":"<p>Regalate un momento di pace circondato dalla natura e dall\u2019acqua termale benefica. Il buono regalo Soggiorno alle Terme Topol\u0161ica \u00e8 ideale per chi cerca relax, tranquillit\u00e0 e una pausa rigenerante. <\/p>\n","protected":false},"featured_media":10052,"template":"","meta":[],"product_brand":[],"product_cat":[174,81],"product_tag":[],"class_list":{"0":"post-24091","1":"product","2":"type-product","3":"status-publish","4":"has-post-thumbnail","6":"product_cat-alloggio-2","7":"product_cat-carta-da-regalo","9":"first","10":"instock","11":"purchasable","12":"product-type-simple"},"yoast_head":"<!-- This site is optimized with the Yoast SEO plugin v26.9 - https:\/\/yoast.com\/product\/yoast-seo-wordpress\/ -->\n<title>Soggiorno alle Terme Topol\u0161ica - Terme Topol\u0161ica<\/title>\n<meta name=\"description\" content=\"Soggiorno alle Terme Topol\u0161ica \u2013 buono regalo per 2 notti in una camera Comfort con balcone per 2 persone, mezza pensione e relax nelle piscine termali e nelle saune.\" \/>\n<meta name=\"robots\" content=\"index, follow, max-snippet:-1, max-image-preview:large, max-video-preview:-1\" \/>\n<link rel=\"canonical\" href=\"https:\/\/www.terme-topolsica.si\/it\/web-shop\/carta-da-regalo\/soggiorno-alle-terme-topolsica\/\" \/>\n<meta property=\"og:locale\" content=\"it_IT\" \/>\n<meta property=\"og:type\" content=\"article\" \/>\n<meta property=\"og:title\" content=\"Soggiorno alle Terme Topol\u0161ica - Terme Topol\u0161ica\" \/>\n<meta property=\"og:description\" content=\"Soggiorno alle Terme Topol\u0161ica \u2013 buono regalo per 2 notti in una camera Comfort con balcone per 2 persone, mezza pensione e relax nelle piscine termali e nelle saune.\" \/>\n<meta property=\"og:url\" content=\"https:\/\/www.terme-topolsica.si\/it\/web-shop\/carta-da-regalo\/soggiorno-alle-terme-topolsica\/\" \/>\n<meta property=\"og:site_name\" content=\"Terme Topol\u0161ica\" \/>\n<meta property=\"article:publisher\" content=\"https:\/\/www.facebook.com\/TermeTopolsica\" \/>\n<meta property=\"article:modified_time\" content=\"2026-03-03T07:36:09+00:00\" \/>\n<meta property=\"og:image\" content=\"https:\/\/www.terme-topolsica.si\/wp-content\/uploads\/2024\/04\/paket-terme-topolsica-biva7-placaj6.webp\" \/>\n<meta name=\"twitter:card\" content=\"summary_large_image\" \/>\n<meta name=\"twitter:label1\" content=\"Tempo di lettura stimato\" \/>\n\t<meta name=\"twitter:data1\" content=\"1 minuto\" \/>\n<script type=\"application\/ld+json\" class=\"yoast-schema-graph\">{\"@context\":\"https:\/\/schema.org\",\"@graph\":[{\"@type\":\"WebPage\",\"@id\":\"https:\/\/www.terme-topolsica.si\/it\/web-shop\/carta-da-regalo\/soggiorno-alle-terme-topolsica\/\",\"url\":\"https:\/\/www.terme-topolsica.si\/it\/web-shop\/carta-da-regalo\/soggiorno-alle-terme-topolsica\/\",\"name\":\"Soggiorno alle Terme Topol\u0161ica - Terme Topol\u0161ica\",\"isPartOf\":{\"@id\":\"https:\/\/www.terme-topolsica.si\/it\/#website\"},\"primaryImageOfPage\":{\"@id\":\"https:\/\/www.terme-topolsica.si\/it\/web-shop\/carta-da-regalo\/soggiorno-alle-terme-topolsica\/#primaryimage\"},\"image\":{\"@id\":\"https:\/\/www.terme-topolsica.si\/it\/web-shop\/carta-da-regalo\/soggiorno-alle-terme-topolsica\/#primaryimage\"},\"thumbnailUrl\":\"https:\/\/www.terme-topolsica.si\/wp-content\/uploads\/2023\/01\/bazeni-terme-topolsica.webp\",\"datePublished\":\"2025-12-12T07:30:11+00:00\",\"dateModified\":\"2026-03-03T07:36:09+00:00\",\"description\":\"Soggiorno alle Terme Topol\u0161ica \u2013 buono regalo per 2 notti in una camera Comfort con balcone per 2 persone, mezza pensione e relax nelle piscine termali e nelle saune.\",\"breadcrumb\":{\"@id\":\"https:\/\/www.terme-topolsica.si\/it\/web-shop\/carta-da-regalo\/soggiorno-alle-terme-topolsica\/#breadcrumb\"},\"inLanguage\":\"it-IT\",\"potentialAction\":[{\"@type\":\"ReadAction\",\"target\":[\"https:\/\/www.terme-topolsica.si\/it\/web-shop\/carta-da-regalo\/soggiorno-alle-terme-topolsica\/\"]}]},{\"@type\":\"ImageObject\",\"inLanguage\":\"it-IT\",\"@id\":\"https:\/\/www.terme-topolsica.si\/it\/web-shop\/carta-da-regalo\/soggiorno-alle-terme-topolsica\/#primaryimage\",\"url\":\"https:\/\/www.terme-topolsica.si\/wp-content\/uploads\/2023\/01\/bazeni-terme-topolsica.webp\",\"contentUrl\":\"https:\/\/www.terme-topolsica.si\/wp-content\/uploads\/2023\/01\/bazeni-terme-topolsica.webp\",\"width\":900,\"height\":600,\"caption\":\"Bazeni Terme Topol\u0161ica\"},{\"@type\":\"BreadcrumbList\",\"@id\":\"https:\/\/www.terme-topolsica.si\/it\/web-shop\/carta-da-regalo\/soggiorno-alle-terme-topolsica\/#breadcrumb\",\"itemListElement\":[{\"@type\":\"ListItem\",\"position\":1,\"name\":\"Domov\",\"item\":\"https:\/\/www.terme-topolsica.si\/it\/\"},{\"@type\":\"ListItem\",\"position\":2,\"name\":\"Web-shop\",\"item\":\"https:\/\/www.terme-topolsica.si\/it\/web-shop\/\"},{\"@type\":\"ListItem\",\"position\":3,\"name\":\"Soggiorno alle Terme Topol\u0161ica\"}]},{\"@type\":\"WebSite\",\"@id\":\"https:\/\/www.terme-topolsica.si\/it\/#website\",\"url\":\"https:\/\/www.terme-topolsica.si\/it\/\",\"name\":\"Terme Topol\u0161ica\",\"description\":\"Termalni oddih in edinstveno do\u017eivetje\",\"publisher\":{\"@id\":\"https:\/\/www.terme-topolsica.si\/it\/#organization\"},\"potentialAction\":[{\"@type\":\"SearchAction\",\"target\":{\"@type\":\"EntryPoint\",\"urlTemplate\":\"https:\/\/www.terme-topolsica.si\/it\/?s={search_term_string}\"},\"query-input\":{\"@type\":\"PropertyValueSpecification\",\"valueRequired\":true,\"valueName\":\"search_term_string\"}}],\"inLanguage\":\"it-IT\"},{\"@type\":\"Organization\",\"@id\":\"https:\/\/www.terme-topolsica.si\/it\/#organization\",\"name\":\"Terme Topol\u0161ica\",\"url\":\"https:\/\/www.terme-topolsica.si\/it\/\",\"logo\":{\"@type\":\"ImageObject\",\"inLanguage\":\"it-IT\",\"@id\":\"https:\/\/www.terme-topolsica.si\/it\/#\/schema\/logo\/image\/\",\"url\":\"https:\/\/www.terme-topolsica.si\/wp-content\/uploads\/2021\/06\/logo-terme-topolsica-1.png\",\"contentUrl\":\"https:\/\/www.terme-topolsica.si\/wp-content\/uploads\/2021\/06\/logo-terme-topolsica-1.png\",\"width\":340,\"height\":156,\"caption\":\"Terme Topol\u0161ica\"},\"image\":{\"@id\":\"https:\/\/www.terme-topolsica.si\/it\/#\/schema\/logo\/image\/\"},\"sameAs\":[\"https:\/\/www.facebook.com\/TermeTopolsica\",\"https:\/\/www.instagram.com\/termetopolsica\/\",\"https:\/\/www.linkedin.com\/company\/terme-topolsica\/\"]}]}<\/script>\n<!-- \/ Yoast SEO plugin. -->","yoast_head_json":{"title":"Soggiorno alle Terme Topol\u0161ica - Terme Topol\u0161ica","description":"Soggiorno alle Terme Topol\u0161ica \u2013 buono regalo per 2 notti in una camera Comfort con balcone per 2 persone, mezza pensione e relax nelle piscine termali e nelle saune.","robots":{"index":"index","follow":"follow","max-snippet":"max-snippet:-1","max-image-preview":"max-image-preview:large","max-video-preview":"max-video-preview:-1"},"canonical":"https:\/\/www.terme-topolsica.si\/it\/web-shop\/carta-da-regalo\/soggiorno-alle-terme-topolsica\/","og_locale":"it_IT","og_type":"article","og_title":"Soggiorno alle Terme Topol\u0161ica - Terme Topol\u0161ica","og_description":"Soggiorno alle Terme Topol\u0161ica \u2013 buono regalo per 2 notti in una camera Comfort con balcone per 2 persone, mezza pensione e relax nelle piscine termali e nelle saune.","og_url":"https:\/\/www.terme-topolsica.si\/it\/web-shop\/carta-da-regalo\/soggiorno-alle-terme-topolsica\/","og_site_name":"Terme Topol\u0161ica","article_publisher":"https:\/\/www.facebook.com\/TermeTopolsica","article_modified_time":"2026-03-03T07:36:09+00:00","og_image":[{"url":"https:\/\/www.terme-topolsica.si\/wp-content\/uploads\/2024\/04\/paket-terme-topolsica-biva7-placaj6.webp","type":"","width":"","height":""}],"twitter_card":"summary_large_image","twitter_misc":{"Tempo di lettura stimato":"1 minuto"},"schema":{"@context":"https:\/\/schema.org","@graph":[{"@type":"WebPage","@id":"https:\/\/www.terme-topolsica.si\/it\/web-shop\/carta-da-regalo\/soggiorno-alle-terme-topolsica\/","url":"https:\/\/www.terme-topolsica.si\/it\/web-shop\/carta-da-regalo\/soggiorno-alle-terme-topolsica\/","name":"Soggiorno alle Terme Topol\u0161ica - Terme Topol\u0161ica","isPartOf":{"@id":"https:\/\/www.terme-topolsica.si\/it\/#website"},"primaryImageOfPage":{"@id":"https:\/\/www.terme-topolsica.si\/it\/web-shop\/carta-da-regalo\/soggiorno-alle-terme-topolsica\/#primaryimage"},"image":{"@id":"https:\/\/www.terme-topolsica.si\/it\/web-shop\/carta-da-regalo\/soggiorno-alle-terme-topolsica\/#primaryimage"},"thumbnailUrl":"https:\/\/www.terme-topolsica.si\/wp-content\/uploads\/2023\/01\/bazeni-terme-topolsica.webp","datePublished":"2025-12-12T07:30:11+00:00","dateModified":"2026-03-03T07:36:09+00:00","description":"Soggiorno alle Terme Topol\u0161ica \u2013 buono regalo per 2 notti in una camera Comfort con balcone per 2 persone, mezza pensione e relax nelle piscine termali e nelle saune.","breadcrumb":{"@id":"https:\/\/www.terme-topolsica.si\/it\/web-shop\/carta-da-regalo\/soggiorno-alle-terme-topolsica\/#breadcrumb"},"inLanguage":"it-IT","potentialAction":[{"@type":"ReadAction","target":["https:\/\/www.terme-topolsica.si\/it\/web-shop\/carta-da-regalo\/soggiorno-alle-terme-topolsica\/"]}]},{"@type":"ImageObject","inLanguage":"it-IT","@id":"https:\/\/www.terme-topolsica.si\/it\/web-shop\/carta-da-regalo\/soggiorno-alle-terme-topolsica\/#primaryimage","url":"https:\/\/www.terme-topolsica.si\/wp-content\/uploads\/2023\/01\/bazeni-terme-topolsica.webp","contentUrl":"https:\/\/www.terme-topolsica.si\/wp-content\/uploads\/2023\/01\/bazeni-terme-topolsica.webp","width":900,"height":600,"caption":"Bazeni Terme Topol\u0161ica"},{"@type":"BreadcrumbList","@id":"https:\/\/www.terme-topolsica.si\/it\/web-shop\/carta-da-regalo\/soggiorno-alle-terme-topolsica\/#breadcrumb","itemListElement":[{"@type":"ListItem","position":1,"name":"Domov","item":"https:\/\/www.terme-topolsica.si\/it\/"},{"@type":"ListItem","position":2,"name":"Web-shop","item":"https:\/\/www.terme-topolsica.si\/it\/web-shop\/"},{"@type":"ListItem","position":3,"name":"Soggiorno alle Terme Topol\u0161ica"}]},{"@type":"WebSite","@id":"https:\/\/www.terme-topolsica.si\/it\/#website","url":"https:\/\/www.terme-topolsica.si\/it\/","name":"Terme Topol\u0161ica","description":"Termalni oddih in edinstveno do\u017eivetje","publisher":{"@id":"https:\/\/www.terme-topolsica.si\/it\/#organization"},"potentialAction":[{"@type":"SearchAction","target":{"@type":"EntryPoint","urlTemplate":"https:\/\/www.terme-topolsica.si\/it\/?s={search_term_string}"},"query-input":{"@type":"PropertyValueSpecification","valueRequired":true,"valueName":"search_term_string"}}],"inLanguage":"it-IT"},{"@type":"Organization","@id":"https:\/\/www.terme-topolsica.si\/it\/#organization","name":"Terme Topol\u0161ica","url":"https:\/\/www.terme-topolsica.si\/it\/","logo":{"@type":"ImageObject","inLanguage":"it-IT","@id":"https:\/\/www.terme-topolsica.si\/it\/#\/schema\/logo\/image\/","url":"https:\/\/www.terme-topolsica.si\/wp-content\/uploads\/2021\/06\/logo-terme-topolsica-1.png","contentUrl":"https:\/\/www.terme-topolsica.si\/wp-content\/uploads\/2021\/06\/logo-terme-topolsica-1.png","width":340,"height":156,"caption":"Terme Topol\u0161ica"},"image":{"@id":"https:\/\/www.terme-topolsica.si\/it\/#\/schema\/logo\/image\/"},"sameAs":["https:\/\/www.facebook.com\/TermeTopolsica","https:\/\/www.instagram.com\/termetopolsica\/","https:\/\/www.linkedin.com\/company\/terme-topolsica\/"]}]}},"_links":{"self":[{"href":"https:\/\/www.terme-topolsica.si\/it\/wp-json\/wp\/v2\/product\/24091","targetHints":{"allow":["GET"]}}],"collection":[{"href":"https:\/\/www.terme-topolsica.si\/it\/wp-json\/wp\/v2\/product"}],"about":[{"href":"https:\/\/www.terme-topolsica.si\/it\/wp-json\/wp\/v2\/types\/product"}],"version-history":[{"count":2,"href":"https:\/\/www.terme-topolsica.si\/it\/wp-json\/wp\/v2\/product\/24091\/revisions"}],"predecessor-version":[{"id":25407,"href":"https:\/\/www.terme-topolsica.si\/it\/wp-json\/wp\/v2\/product\/24091\/revisions\/25407"}],"wp:featuredmedia":[{"embeddable":true,"href":"https:\/\/www.terme-topolsica.si\/it\/wp-json\/wp\/v2\/media\/10052"}],"wp:attachment":[{"href":"https:\/\/www.terme-topolsica.si\/it\/wp-json\/wp\/v2\/media?parent=24091"}],"wp:term":[{"taxonomy":"product_brand","embeddable":true,"href":"https:\/\/www.terme-topolsica.si\/it\/wp-json\/wp\/v2\/product_brand?post=24091"},{"taxonomy":"product_cat","embeddable":true,"href":"https:\/\/www.terme-topolsica.si\/it\/wp-json\/wp\/v2\/product_cat?post=24091"},{"taxonomy":"product_tag","embeddable":true,"href":"https:\/\/www.terme-topolsica.si\/it\/wp-json\/wp\/v2\/product_tag?post=24091"}],"curies":[{"name":"wp","href":"https:\/\/api.w.org\/{rel}","templated":true}]}}