{"id":24084,"date":"2025-12-12T09:25:12","date_gmt":"2025-12-12T07:25:12","guid":{"rendered":"https:\/\/www.terme-topolsica.si\/?post_type=product&#038;p=24084"},"modified":"2025-12-12T14:32:28","modified_gmt":"2025-12-12T12:32:28","slug":"coccole-per-due","status":"publish","type":"product","link":"https:\/\/www.terme-topolsica.si\/it\/web-shop\/carta-da-regalo\/coccole-per-due\/","title":{"rendered":"Coccole per Due"},"content":{"rendered":"<p>Il pacchetto include:<\/p>\n<ul class=\"ql-rendered-list-container\" data-is-root=\"true\">\n<li class=\"ql-rendered-bullet-list\" data-block-id=\"block-307e1ec1-4086-4fbb-ab36-3c3acbd1f78d\"><strong>2 notti <\/strong>in una confortevole camera <em>Superior<\/em> \u2013 uno spazio accogliente per rilassarvi e dimenticare le preoccupazioni quotidiane.<\/li>\n<li class=\"ql-rendered-bullet-list\" data-block-id=\"block-1a095a07-18c1-4036-bb59-3f3220f75c8f\"><strong> Mezza pensione <\/strong>\u2013 piatti gustosi e preparati con cura, serviti in un ambiente piacevole.<\/li>\n<li class=\"ql-rendered-bullet-list\" data-block-id=\"block-422d6e67-6cf6-47fd-8a2f-22b1f6db3750\"><strong>Accesso a piscine e saune<\/strong> \u2013 l\u2019acqua termale e il calore delle saune garantiscono un completo rilassamento del corpo e della mente.<\/li>\n<li class=\"ql-rendered-bullet-list\" data-block-id=\"block-5c55d16d-60a0-4ad6-acff-90a6d6f75b0a\"><strong>2 massaggi parziali<\/strong> \u2013 il tocco delicato di professionisti per rigenerazione e tranquillit\u00e0.<\/li>\n<li class=\"ql-rendered-bullet-list\" data-block-id=\"block-eaa17b5e-a9cd-44a5-865c-608cd16f5010\"><strong>Una bottiglia di spumante <\/strong>\u2013 brindate a momenti speciali e create nuovi ricordi.<\/li>\n<\/ul>\n","protected":false},"excerpt":{"rendered":"<p>Regalate un\u2019esperienza indimenticabile fatta di relax, comfort e momenti preziosi insieme. Il pacchetto Coccole per Due alle Terme Topol\u0161ica \u00e8 la scelta perfetta per anniversari, compleanni, festivit\u00e0 o per sorprendere qualcuno di speciale.<\/p>\n","protected":false},"featured_media":2337,"template":"","meta":[],"product_brand":[],"product_cat":[174,81],"product_tag":[],"class_list":{"0":"post-24084","1":"product","2":"type-product","3":"status-publish","4":"has-post-thumbnail","6":"product_cat-alloggio-2","7":"product_cat-carta-da-regalo","9":"first","10":"instock","11":"purchasable","12":"product-type-simple"},"yoast_head":"<!-- This site is optimized with the Yoast SEO plugin v26.9 - https:\/\/yoast.com\/product\/yoast-seo-wordpress\/ -->\n<title>Coccole per Due - Terme Topol\u0161ica<\/title>\n<meta name=\"description\" content=\"Regala l&#039;esperienza perfetta: un buono regalo include servizi accuratamente selezionati, pensati per coccolarti e regalarti momenti indimenticabili.\" \/>\n<meta name=\"robots\" content=\"index, follow, max-snippet:-1, max-image-preview:large, max-video-preview:-1\" \/>\n<link rel=\"canonical\" href=\"https:\/\/www.terme-topolsica.si\/it\/web-shop\/carta-da-regalo\/coccole-per-due\/\" \/>\n<meta property=\"og:locale\" content=\"it_IT\" \/>\n<meta property=\"og:type\" content=\"article\" \/>\n<meta property=\"og:title\" content=\"Coccole per Due - Terme Topol\u0161ica\" \/>\n<meta property=\"og:description\" content=\"Regala l&#039;esperienza perfetta: un buono regalo include servizi accuratamente selezionati, pensati per coccolarti e regalarti momenti indimenticabili.\" \/>\n<meta property=\"og:url\" content=\"https:\/\/www.terme-topolsica.si\/it\/web-shop\/carta-da-regalo\/coccole-per-due\/\" \/>\n<meta property=\"og:site_name\" content=\"Terme Topol\u0161ica\" \/>\n<meta property=\"article:publisher\" content=\"https:\/\/www.facebook.com\/TermeTopolsica\" \/>\n<meta property=\"article:modified_time\" content=\"2025-12-12T12:32:28+00:00\" \/>\n<meta property=\"og:image\" content=\"https:\/\/www.terme-topolsica.si\/wp-content\/uploads\/2023\/01\/wellness-razvajanje-300x200.webp\" \/>\n<meta name=\"twitter:card\" content=\"summary_large_image\" \/>\n<meta name=\"twitter:label1\" content=\"Tempo di lettura stimato\" \/>\n\t<meta name=\"twitter:data1\" content=\"1 minuto\" \/>\n<script type=\"application\/ld+json\" class=\"yoast-schema-graph\">{\"@context\":\"https:\/\/schema.org\",\"@graph\":[{\"@type\":\"WebPage\",\"@id\":\"https:\/\/www.terme-topolsica.si\/it\/web-shop\/carta-da-regalo\/coccole-per-due\/\",\"url\":\"https:\/\/www.terme-topolsica.si\/it\/web-shop\/carta-da-regalo\/coccole-per-due\/\",\"name\":\"Coccole per Due - Terme Topol\u0161ica\",\"isPartOf\":{\"@id\":\"https:\/\/www.terme-topolsica.si\/it\/#website\"},\"primaryImageOfPage\":{\"@id\":\"https:\/\/www.terme-topolsica.si\/it\/web-shop\/carta-da-regalo\/coccole-per-due\/#primaryimage\"},\"image\":{\"@id\":\"https:\/\/www.terme-topolsica.si\/it\/web-shop\/carta-da-regalo\/coccole-per-due\/#primaryimage\"},\"thumbnailUrl\":\"https:\/\/www.terme-topolsica.si\/wp-content\/uploads\/2021\/10\/300-wellness-20101.jpg\",\"datePublished\":\"2025-12-12T07:25:12+00:00\",\"dateModified\":\"2025-12-12T12:32:28+00:00\",\"description\":\"Regala l'esperienza perfetta: un buono regalo include servizi accuratamente selezionati, pensati per coccolarti e regalarti momenti indimenticabili.\",\"breadcrumb\":{\"@id\":\"https:\/\/www.terme-topolsica.si\/it\/web-shop\/carta-da-regalo\/coccole-per-due\/#breadcrumb\"},\"inLanguage\":\"it-IT\",\"potentialAction\":[{\"@type\":\"ReadAction\",\"target\":[\"https:\/\/www.terme-topolsica.si\/it\/web-shop\/carta-da-regalo\/coccole-per-due\/\"]}]},{\"@type\":\"ImageObject\",\"inLanguage\":\"it-IT\",\"@id\":\"https:\/\/www.terme-topolsica.si\/it\/web-shop\/carta-da-regalo\/coccole-per-due\/#primaryimage\",\"url\":\"https:\/\/www.terme-topolsica.si\/wp-content\/uploads\/2021\/10\/300-wellness-20101.jpg\",\"contentUrl\":\"https:\/\/www.terme-topolsica.si\/wp-content\/uploads\/2021\/10\/300-wellness-20101.jpg\",\"width\":1276,\"height\":850},{\"@type\":\"BreadcrumbList\",\"@id\":\"https:\/\/www.terme-topolsica.si\/it\/web-shop\/carta-da-regalo\/coccole-per-due\/#breadcrumb\",\"itemListElement\":[{\"@type\":\"ListItem\",\"position\":1,\"name\":\"Domov\",\"item\":\"https:\/\/www.terme-topolsica.si\/it\/\"},{\"@type\":\"ListItem\",\"position\":2,\"name\":\"Web-shop\",\"item\":\"https:\/\/www.terme-topolsica.si\/it\/web-shop\/\"},{\"@type\":\"ListItem\",\"position\":3,\"name\":\"Coccole per Due\"}]},{\"@type\":\"WebSite\",\"@id\":\"https:\/\/www.terme-topolsica.si\/it\/#website\",\"url\":\"https:\/\/www.terme-topolsica.si\/it\/\",\"name\":\"Terme Topol\u0161ica\",\"description\":\"Termalni oddih in edinstveno do\u017eivetje\",\"publisher\":{\"@id\":\"https:\/\/www.terme-topolsica.si\/it\/#organization\"},\"potentialAction\":[{\"@type\":\"SearchAction\",\"target\":{\"@type\":\"EntryPoint\",\"urlTemplate\":\"https:\/\/www.terme-topolsica.si\/it\/?s={search_term_string}\"},\"query-input\":{\"@type\":\"PropertyValueSpecification\",\"valueRequired\":true,\"valueName\":\"search_term_string\"}}],\"inLanguage\":\"it-IT\"},{\"@type\":\"Organization\",\"@id\":\"https:\/\/www.terme-topolsica.si\/it\/#organization\",\"name\":\"Terme Topol\u0161ica\",\"url\":\"https:\/\/www.terme-topolsica.si\/it\/\",\"logo\":{\"@type\":\"ImageObject\",\"inLanguage\":\"it-IT\",\"@id\":\"https:\/\/www.terme-topolsica.si\/it\/#\/schema\/logo\/image\/\",\"url\":\"https:\/\/www.terme-topolsica.si\/wp-content\/uploads\/2021\/06\/logo-terme-topolsica-1.png\",\"contentUrl\":\"https:\/\/www.terme-topolsica.si\/wp-content\/uploads\/2021\/06\/logo-terme-topolsica-1.png\",\"width\":340,\"height\":156,\"caption\":\"Terme Topol\u0161ica\"},\"image\":{\"@id\":\"https:\/\/www.terme-topolsica.si\/it\/#\/schema\/logo\/image\/\"},\"sameAs\":[\"https:\/\/www.facebook.com\/TermeTopolsica\",\"https:\/\/www.instagram.com\/termetopolsica\/\",\"https:\/\/www.linkedin.com\/company\/terme-topolsica\/\"]}]}<\/script>\n<!-- \/ Yoast SEO plugin. -->","yoast_head_json":{"title":"Coccole per Due - Terme Topol\u0161ica","description":"Regala l'esperienza perfetta: un buono regalo include servizi accuratamente selezionati, pensati per coccolarti e regalarti momenti indimenticabili.","robots":{"index":"index","follow":"follow","max-snippet":"max-snippet:-1","max-image-preview":"max-image-preview:large","max-video-preview":"max-video-preview:-1"},"canonical":"https:\/\/www.terme-topolsica.si\/it\/web-shop\/carta-da-regalo\/coccole-per-due\/","og_locale":"it_IT","og_type":"article","og_title":"Coccole per Due - Terme Topol\u0161ica","og_description":"Regala l'esperienza perfetta: un buono regalo include servizi accuratamente selezionati, pensati per coccolarti e regalarti momenti indimenticabili.","og_url":"https:\/\/www.terme-topolsica.si\/it\/web-shop\/carta-da-regalo\/coccole-per-due\/","og_site_name":"Terme Topol\u0161ica","article_publisher":"https:\/\/www.facebook.com\/TermeTopolsica","article_modified_time":"2025-12-12T12:32:28+00:00","og_image":[{"url":"https:\/\/www.terme-topolsica.si\/wp-content\/uploads\/2023\/01\/wellness-razvajanje-300x200.webp","type":"","width":"","height":""}],"twitter_card":"summary_large_image","twitter_misc":{"Tempo di lettura stimato":"1 minuto"},"schema":{"@context":"https:\/\/schema.org","@graph":[{"@type":"WebPage","@id":"https:\/\/www.terme-topolsica.si\/it\/web-shop\/carta-da-regalo\/coccole-per-due\/","url":"https:\/\/www.terme-topolsica.si\/it\/web-shop\/carta-da-regalo\/coccole-per-due\/","name":"Coccole per Due - Terme Topol\u0161ica","isPartOf":{"@id":"https:\/\/www.terme-topolsica.si\/it\/#website"},"primaryImageOfPage":{"@id":"https:\/\/www.terme-topolsica.si\/it\/web-shop\/carta-da-regalo\/coccole-per-due\/#primaryimage"},"image":{"@id":"https:\/\/www.terme-topolsica.si\/it\/web-shop\/carta-da-regalo\/coccole-per-due\/#primaryimage"},"thumbnailUrl":"https:\/\/www.terme-topolsica.si\/wp-content\/uploads\/2021\/10\/300-wellness-20101.jpg","datePublished":"2025-12-12T07:25:12+00:00","dateModified":"2025-12-12T12:32:28+00:00","description":"Regala l'esperienza perfetta: un buono regalo include servizi accuratamente selezionati, pensati per coccolarti e regalarti momenti indimenticabili.","breadcrumb":{"@id":"https:\/\/www.terme-topolsica.si\/it\/web-shop\/carta-da-regalo\/coccole-per-due\/#breadcrumb"},"inLanguage":"it-IT","potentialAction":[{"@type":"ReadAction","target":["https:\/\/www.terme-topolsica.si\/it\/web-shop\/carta-da-regalo\/coccole-per-due\/"]}]},{"@type":"ImageObject","inLanguage":"it-IT","@id":"https:\/\/www.terme-topolsica.si\/it\/web-shop\/carta-da-regalo\/coccole-per-due\/#primaryimage","url":"https:\/\/www.terme-topolsica.si\/wp-content\/uploads\/2021\/10\/300-wellness-20101.jpg","contentUrl":"https:\/\/www.terme-topolsica.si\/wp-content\/uploads\/2021\/10\/300-wellness-20101.jpg","width":1276,"height":850},{"@type":"BreadcrumbList","@id":"https:\/\/www.terme-topolsica.si\/it\/web-shop\/carta-da-regalo\/coccole-per-due\/#breadcrumb","itemListElement":[{"@type":"ListItem","position":1,"name":"Domov","item":"https:\/\/www.terme-topolsica.si\/it\/"},{"@type":"ListItem","position":2,"name":"Web-shop","item":"https:\/\/www.terme-topolsica.si\/it\/web-shop\/"},{"@type":"ListItem","position":3,"name":"Coccole per Due"}]},{"@type":"WebSite","@id":"https:\/\/www.terme-topolsica.si\/it\/#website","url":"https:\/\/www.terme-topolsica.si\/it\/","name":"Terme Topol\u0161ica","description":"Termalni oddih in edinstveno do\u017eivetje","publisher":{"@id":"https:\/\/www.terme-topolsica.si\/it\/#organization"},"potentialAction":[{"@type":"SearchAction","target":{"@type":"EntryPoint","urlTemplate":"https:\/\/www.terme-topolsica.si\/it\/?s={search_term_string}"},"query-input":{"@type":"PropertyValueSpecification","valueRequired":true,"valueName":"search_term_string"}}],"inLanguage":"it-IT"},{"@type":"Organization","@id":"https:\/\/www.terme-topolsica.si\/it\/#organization","name":"Terme Topol\u0161ica","url":"https:\/\/www.terme-topolsica.si\/it\/","logo":{"@type":"ImageObject","inLanguage":"it-IT","@id":"https:\/\/www.terme-topolsica.si\/it\/#\/schema\/logo\/image\/","url":"https:\/\/www.terme-topolsica.si\/wp-content\/uploads\/2021\/06\/logo-terme-topolsica-1.png","contentUrl":"https:\/\/www.terme-topolsica.si\/wp-content\/uploads\/2021\/06\/logo-terme-topolsica-1.png","width":340,"height":156,"caption":"Terme Topol\u0161ica"},"image":{"@id":"https:\/\/www.terme-topolsica.si\/it\/#\/schema\/logo\/image\/"},"sameAs":["https:\/\/www.facebook.com\/TermeTopolsica","https:\/\/www.instagram.com\/termetopolsica\/","https:\/\/www.linkedin.com\/company\/terme-topolsica\/"]}]}},"_links":{"self":[{"href":"https:\/\/www.terme-topolsica.si\/it\/wp-json\/wp\/v2\/product\/24084","targetHints":{"allow":["GET"]}}],"collection":[{"href":"https:\/\/www.terme-topolsica.si\/it\/wp-json\/wp\/v2\/product"}],"about":[{"href":"https:\/\/www.terme-topolsica.si\/it\/wp-json\/wp\/v2\/types\/product"}],"version-history":[{"count":1,"href":"https:\/\/www.terme-topolsica.si\/it\/wp-json\/wp\/v2\/product\/24084\/revisions"}],"predecessor-version":[{"id":24103,"href":"https:\/\/www.terme-topolsica.si\/it\/wp-json\/wp\/v2\/product\/24084\/revisions\/24103"}],"wp:featuredmedia":[{"embeddable":true,"href":"https:\/\/www.terme-topolsica.si\/it\/wp-json\/wp\/v2\/media\/2337"}],"wp:attachment":[{"href":"https:\/\/www.terme-topolsica.si\/it\/wp-json\/wp\/v2\/media?parent=24084"}],"wp:term":[{"taxonomy":"product_brand","embeddable":true,"href":"https:\/\/www.terme-topolsica.si\/it\/wp-json\/wp\/v2\/product_brand?post=24084"},{"taxonomy":"product_cat","embeddable":true,"href":"https:\/\/www.terme-topolsica.si\/it\/wp-json\/wp\/v2\/product_cat?post=24084"},{"taxonomy":"product_tag","embeddable":true,"href":"https:\/\/www.terme-topolsica.si\/it\/wp-json\/wp\/v2\/product_tag?post=24084"}],"curies":[{"name":"wp","href":"https:\/\/api.w.org\/{rel}","templated":true}]}}