{"id":4910,"date":"2022-04-13T13:09:29","date_gmt":"2022-04-13T13:09:29","guid":{"rendered":"https:\/\/terme-topolsica.si\/riabilitazione-pazienti-con-sclerosi-multipla\/"},"modified":"2022-11-30T15:03:42","modified_gmt":"2022-11-30T15:03:42","slug":"riabilitazione-pazienti-con-sclerosi-multipla","status":"publish","type":"page","link":"https:\/\/www.terme-topolsica.si\/it\/riabilitazione-pazienti-con-sclerosi-multipla\/","title":{"rendered":"Riabilitazione pazienti con sclerosi multipla"},"content":{"rendered":"\t\t<div data-elementor-type=\"wp-page\" data-elementor-id=\"4910\" class=\"elementor elementor-4910 elementor-363\" data-elementor-post-type=\"page\">\n\t\t\t\t\t\t<section class=\"elementor-section elementor-top-section elementor-element elementor-element-5c43f3d0 elementor-section-height-min-height elementor-section-boxed elementor-section-height-default elementor-section-items-middle\" data-id=\"5c43f3d0\" data-element_type=\"section\" data-e-type=\"section\" data-settings=\"{&quot;background_background&quot;:&quot;classic&quot;}\">\n\t\t\t\t\t\t\t<div class=\"elementor-background-overlay\"><\/div>\n\t\t\t\t\t\t\t<div class=\"elementor-container elementor-column-gap-default\">\n\t\t\t\t\t<div class=\"elementor-column elementor-col-100 elementor-top-column elementor-element elementor-element-143e78e3\" data-id=\"143e78e3\" data-element_type=\"column\" data-e-type=\"column\">\n\t\t\t<div class=\"elementor-widget-wrap elementor-element-populated\">\n\t\t\t\t\t\t<div class=\"elementor-element elementor-element-70025279 elementor-widget elementor-widget-heading\" data-id=\"70025279\" data-element_type=\"widget\" data-e-type=\"widget\" data-widget_type=\"heading.default\">\n\t\t\t\t<div class=\"elementor-widget-container\">\n\t\t\t\t\t<h1 class=\"elementor-heading-title elementor-size-default\">Riabilitazione pazienti con sclerosi multipla<\/h1>\t\t\t\t<\/div>\n\t\t\t\t<\/div>\n\t\t\t\t<div class=\"elementor-element elementor-element-472bd388 elementor-widget elementor-widget-text-editor\" data-id=\"472bd388\" data-element_type=\"widget\" data-e-type=\"widget\" data-widget_type=\"text-editor.default\">\n\t\t\t\t<div class=\"elementor-widget-container\">\n\t\t\t\t\t\t\t\t\t<p>Medicinale<\/p>\n\t\t\t\t\t\t\t\t<\/div>\n\t\t\t\t<\/div>\n\t\t\t\t\t<\/div>\n\t\t<\/div>\n\t\t\t\t\t<\/div>\n\t\t<\/section>\n\t\t\t\t<section class=\"elementor-section elementor-top-section elementor-element elementor-element-59cac516 elementor-section-boxed elementor-section-height-default elementor-section-height-default\" data-id=\"59cac516\" data-element_type=\"section\" data-e-type=\"section\">\n\t\t\t\t\t\t<div class=\"elementor-container elementor-column-gap-default\">\n\t\t\t\t\t<div class=\"elementor-column elementor-col-100 elementor-top-column elementor-element elementor-element-11480d92\" data-id=\"11480d92\" data-element_type=\"column\" data-e-type=\"column\">\n\t\t\t<div class=\"elementor-widget-wrap elementor-element-populated\">\n\t\t\t\t\t\t<div class=\"elementor-element elementor-element-31358a2e bgTextHeading elementor-widget elementor-widget-heading\" data-id=\"31358a2e\" data-element_type=\"widget\" data-e-type=\"widget\" data-widget_type=\"heading.default\">\n\t\t\t\t<div class=\"elementor-widget-container\">\n\t\t\t\t\t<span class=\"elementor-heading-title elementor-size-default\">Riabilitazione<\/span>\t\t\t\t<\/div>\n\t\t\t\t<\/div>\n\t\t\t\t<div class=\"elementor-element elementor-element-2779ce5f elementor-widget elementor-widget-heading\" data-id=\"2779ce5f\" data-element_type=\"widget\" data-e-type=\"widget\" data-widget_type=\"heading.default\">\n\t\t\t\t<div class=\"elementor-widget-container\">\n\t\t\t\t\t<h2 class=\"elementor-heading-title elementor-size-default\">MEDICINA<\/h2>\t\t\t\t<\/div>\n\t\t\t\t<\/div>\n\t\t\t\t<div class=\"elementor-element elementor-element-a0f286f elementor-widget elementor-widget-heading\" data-id=\"a0f286f\" data-element_type=\"widget\" data-e-type=\"widget\" data-widget_type=\"heading.default\">\n\t\t\t\t<div class=\"elementor-widget-container\">\n\t\t\t\t\t<h3 class=\"elementor-heading-title elementor-size-default\">Riabilitazione pazienti con sclerosi multipla<\/h3>\t\t\t\t<\/div>\n\t\t\t\t<\/div>\n\t\t\t\t<div class=\"elementor-element elementor-element-151bc0f3 elementor-widget elementor-widget-text-editor\" data-id=\"151bc0f3\" data-element_type=\"widget\" data-e-type=\"widget\" data-widget_type=\"text-editor.default\">\n\t\t\t\t<div class=\"elementor-widget-container\">\n\t\t\t\t\t\t\t\t\t<p>Riabilitazione pazienti con sclerosi multipla Il centro di trattamento sclerosi multipla si trova nell\u2019ala Mladika delle Terme Topol\u0161ica, \u00e8 uno dei centri pi\u00f9 moderni di questo tipo in tutta Europa Rispetto alle altre strutture alberghiere, ha un proprio dipartimento di fisioterapia, un dipartimento di terapia del lavoro, una clinica specialistica, una palestra, strutture massaggi e una moderna piscina di riabilitazione. Il centro, incluse le camere, \u00e8 adatto a pazienti con mobilit\u00e0 limitata.<\/p>\n<\/p>\n<p>Tutte le 14 camere doppie e le 20 camere singole sono ammobiliate con dotazioni moderne, adatte a pazienti con sclerosi multipla. Viene fornito anche un servizio infermieristico permanente, in servizio 24 ore su 24, con guardia medica costante sempre pronta.<\/p>\n<\/p>\n<p>Il programma del centro di trattamento sclerosi multipla presso le terme Topol\u0161ica Natural Health Spa si basa su una riabilitazione medica continua e di qualit\u00e0, effettuata da personale altamente qualificato e professional, con decenni di esperienza. Per molti anni, i pazienti possono condurre una vita relativamente normale anche con abilit\u00e0 piena o ridotta al lavoro, anche dopo i primi sintomi della malattia.<\/p>\n\t\t\t\t\t\t\t\t<\/div>\n\t\t\t\t<\/div>\n\t\t\t\t\t<\/div>\n\t\t<\/div>\n\t\t\t\t\t<\/div>\n\t\t<\/section>\n\t\t\t\t<section class=\"elementor-section elementor-top-section elementor-element elementor-element-638e1165 elementor-section-full_width elementor-section-height-default elementor-section-height-default\" data-id=\"638e1165\" data-element_type=\"section\" data-e-type=\"section\" data-settings=\"{&quot;background_background&quot;:&quot;classic&quot;}\">\n\t\t\t\t\t\t<div class=\"elementor-container elementor-column-gap-default\">\n\t\t\t\t\t<div class=\"elementor-column elementor-col-100 elementor-top-column elementor-element elementor-element-5d0ea1\" data-id=\"5d0ea1\" data-element_type=\"column\" data-e-type=\"column\">\n\t\t\t<div class=\"elementor-widget-wrap elementor-element-populated\">\n\t\t\t\t\t\t<div class=\"elementor-element elementor-element-834c4df elementor-widget elementor-widget-template\" data-id=\"834c4df\" data-element_type=\"widget\" data-e-type=\"widget\" data-widget_type=\"template.default\">\n\t\t\t\t<div class=\"elementor-widget-container\">\n\t\t\t\t\t\t\t<div class=\"elementor-template\">\n\t\t\t\t\t<div data-elementor-type=\"section\" data-elementor-id=\"5251\" class=\"elementor elementor-5251 elementor-2938 elementor-2938\" data-elementor-post-type=\"elementor_library\">\n\t\t\t\t\t<section class=\"elementor-section elementor-top-section elementor-element elementor-element-e449de5 elementor-section-boxed elementor-section-height-default elementor-section-height-default\" data-id=\"e449de5\" data-element_type=\"section\" data-e-type=\"section\">\n\t\t\t\t\t\t<div class=\"elementor-container elementor-column-gap-default\">\n\t\t\t\t\t<div class=\"elementor-column elementor-col-100 elementor-top-column elementor-element elementor-element-5789fc7\" data-id=\"5789fc7\" data-element_type=\"column\" data-e-type=\"column\">\n\t\t\t<div class=\"elementor-widget-wrap elementor-element-populated\">\n\t\t\t\t\t\t<div class=\"elementor-element elementor-element-1454f18c bgTextHeading elementor-widget elementor-widget-heading\" data-id=\"1454f18c\" data-element_type=\"widget\" data-e-type=\"widget\" data-widget_type=\"heading.default\">\n\t\t\t\t<div class=\"elementor-widget-container\">\n\t\t\t\t\t<span class=\"elementor-heading-title elementor-size-default\">Informazioni<\/span>\t\t\t\t<\/div>\n\t\t\t\t<\/div>\n\t\t\t\t<div class=\"elementor-element elementor-element-416844ee elementor-widget elementor-widget-heading\" data-id=\"416844ee\" data-element_type=\"widget\" data-e-type=\"widget\" data-widget_type=\"heading.default\">\n\t\t\t\t<div class=\"elementor-widget-container\">\n\t\t\t\t\t<h3 class=\"elementor-heading-title elementor-size-default\">Informazioni<\/h3>\t\t\t\t<\/div>\n\t\t\t\t<\/div>\n\t\t\t\t<div class=\"elementor-element elementor-element-c4f3a89 elementor-widget elementor-widget-heading\" data-id=\"c4f3a89\" data-element_type=\"widget\" data-e-type=\"widget\" data-widget_type=\"heading.default\">\n\t\t\t\t<div class=\"elementor-widget-container\">\n\t\t\t\t\t<h2 class=\"elementor-heading-title elementor-size-default\">MEDICINA<\/h2>\t\t\t\t<\/div>\n\t\t\t\t<\/div>\n\t\t\t\t<section class=\"elementor-section elementor-inner-section elementor-element elementor-element-dda16f7 elementor-section-boxed elementor-section-height-default elementor-section-height-default\" data-id=\"dda16f7\" data-element_type=\"section\" data-e-type=\"section\">\n\t\t\t\t\t\t<div class=\"elementor-container elementor-column-gap-default\">\n\t\t\t\t\t<div class=\"elementor-column elementor-col-33 elementor-inner-column elementor-element elementor-element-94e98b7\" data-id=\"94e98b7\" data-element_type=\"column\" data-e-type=\"column\">\n\t\t\t<div class=\"elementor-widget-wrap elementor-element-populated\">\n\t\t\t\t\t\t<div class=\"elementor-element elementor-element-59cf2b48 elementor-widget elementor-widget-text-editor\" data-id=\"59cf2b48\" data-element_type=\"widget\" data-e-type=\"widget\" data-widget_type=\"text-editor.default\">\n\t\t\t\t<div class=\"elementor-widget-container\">\n\t\t\t\t\t\t\t\t\t<p><strong>FISIOTERAPIA AMBULATORIALE<\/strong><br \/>T: <a href=\"tel:+386%203%20896%2031%2016\">+386 3 896 31 16<\/a><br \/>E: <a href=\"mailto:fizioterapija@terme-topolsica.si\">fizioterapija@terme-topolsica.si<\/a><\/p>\n\t\t\t\t\t\t\t\t<\/div>\n\t\t\t\t<\/div>\n\t\t\t\t\t<\/div>\n\t\t<\/div>\n\t\t\t\t<div class=\"elementor-column elementor-col-33 elementor-inner-column elementor-element elementor-element-6fe5a9b\" data-id=\"6fe5a9b\" data-element_type=\"column\" data-e-type=\"column\">\n\t\t\t<div class=\"elementor-widget-wrap elementor-element-populated\">\n\t\t\t\t\t\t<div class=\"elementor-element elementor-element-d57d15e elementor-widget elementor-widget-text-editor\" data-id=\"d57d15e\" data-element_type=\"widget\" data-e-type=\"widget\" data-widget_type=\"text-editor.default\">\n\t\t\t\t<div class=\"elementor-widget-container\">\n\t\t\t\t\t\t\t\t\t<p><strong>INFERMIERA PRINCIPALE <\/strong><br \/>Mirjam Salobir, capo infermiera<br \/>T: <a href=\"tel:+386%203%20896%2032%2088\">+386 3 896 32 88<\/a> \/ <a href=\"tel:+386%2041%20602%20031\">+386 41 602 031<\/a><br \/>E: <a href=\"mailto:ambulanta@terme-topolsica.si\">ambulanta@terme-topolsica.si<\/a><\/p>\n\t\t\t\t\t\t\t\t<\/div>\n\t\t\t\t<\/div>\n\t\t\t\t\t<\/div>\n\t\t<\/div>\n\t\t\t\t<div class=\"elementor-column elementor-col-33 elementor-inner-column elementor-element elementor-element-c966b93\" data-id=\"c966b93\" data-element_type=\"column\" data-e-type=\"column\">\n\t\t\t<div class=\"elementor-widget-wrap elementor-element-populated\">\n\t\t\t\t\t\t<div class=\"elementor-element elementor-element-74ed569 elementor-widget elementor-widget-text-editor\" data-id=\"74ed569\" data-element_type=\"widget\" data-e-type=\"widget\" data-widget_type=\"text-editor.default\">\n\t\t\t\t<div class=\"elementor-widget-container\">\n\t\t\t\t\t\t\t\t\t<p><strong>FISIOTERAPIA<\/strong><br \/>Maja Bric, capo della fisioterapia<br \/>T: <a href=\"tel:+386%203%20896%2034%2071\">+386 3 896 34 71<\/a><br \/>E: <a href=\"mailto:fizioterapija@terme-topolsica.si\">fizioterapija@terme-topolsica.si<\/a><\/p>\n\t\t\t\t\t\t\t\t<\/div>\n\t\t\t\t<\/div>\n\t\t\t\t\t<\/div>\n\t\t<\/div>\n\t\t\t\t\t<\/div>\n\t\t<\/section>\n\t\t\t\t\t<\/div>\n\t\t<\/div>\n\t\t\t\t\t<\/div>\n\t\t<\/section>\n\t\t\t\t<\/div>\n\t\t\t\t<\/div>\n\t\t\t\t\t\t<\/div>\n\t\t\t\t<\/div>\n\t\t\t\t\t<\/div>\n\t\t<\/div>\n\t\t\t\t\t<\/div>\n\t\t<\/section>\n\t\t\t\t<\/div>\n\t\t","protected":false},"excerpt":{"rendered":"<p>Riabilitazione pazienti con sclerosi multipla Medicinale Riabilitazione MEDICINA Riabilitazione pazienti con sclerosi multipla Riabilitazione pazienti con sclerosi multipla Il centro di trattamento sclerosi multipla si trova nell\u2019ala Mladika delle Terme Topol\u0161ica, \u00e8 uno dei centri pi\u00f9 moderni di questo tipo in tutta Europa Rispetto alle altre strutture alberghiere, ha un proprio dipartimento di fisioterapia, un [&hellip;]<\/p>\n","protected":false},"author":1,"featured_media":0,"parent":0,"menu_order":0,"comment_status":"closed","ping_status":"closed","template":"","meta":{"footnotes":""},"class_list":["post-4910","page","type-page","status-publish","hentry"],"yoast_head":"<!-- This site is optimized with the Yoast SEO plugin v26.9 - https:\/\/yoast.com\/product\/yoast-seo-wordpress\/ -->\n<title>Riabilitazione pazienti con sclerosi multipla - Terme Topol\u0161ica<\/title>\n<meta name=\"description\" content=\"Riabilitazione pazienti con sclerosi multipla Il centro di trattamento sclerosi multipla si trova nell\u2019ala Mladika delle Terme Topol\u0161ica, \u00e8 uno dei centri pi\u00f9 moderni di questo tipo in tutta Europa.\" \/>\n<meta name=\"robots\" content=\"index, follow, max-snippet:-1, max-image-preview:large, max-video-preview:-1\" \/>\n<link rel=\"canonical\" href=\"https:\/\/www.terme-topolsica.si\/it\/riabilitazione-pazienti-con-sclerosi-multipla\/\" \/>\n<meta property=\"og:locale\" content=\"it_IT\" \/>\n<meta property=\"og:type\" content=\"article\" \/>\n<meta property=\"og:title\" content=\"Riabilitazione pazienti con sclerosi multipla - Terme Topol\u0161ica\" \/>\n<meta property=\"og:description\" content=\"Riabilitazione pazienti con sclerosi multipla Il centro di trattamento sclerosi multipla si trova nell\u2019ala Mladika delle Terme Topol\u0161ica, \u00e8 uno dei centri pi\u00f9 moderni di questo tipo in tutta Europa.\" \/>\n<meta property=\"og:url\" content=\"https:\/\/www.terme-topolsica.si\/it\/riabilitazione-pazienti-con-sclerosi-multipla\/\" \/>\n<meta property=\"og:site_name\" content=\"Terme Topol\u0161ica\" \/>\n<meta property=\"article:publisher\" content=\"https:\/\/www.facebook.com\/TermeTopolsica\" \/>\n<meta property=\"article:modified_time\" content=\"2022-11-30T15:03:42+00:00\" \/>\n<meta property=\"og:image\" content=\"https:\/\/www.terme-topolsica.si\/wp-content\/uploads\/2022\/03\/DJI_0208-min-3.jpg\" \/>\n\t<meta property=\"og:image:width\" content=\"1920\" \/>\n\t<meta property=\"og:image:height\" content=\"1078\" \/>\n\t<meta property=\"og:image:type\" content=\"image\/jpeg\" \/>\n<meta name=\"twitter:card\" content=\"summary_large_image\" \/>\n<meta name=\"twitter:label1\" content=\"Tempo di lettura stimato\" \/>\n\t<meta name=\"twitter:data1\" content=\"3 minuti\" \/>\n<script type=\"application\/ld+json\" class=\"yoast-schema-graph\">{\"@context\":\"https:\/\/schema.org\",\"@graph\":[{\"@type\":\"WebPage\",\"@id\":\"https:\/\/www.terme-topolsica.si\/it\/riabilitazione-pazienti-con-sclerosi-multipla\/\",\"url\":\"https:\/\/www.terme-topolsica.si\/it\/riabilitazione-pazienti-con-sclerosi-multipla\/\",\"name\":\"Riabilitazione pazienti con sclerosi multipla - Terme Topol\u0161ica\",\"isPartOf\":{\"@id\":\"https:\/\/www.terme-topolsica.si\/it\/#website\"},\"datePublished\":\"2022-04-13T13:09:29+00:00\",\"dateModified\":\"2022-11-30T15:03:42+00:00\",\"description\":\"Riabilitazione pazienti con sclerosi multipla Il centro di trattamento sclerosi multipla si trova nell\u2019ala Mladika delle Terme Topol\u0161ica, \u00e8 uno dei centri pi\u00f9 moderni di questo tipo in tutta Europa.\",\"breadcrumb\":{\"@id\":\"https:\/\/www.terme-topolsica.si\/it\/riabilitazione-pazienti-con-sclerosi-multipla\/#breadcrumb\"},\"inLanguage\":\"it-IT\",\"potentialAction\":[{\"@type\":\"ReadAction\",\"target\":[\"https:\/\/www.terme-topolsica.si\/it\/riabilitazione-pazienti-con-sclerosi-multipla\/\"]}]},{\"@type\":\"BreadcrumbList\",\"@id\":\"https:\/\/www.terme-topolsica.si\/it\/riabilitazione-pazienti-con-sclerosi-multipla\/#breadcrumb\",\"itemListElement\":[{\"@type\":\"ListItem\",\"position\":1,\"name\":\"Domov\",\"item\":\"https:\/\/www.terme-topolsica.si\/it\/\"},{\"@type\":\"ListItem\",\"position\":2,\"name\":\"Riabilitazione pazienti con sclerosi multipla\"}]},{\"@type\":\"WebSite\",\"@id\":\"https:\/\/www.terme-topolsica.si\/it\/#website\",\"url\":\"https:\/\/www.terme-topolsica.si\/it\/\",\"name\":\"Terme Topol\u0161ica\",\"description\":\"Termalni oddih in edinstveno do\u017eivetje\",\"publisher\":{\"@id\":\"https:\/\/www.terme-topolsica.si\/it\/#organization\"},\"potentialAction\":[{\"@type\":\"SearchAction\",\"target\":{\"@type\":\"EntryPoint\",\"urlTemplate\":\"https:\/\/www.terme-topolsica.si\/it\/?s={search_term_string}\"},\"query-input\":{\"@type\":\"PropertyValueSpecification\",\"valueRequired\":true,\"valueName\":\"search_term_string\"}}],\"inLanguage\":\"it-IT\"},{\"@type\":\"Organization\",\"@id\":\"https:\/\/www.terme-topolsica.si\/it\/#organization\",\"name\":\"Terme Topol\u0161ica\",\"url\":\"https:\/\/www.terme-topolsica.si\/it\/\",\"logo\":{\"@type\":\"ImageObject\",\"inLanguage\":\"it-IT\",\"@id\":\"https:\/\/www.terme-topolsica.si\/it\/#\/schema\/logo\/image\/\",\"url\":\"https:\/\/www.terme-topolsica.si\/wp-content\/uploads\/2021\/06\/logo-terme-topolsica-1.png\",\"contentUrl\":\"https:\/\/www.terme-topolsica.si\/wp-content\/uploads\/2021\/06\/logo-terme-topolsica-1.png\",\"width\":340,\"height\":156,\"caption\":\"Terme Topol\u0161ica\"},\"image\":{\"@id\":\"https:\/\/www.terme-topolsica.si\/it\/#\/schema\/logo\/image\/\"},\"sameAs\":[\"https:\/\/www.facebook.com\/TermeTopolsica\",\"https:\/\/www.instagram.com\/termetopolsica\/\",\"https:\/\/www.linkedin.com\/company\/terme-topolsica\/\"]}]}<\/script>\n<!-- \/ Yoast SEO plugin. -->","yoast_head_json":{"title":"Riabilitazione pazienti con sclerosi multipla - Terme Topol\u0161ica","description":"Riabilitazione pazienti con sclerosi multipla Il centro di trattamento sclerosi multipla si trova nell\u2019ala Mladika delle Terme Topol\u0161ica, \u00e8 uno dei centri pi\u00f9 moderni di questo tipo in tutta Europa.","robots":{"index":"index","follow":"follow","max-snippet":"max-snippet:-1","max-image-preview":"max-image-preview:large","max-video-preview":"max-video-preview:-1"},"canonical":"https:\/\/www.terme-topolsica.si\/it\/riabilitazione-pazienti-con-sclerosi-multipla\/","og_locale":"it_IT","og_type":"article","og_title":"Riabilitazione pazienti con sclerosi multipla - Terme Topol\u0161ica","og_description":"Riabilitazione pazienti con sclerosi multipla Il centro di trattamento sclerosi multipla si trova nell\u2019ala Mladika delle Terme Topol\u0161ica, \u00e8 uno dei centri pi\u00f9 moderni di questo tipo in tutta Europa.","og_url":"https:\/\/www.terme-topolsica.si\/it\/riabilitazione-pazienti-con-sclerosi-multipla\/","og_site_name":"Terme Topol\u0161ica","article_publisher":"https:\/\/www.facebook.com\/TermeTopolsica","article_modified_time":"2022-11-30T15:03:42+00:00","og_image":[{"width":1920,"height":1078,"url":"https:\/\/www.terme-topolsica.si\/wp-content\/uploads\/2022\/03\/DJI_0208-min-3.jpg","type":"image\/jpeg"}],"twitter_card":"summary_large_image","twitter_misc":{"Tempo di lettura stimato":"3 minuti"},"schema":{"@context":"https:\/\/schema.org","@graph":[{"@type":"WebPage","@id":"https:\/\/www.terme-topolsica.si\/it\/riabilitazione-pazienti-con-sclerosi-multipla\/","url":"https:\/\/www.terme-topolsica.si\/it\/riabilitazione-pazienti-con-sclerosi-multipla\/","name":"Riabilitazione pazienti con sclerosi multipla - Terme Topol\u0161ica","isPartOf":{"@id":"https:\/\/www.terme-topolsica.si\/it\/#website"},"datePublished":"2022-04-13T13:09:29+00:00","dateModified":"2022-11-30T15:03:42+00:00","description":"Riabilitazione pazienti con sclerosi multipla Il centro di trattamento sclerosi multipla si trova nell\u2019ala Mladika delle Terme Topol\u0161ica, \u00e8 uno dei centri pi\u00f9 moderni di questo tipo in tutta Europa.","breadcrumb":{"@id":"https:\/\/www.terme-topolsica.si\/it\/riabilitazione-pazienti-con-sclerosi-multipla\/#breadcrumb"},"inLanguage":"it-IT","potentialAction":[{"@type":"ReadAction","target":["https:\/\/www.terme-topolsica.si\/it\/riabilitazione-pazienti-con-sclerosi-multipla\/"]}]},{"@type":"BreadcrumbList","@id":"https:\/\/www.terme-topolsica.si\/it\/riabilitazione-pazienti-con-sclerosi-multipla\/#breadcrumb","itemListElement":[{"@type":"ListItem","position":1,"name":"Domov","item":"https:\/\/www.terme-topolsica.si\/it\/"},{"@type":"ListItem","position":2,"name":"Riabilitazione pazienti con sclerosi multipla"}]},{"@type":"WebSite","@id":"https:\/\/www.terme-topolsica.si\/it\/#website","url":"https:\/\/www.terme-topolsica.si\/it\/","name":"Terme Topol\u0161ica","description":"Termalni oddih in edinstveno do\u017eivetje","publisher":{"@id":"https:\/\/www.terme-topolsica.si\/it\/#organization"},"potentialAction":[{"@type":"SearchAction","target":{"@type":"EntryPoint","urlTemplate":"https:\/\/www.terme-topolsica.si\/it\/?s={search_term_string}"},"query-input":{"@type":"PropertyValueSpecification","valueRequired":true,"valueName":"search_term_string"}}],"inLanguage":"it-IT"},{"@type":"Organization","@id":"https:\/\/www.terme-topolsica.si\/it\/#organization","name":"Terme Topol\u0161ica","url":"https:\/\/www.terme-topolsica.si\/it\/","logo":{"@type":"ImageObject","inLanguage":"it-IT","@id":"https:\/\/www.terme-topolsica.si\/it\/#\/schema\/logo\/image\/","url":"https:\/\/www.terme-topolsica.si\/wp-content\/uploads\/2021\/06\/logo-terme-topolsica-1.png","contentUrl":"https:\/\/www.terme-topolsica.si\/wp-content\/uploads\/2021\/06\/logo-terme-topolsica-1.png","width":340,"height":156,"caption":"Terme Topol\u0161ica"},"image":{"@id":"https:\/\/www.terme-topolsica.si\/it\/#\/schema\/logo\/image\/"},"sameAs":["https:\/\/www.facebook.com\/TermeTopolsica","https:\/\/www.instagram.com\/termetopolsica\/","https:\/\/www.linkedin.com\/company\/terme-topolsica\/"]}]}},"_links":{"self":[{"href":"https:\/\/www.terme-topolsica.si\/it\/wp-json\/wp\/v2\/pages\/4910","targetHints":{"allow":["GET"]}}],"collection":[{"href":"https:\/\/www.terme-topolsica.si\/it\/wp-json\/wp\/v2\/pages"}],"about":[{"href":"https:\/\/www.terme-topolsica.si\/it\/wp-json\/wp\/v2\/types\/page"}],"author":[{"embeddable":true,"href":"https:\/\/www.terme-topolsica.si\/it\/wp-json\/wp\/v2\/users\/1"}],"replies":[{"embeddable":true,"href":"https:\/\/www.terme-topolsica.si\/it\/wp-json\/wp\/v2\/comments?post=4910"}],"version-history":[{"count":0,"href":"https:\/\/www.terme-topolsica.si\/it\/wp-json\/wp\/v2\/pages\/4910\/revisions"}],"wp:attachment":[{"href":"https:\/\/www.terme-topolsica.si\/it\/wp-json\/wp\/v2\/media?parent=4910"}],"curies":[{"name":"wp","href":"https:\/\/api.w.org\/{rel}","templated":true}]}}