{"id":24090,"date":"2025-12-12T09:30:11","date_gmt":"2025-12-12T07:30:11","guid":{"rendered":"https:\/\/www.terme-topolsica.si\/?post_type=product&#038;p=24090"},"modified":"2026-03-03T09:34:19","modified_gmt":"2026-03-03T07:34:19","slug":"odmor-u-termama-topolsica","status":"publish","type":"product","link":"https:\/\/www.terme-topolsica.si\/hr\/online-trgovina\/darovne-kartice\/odmor-u-termama-topolsica\/","title":{"rendered":"Odmor u Termama Topol\u0161ica"},"content":{"rendered":"<p>Paket uklju\u010duje:<\/p>\n<ul class=\"ql-rendered-list-container\" data-is-root=\"true\">\n<li class=\"ql-rendered-bullet-list\" data-block-id=\"block-e29e7e26-dca2-4ba7-97b2-b5174e524b31\">2 x no\u010ditvi v udobni Comfort sobi z balkonom za<strong> 2 osebi<\/strong> \u2013 za prijetne trenutke, sve\u017e zrak in pogled na zeleno okolico.<\/li>\n<li class=\"ql-rendered-bullet-list\" data-block-id=\"block-e9c0fa56-c466-4281-9585-c1c396b1bd16\"><strong>Polupansion<\/strong> \u2013 bogat doru\u010dak i ukusna ve\u010dera za savr\u0161eni po\u010detak i kraj dana.<\/li>\n<li class=\"ql-rendered-bullet-list\" data-block-id=\"block-e0e52b55-8ee8-4036-b099-81a9cb50f37f\"><strong>Neograni\u010den ulaz u bazene i saune<\/strong> \u2013 opu\u0161tanje u termalnoj vodi i toplini sauna koja otpu\u0161ta napetost i puni energijom.<\/li>\n<\/ul>\n","protected":false},"excerpt":{"rendered":"<p>Poklonite opu\u0161tanje u zagrljaju prirode i ljekovite termalne vode. Poklon bon Odmor u Termama Topol\u0161ica idealan je za sve koji \u017eele mir, odmor i obnovu energije. <\/p>\n","protected":false},"featured_media":14595,"template":"","meta":[],"product_brand":[],"product_cat":[171,130],"product_tag":[],"class_list":{"0":"post-24090","1":"product","2":"type-product","3":"status-publish","4":"has-post-thumbnail","6":"product_cat-smjestaj-2","7":"product_cat-darovne-kartice","9":"first","10":"instock","11":"purchasable","12":"product-type-simple"},"yoast_head":"<!-- This site is optimized with the Yoast SEO plugin v26.9 - https:\/\/yoast.com\/product\/yoast-seo-wordpress\/ -->\n<title>Odmor u Termama Topol\u0161ica - Terme Topol\u0161ica<\/title>\n<meta name=\"description\" content=\"Oddih v Termah Topol\u0161i\u010da \u2013 darilni bon za 2 no\u010ditvi v Comfort sobi z balkonom za 2 osebi, polpenzion ter sprostitev v termalnih bazenih in savnah.\" \/>\n<meta name=\"robots\" content=\"index, follow, max-snippet:-1, max-image-preview:large, max-video-preview:-1\" \/>\n<link rel=\"canonical\" href=\"https:\/\/www.terme-topolsica.si\/hr\/online-trgovina\/darovne-kartice\/odmor-u-termama-topolsica\/\" \/>\n<meta property=\"og:locale\" content=\"hr_HR\" \/>\n<meta property=\"og:type\" content=\"article\" \/>\n<meta property=\"og:title\" content=\"Odmor u Termama Topol\u0161ica - Terme Topol\u0161ica\" \/>\n<meta property=\"og:description\" content=\"Oddih v Termah Topol\u0161i\u010da \u2013 darilni bon za 2 no\u010ditvi v Comfort sobi z balkonom za 2 osebi, polpenzion ter sprostitev v termalnih bazenih in savnah.\" \/>\n<meta property=\"og:url\" content=\"https:\/\/www.terme-topolsica.si\/hr\/online-trgovina\/darovne-kartice\/odmor-u-termama-topolsica\/\" \/>\n<meta property=\"og:site_name\" content=\"Terme Topol\u0161ica\" \/>\n<meta property=\"article:publisher\" content=\"https:\/\/www.facebook.com\/TermeTopolsica\" \/>\n<meta property=\"article:modified_time\" content=\"2026-03-03T07:34:19+00:00\" \/>\n<meta property=\"og:image\" content=\"https:\/\/www.terme-topolsica.si\/wp-content\/uploads\/2024\/04\/paket-terme-topolsica-biva7-placaj6.webp\" \/>\n<meta name=\"twitter:card\" content=\"summary_large_image\" \/>\n<meta name=\"twitter:label1\" content=\"Procijenjeno vrijeme \u010ditanja\" \/>\n\t<meta name=\"twitter:data1\" content=\"1 minuta\" \/>\n<script type=\"application\/ld+json\" class=\"yoast-schema-graph\">{\"@context\":\"https:\/\/schema.org\",\"@graph\":[{\"@type\":\"WebPage\",\"@id\":\"https:\/\/www.terme-topolsica.si\/hr\/online-trgovina\/darovne-kartice\/odmor-u-termama-topolsica\/\",\"url\":\"https:\/\/www.terme-topolsica.si\/hr\/online-trgovina\/darovne-kartice\/odmor-u-termama-topolsica\/\",\"name\":\"Odmor u Termama Topol\u0161ica - Terme Topol\u0161ica\",\"isPartOf\":{\"@id\":\"https:\/\/www.terme-topolsica.si\/hr\/#website\"},\"primaryImageOfPage\":{\"@id\":\"https:\/\/www.terme-topolsica.si\/hr\/online-trgovina\/darovne-kartice\/odmor-u-termama-topolsica\/#primaryimage\"},\"image\":{\"@id\":\"https:\/\/www.terme-topolsica.si\/hr\/online-trgovina\/darovne-kartice\/odmor-u-termama-topolsica\/#primaryimage\"},\"thumbnailUrl\":\"https:\/\/www.terme-topolsica.si\/wp-content\/uploads\/2023\/01\/bazeni-terme-topolsica.webp\",\"datePublished\":\"2025-12-12T07:30:11+00:00\",\"dateModified\":\"2026-03-03T07:34:19+00:00\",\"description\":\"Oddih v Termah Topol\u0161i\u010da \u2013 darilni bon za 2 no\u010ditvi v Comfort sobi z balkonom za 2 osebi, polpenzion ter sprostitev v termalnih bazenih in savnah.\",\"breadcrumb\":{\"@id\":\"https:\/\/www.terme-topolsica.si\/hr\/online-trgovina\/darovne-kartice\/odmor-u-termama-topolsica\/#breadcrumb\"},\"inLanguage\":\"hr\",\"potentialAction\":[{\"@type\":\"ReadAction\",\"target\":[\"https:\/\/www.terme-topolsica.si\/hr\/online-trgovina\/darovne-kartice\/odmor-u-termama-topolsica\/\"]}]},{\"@type\":\"ImageObject\",\"inLanguage\":\"hr\",\"@id\":\"https:\/\/www.terme-topolsica.si\/hr\/online-trgovina\/darovne-kartice\/odmor-u-termama-topolsica\/#primaryimage\",\"url\":\"https:\/\/www.terme-topolsica.si\/wp-content\/uploads\/2023\/01\/bazeni-terme-topolsica.webp\",\"contentUrl\":\"https:\/\/www.terme-topolsica.si\/wp-content\/uploads\/2023\/01\/bazeni-terme-topolsica.webp\",\"width\":900,\"height\":600},{\"@type\":\"BreadcrumbList\",\"@id\":\"https:\/\/www.terme-topolsica.si\/hr\/online-trgovina\/darovne-kartice\/odmor-u-termama-topolsica\/#breadcrumb\",\"itemListElement\":[{\"@type\":\"ListItem\",\"position\":1,\"name\":\"Domov\",\"item\":\"https:\/\/www.terme-topolsica.si\/hr\/\"},{\"@type\":\"ListItem\",\"position\":2,\"name\":\"Internet trgovina\",\"item\":\"https:\/\/www.terme-topolsica.si\/hr\/shop\/\"},{\"@type\":\"ListItem\",\"position\":3,\"name\":\"Odmor u Termama Topol\u0161ica\"}]},{\"@type\":\"WebSite\",\"@id\":\"https:\/\/www.terme-topolsica.si\/hr\/#website\",\"url\":\"https:\/\/www.terme-topolsica.si\/hr\/\",\"name\":\"Terme Topol\u0161ica\",\"description\":\"Termalni oddih in edinstveno do\u017eivetje\",\"publisher\":{\"@id\":\"https:\/\/www.terme-topolsica.si\/hr\/#organization\"},\"potentialAction\":[{\"@type\":\"SearchAction\",\"target\":{\"@type\":\"EntryPoint\",\"urlTemplate\":\"https:\/\/www.terme-topolsica.si\/hr\/?s={search_term_string}\"},\"query-input\":{\"@type\":\"PropertyValueSpecification\",\"valueRequired\":true,\"valueName\":\"search_term_string\"}}],\"inLanguage\":\"hr\"},{\"@type\":\"Organization\",\"@id\":\"https:\/\/www.terme-topolsica.si\/hr\/#organization\",\"name\":\"Terme Topol\u0161ica\",\"url\":\"https:\/\/www.terme-topolsica.si\/hr\/\",\"logo\":{\"@type\":\"ImageObject\",\"inLanguage\":\"hr\",\"@id\":\"https:\/\/www.terme-topolsica.si\/hr\/#\/schema\/logo\/image\/\",\"url\":\"https:\/\/www.terme-topolsica.si\/wp-content\/uploads\/2021\/06\/logo-terme-topolsica-1.png\",\"contentUrl\":\"https:\/\/www.terme-topolsica.si\/wp-content\/uploads\/2021\/06\/logo-terme-topolsica-1.png\",\"width\":340,\"height\":156,\"caption\":\"Terme Topol\u0161ica\"},\"image\":{\"@id\":\"https:\/\/www.terme-topolsica.si\/hr\/#\/schema\/logo\/image\/\"},\"sameAs\":[\"https:\/\/www.facebook.com\/TermeTopolsica\",\"https:\/\/www.instagram.com\/termetopolsica\/\",\"https:\/\/www.linkedin.com\/company\/terme-topolsica\/\"]}]}<\/script>\n<!-- \/ Yoast SEO plugin. -->","yoast_head_json":{"title":"Odmor u Termama Topol\u0161ica - Terme Topol\u0161ica","description":"Oddih v Termah Topol\u0161i\u010da \u2013 darilni bon za 2 no\u010ditvi v Comfort sobi z balkonom za 2 osebi, polpenzion ter sprostitev v termalnih bazenih in savnah.","robots":{"index":"index","follow":"follow","max-snippet":"max-snippet:-1","max-image-preview":"max-image-preview:large","max-video-preview":"max-video-preview:-1"},"canonical":"https:\/\/www.terme-topolsica.si\/hr\/online-trgovina\/darovne-kartice\/odmor-u-termama-topolsica\/","og_locale":"hr_HR","og_type":"article","og_title":"Odmor u Termama Topol\u0161ica - Terme Topol\u0161ica","og_description":"Oddih v Termah Topol\u0161i\u010da \u2013 darilni bon za 2 no\u010ditvi v Comfort sobi z balkonom za 2 osebi, polpenzion ter sprostitev v termalnih bazenih in savnah.","og_url":"https:\/\/www.terme-topolsica.si\/hr\/online-trgovina\/darovne-kartice\/odmor-u-termama-topolsica\/","og_site_name":"Terme Topol\u0161ica","article_publisher":"https:\/\/www.facebook.com\/TermeTopolsica","article_modified_time":"2026-03-03T07:34:19+00:00","og_image":[{"url":"https:\/\/www.terme-topolsica.si\/wp-content\/uploads\/2024\/04\/paket-terme-topolsica-biva7-placaj6.webp","type":"","width":"","height":""}],"twitter_card":"summary_large_image","twitter_misc":{"Procijenjeno vrijeme \u010ditanja":"1 minuta"},"schema":{"@context":"https:\/\/schema.org","@graph":[{"@type":"WebPage","@id":"https:\/\/www.terme-topolsica.si\/hr\/online-trgovina\/darovne-kartice\/odmor-u-termama-topolsica\/","url":"https:\/\/www.terme-topolsica.si\/hr\/online-trgovina\/darovne-kartice\/odmor-u-termama-topolsica\/","name":"Odmor u Termama Topol\u0161ica - Terme Topol\u0161ica","isPartOf":{"@id":"https:\/\/www.terme-topolsica.si\/hr\/#website"},"primaryImageOfPage":{"@id":"https:\/\/www.terme-topolsica.si\/hr\/online-trgovina\/darovne-kartice\/odmor-u-termama-topolsica\/#primaryimage"},"image":{"@id":"https:\/\/www.terme-topolsica.si\/hr\/online-trgovina\/darovne-kartice\/odmor-u-termama-topolsica\/#primaryimage"},"thumbnailUrl":"https:\/\/www.terme-topolsica.si\/wp-content\/uploads\/2023\/01\/bazeni-terme-topolsica.webp","datePublished":"2025-12-12T07:30:11+00:00","dateModified":"2026-03-03T07:34:19+00:00","description":"Oddih v Termah Topol\u0161i\u010da \u2013 darilni bon za 2 no\u010ditvi v Comfort sobi z balkonom za 2 osebi, polpenzion ter sprostitev v termalnih bazenih in savnah.","breadcrumb":{"@id":"https:\/\/www.terme-topolsica.si\/hr\/online-trgovina\/darovne-kartice\/odmor-u-termama-topolsica\/#breadcrumb"},"inLanguage":"hr","potentialAction":[{"@type":"ReadAction","target":["https:\/\/www.terme-topolsica.si\/hr\/online-trgovina\/darovne-kartice\/odmor-u-termama-topolsica\/"]}]},{"@type":"ImageObject","inLanguage":"hr","@id":"https:\/\/www.terme-topolsica.si\/hr\/online-trgovina\/darovne-kartice\/odmor-u-termama-topolsica\/#primaryimage","url":"https:\/\/www.terme-topolsica.si\/wp-content\/uploads\/2023\/01\/bazeni-terme-topolsica.webp","contentUrl":"https:\/\/www.terme-topolsica.si\/wp-content\/uploads\/2023\/01\/bazeni-terme-topolsica.webp","width":900,"height":600},{"@type":"BreadcrumbList","@id":"https:\/\/www.terme-topolsica.si\/hr\/online-trgovina\/darovne-kartice\/odmor-u-termama-topolsica\/#breadcrumb","itemListElement":[{"@type":"ListItem","position":1,"name":"Domov","item":"https:\/\/www.terme-topolsica.si\/hr\/"},{"@type":"ListItem","position":2,"name":"Internet trgovina","item":"https:\/\/www.terme-topolsica.si\/hr\/shop\/"},{"@type":"ListItem","position":3,"name":"Odmor u Termama Topol\u0161ica"}]},{"@type":"WebSite","@id":"https:\/\/www.terme-topolsica.si\/hr\/#website","url":"https:\/\/www.terme-topolsica.si\/hr\/","name":"Terme Topol\u0161ica","description":"Termalni oddih in edinstveno do\u017eivetje","publisher":{"@id":"https:\/\/www.terme-topolsica.si\/hr\/#organization"},"potentialAction":[{"@type":"SearchAction","target":{"@type":"EntryPoint","urlTemplate":"https:\/\/www.terme-topolsica.si\/hr\/?s={search_term_string}"},"query-input":{"@type":"PropertyValueSpecification","valueRequired":true,"valueName":"search_term_string"}}],"inLanguage":"hr"},{"@type":"Organization","@id":"https:\/\/www.terme-topolsica.si\/hr\/#organization","name":"Terme Topol\u0161ica","url":"https:\/\/www.terme-topolsica.si\/hr\/","logo":{"@type":"ImageObject","inLanguage":"hr","@id":"https:\/\/www.terme-topolsica.si\/hr\/#\/schema\/logo\/image\/","url":"https:\/\/www.terme-topolsica.si\/wp-content\/uploads\/2021\/06\/logo-terme-topolsica-1.png","contentUrl":"https:\/\/www.terme-topolsica.si\/wp-content\/uploads\/2021\/06\/logo-terme-topolsica-1.png","width":340,"height":156,"caption":"Terme Topol\u0161ica"},"image":{"@id":"https:\/\/www.terme-topolsica.si\/hr\/#\/schema\/logo\/image\/"},"sameAs":["https:\/\/www.facebook.com\/TermeTopolsica","https:\/\/www.instagram.com\/termetopolsica\/","https:\/\/www.linkedin.com\/company\/terme-topolsica\/"]}]}},"_links":{"self":[{"href":"https:\/\/www.terme-topolsica.si\/hr\/wp-json\/wp\/v2\/product\/24090","targetHints":{"allow":["GET"]}}],"collection":[{"href":"https:\/\/www.terme-topolsica.si\/hr\/wp-json\/wp\/v2\/product"}],"about":[{"href":"https:\/\/www.terme-topolsica.si\/hr\/wp-json\/wp\/v2\/types\/product"}],"version-history":[{"count":2,"href":"https:\/\/www.terme-topolsica.si\/hr\/wp-json\/wp\/v2\/product\/24090\/revisions"}],"predecessor-version":[{"id":25405,"href":"https:\/\/www.terme-topolsica.si\/hr\/wp-json\/wp\/v2\/product\/24090\/revisions\/25405"}],"wp:featuredmedia":[{"embeddable":true,"href":"https:\/\/www.terme-topolsica.si\/hr\/wp-json\/wp\/v2\/media\/14595"}],"wp:attachment":[{"href":"https:\/\/www.terme-topolsica.si\/hr\/wp-json\/wp\/v2\/media?parent=24090"}],"wp:term":[{"taxonomy":"product_brand","embeddable":true,"href":"https:\/\/www.terme-topolsica.si\/hr\/wp-json\/wp\/v2\/product_brand?post=24090"},{"taxonomy":"product_cat","embeddable":true,"href":"https:\/\/www.terme-topolsica.si\/hr\/wp-json\/wp\/v2\/product_cat?post=24090"},{"taxonomy":"product_tag","embeddable":true,"href":"https:\/\/www.terme-topolsica.si\/hr\/wp-json\/wp\/v2\/product_tag?post=24090"}],"curies":[{"name":"wp","href":"https:\/\/api.w.org\/{rel}","templated":true}]}}