{"id":24083,"date":"2025-12-12T09:25:12","date_gmt":"2025-12-12T07:25:12","guid":{"rendered":"https:\/\/www.terme-topolsica.si\/?post_type=product&#038;p=24083"},"modified":"2025-12-12T14:31:41","modified_gmt":"2025-12-12T12:31:41","slug":"razmazivanje-u-dvoje","status":"publish","type":"product","link":"https:\/\/www.terme-topolsica.si\/hr\/online-trgovina\/darovne-kartice\/razmazivanje-u-dvoje\/","title":{"rendered":"Razmazivanje u dvoje"},"content":{"rendered":"<p>Paket uklju\u010duje:<\/p>\n<ul class=\"ql-rendered-list-container\" data-is-root=\"true\">\n<li class=\"ql-rendered-bullet-list\" data-block-id=\"block-307e1ec1-4086-4fbb-ab36-3c3acbd1f78d\"><strong>2 no\u0107enja<\/strong> u udobnoj <em>Superior<\/em> sobi \u2013 prostor za opu\u0161tanje i intimu, daleko od svakodnevnih briga.<\/li>\n<li class=\"ql-rendered-bullet-list\" data-block-id=\"block-1a095a07-18c1-4036-bb59-3f3220f75c8f\"><strong>Polupansion<\/strong> \u2013 ukusna i pa\u017eljivo pripremljena jela u ugodnom ambijentu.<\/li>\n<li class=\"ql-rendered-bullet-list\" data-block-id=\"block-422d6e67-6cf6-47fd-8a2f-22b1f6db3750\"><strong>Ulaz u bazene i saune <\/strong>\u2013 termalna voda i toplina sauna za potpunu opu\u0161tenost tijela i uma.<\/li>\n<li class=\"ql-rendered-bullet-list\" data-block-id=\"block-5c55d16d-60a0-4ad6-acff-90a6d6f75b0a\"><strong>2 parcijalne masa\u017ee<\/strong> \u2013 nje\u017ean dodir stru\u010dnjaka za regeneraciju i smirenje.<\/li>\n<li class=\"ql-rendered-bullet-list\" data-block-id=\"block-eaa17b5e-a9cd-44a5-865c-608cd16f5010\"><strong>Boca pjenu\u0161ca <\/strong>\u2013 nazdravite zajedni\u010dkim trenucima i stvorite nove uspomene.<\/li>\n<\/ul>\n","protected":false},"excerpt":{"rendered":"<p>Poklonite nezaboravno iskustvo puno opu\u0161tanja i zajedni\u010dkih trenutaka. Paket Rastere\u0107enje u dvoje u Termama Topol\u0161ica savr\u0161en je izbor za godi\u0161njice, ro\u0111endane, blagdane ili kao znak pa\u017enje.<\/p>\n","protected":false},"featured_media":24095,"template":"","meta":[],"product_brand":[],"product_cat":[171,130],"product_tag":[],"class_list":{"0":"post-24083","1":"product","2":"type-product","3":"status-publish","4":"has-post-thumbnail","6":"product_cat-smjestaj-2","7":"product_cat-darovne-kartice","9":"first","10":"instock","11":"purchasable","12":"product-type-simple"},"yoast_head":"<!-- This site is optimized with the Yoast SEO plugin v26.9 - https:\/\/yoast.com\/product\/yoast-seo-wordpress\/ -->\n<title>Razmazivanje u dvoje - Terme Topol\u0161ica<\/title>\n<meta name=\"description\" content=\"Poklonite savr\u0161eno iskustvo - poklon bon uklju\u010duje pa\u017eljivo odabrane usluge prilago\u0111ene opu\u0161tanju i nezaboravnim trenucima\" \/>\n<meta name=\"robots\" content=\"index, follow, max-snippet:-1, max-image-preview:large, max-video-preview:-1\" \/>\n<link rel=\"canonical\" href=\"https:\/\/www.terme-topolsica.si\/hr\/online-trgovina\/darovne-kartice\/razmazivanje-u-dvoje\/\" \/>\n<meta property=\"og:locale\" content=\"hr_HR\" \/>\n<meta property=\"og:type\" content=\"article\" \/>\n<meta property=\"og:title\" content=\"Razmazivanje u dvoje - Terme Topol\u0161ica\" \/>\n<meta property=\"og:description\" content=\"Poklonite savr\u0161eno iskustvo - poklon bon uklju\u010duje pa\u017eljivo odabrane usluge prilago\u0111ene opu\u0161tanju i nezaboravnim trenucima\" \/>\n<meta property=\"og:url\" content=\"https:\/\/www.terme-topolsica.si\/hr\/online-trgovina\/darovne-kartice\/razmazivanje-u-dvoje\/\" \/>\n<meta property=\"og:site_name\" content=\"Terme Topol\u0161ica\" \/>\n<meta property=\"article:publisher\" content=\"https:\/\/www.facebook.com\/TermeTopolsica\" \/>\n<meta property=\"article:modified_time\" content=\"2025-12-12T12:31:41+00:00\" \/>\n<meta property=\"og:image\" content=\"https:\/\/www.terme-topolsica.si\/wp-content\/uploads\/2023\/01\/wellness-razvajanje-300x200.webp\" \/>\n<meta name=\"twitter:card\" content=\"summary_large_image\" \/>\n<meta name=\"twitter:label1\" content=\"Procijenjeno vrijeme \u010ditanja\" \/>\n\t<meta name=\"twitter:data1\" content=\"1 minuta\" \/>\n<script type=\"application\/ld+json\" class=\"yoast-schema-graph\">{\"@context\":\"https:\/\/schema.org\",\"@graph\":[{\"@type\":\"WebPage\",\"@id\":\"https:\/\/www.terme-topolsica.si\/hr\/online-trgovina\/darovne-kartice\/razmazivanje-u-dvoje\/\",\"url\":\"https:\/\/www.terme-topolsica.si\/hr\/online-trgovina\/darovne-kartice\/razmazivanje-u-dvoje\/\",\"name\":\"Razmazivanje u dvoje - Terme Topol\u0161ica\",\"isPartOf\":{\"@id\":\"https:\/\/www.terme-topolsica.si\/hr\/#website\"},\"primaryImageOfPage\":{\"@id\":\"https:\/\/www.terme-topolsica.si\/hr\/online-trgovina\/darovne-kartice\/razmazivanje-u-dvoje\/#primaryimage\"},\"image\":{\"@id\":\"https:\/\/www.terme-topolsica.si\/hr\/online-trgovina\/darovne-kartice\/razmazivanje-u-dvoje\/#primaryimage\"},\"thumbnailUrl\":\"https:\/\/www.terme-topolsica.si\/wp-content\/uploads\/2021\/10\/300-wellness-20101.jpg\",\"datePublished\":\"2025-12-12T07:25:12+00:00\",\"dateModified\":\"2025-12-12T12:31:41+00:00\",\"description\":\"Poklonite savr\u0161eno iskustvo - poklon bon uklju\u010duje pa\u017eljivo odabrane usluge prilago\u0111ene opu\u0161tanju i nezaboravnim trenucima\",\"breadcrumb\":{\"@id\":\"https:\/\/www.terme-topolsica.si\/hr\/online-trgovina\/darovne-kartice\/razmazivanje-u-dvoje\/#breadcrumb\"},\"inLanguage\":\"hr\",\"potentialAction\":[{\"@type\":\"ReadAction\",\"target\":[\"https:\/\/www.terme-topolsica.si\/hr\/online-trgovina\/darovne-kartice\/razmazivanje-u-dvoje\/\"]}]},{\"@type\":\"ImageObject\",\"inLanguage\":\"hr\",\"@id\":\"https:\/\/www.terme-topolsica.si\/hr\/online-trgovina\/darovne-kartice\/razmazivanje-u-dvoje\/#primaryimage\",\"url\":\"https:\/\/www.terme-topolsica.si\/wp-content\/uploads\/2021\/10\/300-wellness-20101.jpg\",\"contentUrl\":\"https:\/\/www.terme-topolsica.si\/wp-content\/uploads\/2021\/10\/300-wellness-20101.jpg\",\"width\":1276,\"height\":850},{\"@type\":\"BreadcrumbList\",\"@id\":\"https:\/\/www.terme-topolsica.si\/hr\/online-trgovina\/darovne-kartice\/razmazivanje-u-dvoje\/#breadcrumb\",\"itemListElement\":[{\"@type\":\"ListItem\",\"position\":1,\"name\":\"Domov\",\"item\":\"https:\/\/www.terme-topolsica.si\/hr\/\"},{\"@type\":\"ListItem\",\"position\":2,\"name\":\"Internet trgovina\",\"item\":\"https:\/\/www.terme-topolsica.si\/hr\/shop\/\"},{\"@type\":\"ListItem\",\"position\":3,\"name\":\"Razmazivanje u dvoje\"}]},{\"@type\":\"WebSite\",\"@id\":\"https:\/\/www.terme-topolsica.si\/hr\/#website\",\"url\":\"https:\/\/www.terme-topolsica.si\/hr\/\",\"name\":\"Terme Topol\u0161ica\",\"description\":\"Termalni oddih in edinstveno do\u017eivetje\",\"publisher\":{\"@id\":\"https:\/\/www.terme-topolsica.si\/hr\/#organization\"},\"potentialAction\":[{\"@type\":\"SearchAction\",\"target\":{\"@type\":\"EntryPoint\",\"urlTemplate\":\"https:\/\/www.terme-topolsica.si\/hr\/?s={search_term_string}\"},\"query-input\":{\"@type\":\"PropertyValueSpecification\",\"valueRequired\":true,\"valueName\":\"search_term_string\"}}],\"inLanguage\":\"hr\"},{\"@type\":\"Organization\",\"@id\":\"https:\/\/www.terme-topolsica.si\/hr\/#organization\",\"name\":\"Terme Topol\u0161ica\",\"url\":\"https:\/\/www.terme-topolsica.si\/hr\/\",\"logo\":{\"@type\":\"ImageObject\",\"inLanguage\":\"hr\",\"@id\":\"https:\/\/www.terme-topolsica.si\/hr\/#\/schema\/logo\/image\/\",\"url\":\"https:\/\/www.terme-topolsica.si\/wp-content\/uploads\/2021\/06\/logo-terme-topolsica-1.png\",\"contentUrl\":\"https:\/\/www.terme-topolsica.si\/wp-content\/uploads\/2021\/06\/logo-terme-topolsica-1.png\",\"width\":340,\"height\":156,\"caption\":\"Terme Topol\u0161ica\"},\"image\":{\"@id\":\"https:\/\/www.terme-topolsica.si\/hr\/#\/schema\/logo\/image\/\"},\"sameAs\":[\"https:\/\/www.facebook.com\/TermeTopolsica\",\"https:\/\/www.instagram.com\/termetopolsica\/\",\"https:\/\/www.linkedin.com\/company\/terme-topolsica\/\"]}]}<\/script>\n<!-- \/ Yoast SEO plugin. -->","yoast_head_json":{"title":"Razmazivanje u dvoje - Terme Topol\u0161ica","description":"Poklonite savr\u0161eno iskustvo - poklon bon uklju\u010duje pa\u017eljivo odabrane usluge prilago\u0111ene opu\u0161tanju i nezaboravnim trenucima","robots":{"index":"index","follow":"follow","max-snippet":"max-snippet:-1","max-image-preview":"max-image-preview:large","max-video-preview":"max-video-preview:-1"},"canonical":"https:\/\/www.terme-topolsica.si\/hr\/online-trgovina\/darovne-kartice\/razmazivanje-u-dvoje\/","og_locale":"hr_HR","og_type":"article","og_title":"Razmazivanje u dvoje - Terme Topol\u0161ica","og_description":"Poklonite savr\u0161eno iskustvo - poklon bon uklju\u010duje pa\u017eljivo odabrane usluge prilago\u0111ene opu\u0161tanju i nezaboravnim trenucima","og_url":"https:\/\/www.terme-topolsica.si\/hr\/online-trgovina\/darovne-kartice\/razmazivanje-u-dvoje\/","og_site_name":"Terme Topol\u0161ica","article_publisher":"https:\/\/www.facebook.com\/TermeTopolsica","article_modified_time":"2025-12-12T12:31:41+00:00","og_image":[{"url":"https:\/\/www.terme-topolsica.si\/wp-content\/uploads\/2023\/01\/wellness-razvajanje-300x200.webp","type":"","width":"","height":""}],"twitter_card":"summary_large_image","twitter_misc":{"Procijenjeno vrijeme \u010ditanja":"1 minuta"},"schema":{"@context":"https:\/\/schema.org","@graph":[{"@type":"WebPage","@id":"https:\/\/www.terme-topolsica.si\/hr\/online-trgovina\/darovne-kartice\/razmazivanje-u-dvoje\/","url":"https:\/\/www.terme-topolsica.si\/hr\/online-trgovina\/darovne-kartice\/razmazivanje-u-dvoje\/","name":"Razmazivanje u dvoje - Terme Topol\u0161ica","isPartOf":{"@id":"https:\/\/www.terme-topolsica.si\/hr\/#website"},"primaryImageOfPage":{"@id":"https:\/\/www.terme-topolsica.si\/hr\/online-trgovina\/darovne-kartice\/razmazivanje-u-dvoje\/#primaryimage"},"image":{"@id":"https:\/\/www.terme-topolsica.si\/hr\/online-trgovina\/darovne-kartice\/razmazivanje-u-dvoje\/#primaryimage"},"thumbnailUrl":"https:\/\/www.terme-topolsica.si\/wp-content\/uploads\/2021\/10\/300-wellness-20101.jpg","datePublished":"2025-12-12T07:25:12+00:00","dateModified":"2025-12-12T12:31:41+00:00","description":"Poklonite savr\u0161eno iskustvo - poklon bon uklju\u010duje pa\u017eljivo odabrane usluge prilago\u0111ene opu\u0161tanju i nezaboravnim trenucima","breadcrumb":{"@id":"https:\/\/www.terme-topolsica.si\/hr\/online-trgovina\/darovne-kartice\/razmazivanje-u-dvoje\/#breadcrumb"},"inLanguage":"hr","potentialAction":[{"@type":"ReadAction","target":["https:\/\/www.terme-topolsica.si\/hr\/online-trgovina\/darovne-kartice\/razmazivanje-u-dvoje\/"]}]},{"@type":"ImageObject","inLanguage":"hr","@id":"https:\/\/www.terme-topolsica.si\/hr\/online-trgovina\/darovne-kartice\/razmazivanje-u-dvoje\/#primaryimage","url":"https:\/\/www.terme-topolsica.si\/wp-content\/uploads\/2021\/10\/300-wellness-20101.jpg","contentUrl":"https:\/\/www.terme-topolsica.si\/wp-content\/uploads\/2021\/10\/300-wellness-20101.jpg","width":1276,"height":850},{"@type":"BreadcrumbList","@id":"https:\/\/www.terme-topolsica.si\/hr\/online-trgovina\/darovne-kartice\/razmazivanje-u-dvoje\/#breadcrumb","itemListElement":[{"@type":"ListItem","position":1,"name":"Domov","item":"https:\/\/www.terme-topolsica.si\/hr\/"},{"@type":"ListItem","position":2,"name":"Internet trgovina","item":"https:\/\/www.terme-topolsica.si\/hr\/shop\/"},{"@type":"ListItem","position":3,"name":"Razmazivanje u dvoje"}]},{"@type":"WebSite","@id":"https:\/\/www.terme-topolsica.si\/hr\/#website","url":"https:\/\/www.terme-topolsica.si\/hr\/","name":"Terme Topol\u0161ica","description":"Termalni oddih in edinstveno do\u017eivetje","publisher":{"@id":"https:\/\/www.terme-topolsica.si\/hr\/#organization"},"potentialAction":[{"@type":"SearchAction","target":{"@type":"EntryPoint","urlTemplate":"https:\/\/www.terme-topolsica.si\/hr\/?s={search_term_string}"},"query-input":{"@type":"PropertyValueSpecification","valueRequired":true,"valueName":"search_term_string"}}],"inLanguage":"hr"},{"@type":"Organization","@id":"https:\/\/www.terme-topolsica.si\/hr\/#organization","name":"Terme Topol\u0161ica","url":"https:\/\/www.terme-topolsica.si\/hr\/","logo":{"@type":"ImageObject","inLanguage":"hr","@id":"https:\/\/www.terme-topolsica.si\/hr\/#\/schema\/logo\/image\/","url":"https:\/\/www.terme-topolsica.si\/wp-content\/uploads\/2021\/06\/logo-terme-topolsica-1.png","contentUrl":"https:\/\/www.terme-topolsica.si\/wp-content\/uploads\/2021\/06\/logo-terme-topolsica-1.png","width":340,"height":156,"caption":"Terme Topol\u0161ica"},"image":{"@id":"https:\/\/www.terme-topolsica.si\/hr\/#\/schema\/logo\/image\/"},"sameAs":["https:\/\/www.facebook.com\/TermeTopolsica","https:\/\/www.instagram.com\/termetopolsica\/","https:\/\/www.linkedin.com\/company\/terme-topolsica\/"]}]}},"_links":{"self":[{"href":"https:\/\/www.terme-topolsica.si\/hr\/wp-json\/wp\/v2\/product\/24083","targetHints":{"allow":["GET"]}}],"collection":[{"href":"https:\/\/www.terme-topolsica.si\/hr\/wp-json\/wp\/v2\/product"}],"about":[{"href":"https:\/\/www.terme-topolsica.si\/hr\/wp-json\/wp\/v2\/types\/product"}],"version-history":[{"count":1,"href":"https:\/\/www.terme-topolsica.si\/hr\/wp-json\/wp\/v2\/product\/24083\/revisions"}],"predecessor-version":[{"id":24102,"href":"https:\/\/www.terme-topolsica.si\/hr\/wp-json\/wp\/v2\/product\/24083\/revisions\/24102"}],"wp:featuredmedia":[{"embeddable":true,"href":"https:\/\/www.terme-topolsica.si\/hr\/wp-json\/wp\/v2\/media\/24095"}],"wp:attachment":[{"href":"https:\/\/www.terme-topolsica.si\/hr\/wp-json\/wp\/v2\/media?parent=24083"}],"wp:term":[{"taxonomy":"product_brand","embeddable":true,"href":"https:\/\/www.terme-topolsica.si\/hr\/wp-json\/wp\/v2\/product_brand?post=24083"},{"taxonomy":"product_cat","embeddable":true,"href":"https:\/\/www.terme-topolsica.si\/hr\/wp-json\/wp\/v2\/product_cat?post=24083"},{"taxonomy":"product_tag","embeddable":true,"href":"https:\/\/www.terme-topolsica.si\/hr\/wp-json\/wp\/v2\/product_tag?post=24083"}],"curies":[{"name":"wp","href":"https:\/\/api.w.org\/{rel}","templated":true}]}}