{"id":23836,"date":"2025-12-02T11:15:59","date_gmt":"2025-12-02T09:15:59","guid":{"rendered":"https:\/\/www.terme-topolsica.si\/?page_id=23836"},"modified":"2025-12-02T11:42:36","modified_gmt":"2025-12-02T09:42:36","slug":"politika-privatnosti","status":"publish","type":"page","link":"https:\/\/www.terme-topolsica.si\/hr\/politika-privatnosti\/","title":{"rendered":"Politika privatnosti"},"content":{"rendered":"\t\t<div data-elementor-type=\"wp-page\" data-elementor-id=\"23836\" class=\"elementor elementor-23836 elementor-23833\" data-elementor-post-type=\"page\">\n\t\t\t\t\t\t<section class=\"elementor-section elementor-top-section elementor-element elementor-element-f08700d elementor-section-height-min-height elementor-section-boxed elementor-section-height-default elementor-section-items-middle\" data-id=\"f08700d\" data-element_type=\"section\" data-e-type=\"section\" data-settings=\"{&quot;background_background&quot;:&quot;classic&quot;}\">\n\t\t\t\t\t\t\t<div class=\"elementor-background-overlay\"><\/div>\n\t\t\t\t\t\t\t<div class=\"elementor-container elementor-column-gap-default\">\n\t\t\t\t\t<div class=\"elementor-column elementor-col-100 elementor-top-column elementor-element elementor-element-2b443c7\" data-id=\"2b443c7\" data-element_type=\"column\" data-e-type=\"column\">\n\t\t\t<div class=\"elementor-widget-wrap elementor-element-populated\">\n\t\t\t\t\t\t<div class=\"elementor-element elementor-element-bbe7155 elementor-widget elementor-widget-heading\" data-id=\"bbe7155\" data-element_type=\"widget\" data-e-type=\"widget\" data-widget_type=\"heading.default\">\n\t\t\t\t<div class=\"elementor-widget-container\">\n\t\t\t\t\t<h1 class=\"elementor-heading-title elementor-size-default\">Politika privatnosti<\/h1>\t\t\t\t<\/div>\n\t\t\t\t<\/div>\n\t\t\t\t<div class=\"elementor-element elementor-element-d198eca elementor-widget elementor-widget-text-editor\" data-id=\"d198eca\" data-element_type=\"widget\" data-e-type=\"widget\" data-widget_type=\"text-editor.default\">\n\t\t\t\t<div class=\"elementor-widget-container\">\n\t\t\t\t\t\t\t\t\t<p>Terme Topol\u0161ica<\/p>\t\t\t\t\t\t\t\t<\/div>\n\t\t\t\t<\/div>\n\t\t\t\t\t<\/div>\n\t\t<\/div>\n\t\t\t\t\t<\/div>\n\t\t<\/section>\n\t\t\t\t<section class=\"elementor-section elementor-top-section elementor-element elementor-element-a2611f7 elementor-section-boxed elementor-section-height-default elementor-section-height-default\" data-id=\"a2611f7\" data-element_type=\"section\" data-e-type=\"section\">\n\t\t\t\t\t\t<div class=\"elementor-container elementor-column-gap-default\">\n\t\t\t\t\t<div class=\"elementor-column elementor-col-100 elementor-top-column elementor-element elementor-element-faef9c9\" data-id=\"faef9c9\" data-element_type=\"column\" data-e-type=\"column\">\n\t\t\t<div class=\"elementor-widget-wrap elementor-element-populated\">\n\t\t\t\t\t\t<div class=\"elementor-element elementor-element-c2ccc0c elementor-widget elementor-widget-text-editor\" data-id=\"c2ccc0c\" data-element_type=\"widget\" data-e-type=\"widget\" data-widget_type=\"text-editor.default\">\n\t\t\t\t<div class=\"elementor-widget-container\">\n\t\t\t\t\t\t\t\t\t<h2>Politika privatnosti<\/h2><p>Posve\u0107eni smo za\u0161titi va\u0161e privatnosti<\/p><p>Ova politika privatnosti odnosi se na web stranicu <a href=\"https:\/\/www.terme-topolsica.si\">https:\/\/www.terme-topolsica.si<\/a>. U njoj definiramo na\u010dela obrade i pohrane osobnih podataka koje korisnici dostavljaju u vezi s kori\u0161tenjem usluga koje nudi Terme Topol\u0161ica, d.d.<\/p><p>\u00a0<\/p><h3>Voditelj obrade osobnih podataka<\/h3><p>Voditelj obrade osobnih podataka prikupljenih na ovoj web stranici je tvrtka Terme Topol\u0161ica, d.d, Topol\u0161ica 77, 3326 Topol\u0161ica, VAT ID: SI 22892150.<\/p><p>Posve\u0107eni smo po\u0161tivanju va\u0161e privatnosti te obradi va\u0161ih osobnih podataka na siguran na\u010din i u skladu s propisima koji ure\u0111uju za\u0161titu osobnih podataka (Uredba (EU) 2016\/679 \u2013 GDPR i Zakon o za\u0161titi osobnih podataka \u2013 ZVOP-1). Dobivene podatke koristimo isklju\u010divo u svrhe povezane s na\u0161im poslovanjem.<\/p><p>\u00a0<\/p><h3>Izvr\u0161itelj obrade osobnih podataka<\/h3><p>Suradjujemo s vanjskim pru\u017eateljima usluga koji djeluju kao na\u0161i izvr\u0161itelji obrade osobnih podataka. Oni obra\u0111uju podatke u na\u0161e ime u svrhu dobivanja rezervacija, pru\u017eanja analiti\u010dkih i marketin\u0161kih usluga, pobolj\u0161anja usluge i korisni\u010dkog iskustva itd.<\/p><p>\u00a0<\/p><h3>Cubilis sustav za rezervacije<\/h3><p>Koristimo rezervacijski sustav Booking Engine Cubilis tvrtke Stardekk NV za prikupljanje i obradu izravnih internetskih rezervacija boravka u na\u0161oj smje\u0161tajnoj jedinici. Tvrtka Stardekk NV sudjeluje u EU i potvrdila je svoju uskla\u0111enost s EU-U.S. Privacy Shield okvirom. Vi\u0161e o pravilima privatnosti tvrtke Stardekk mo\u017eete pro\u010ditati <a href=\"https:\/\/www.stardekk.com\/privacy-policy\">ovdje<\/a>.<\/p><p>\u00a0<\/p><h3>SENDPULSE softver za e-novosti<\/h3><p>Za obradu pretplata na na\u0161e e-novosti i slanje promotivnih e-novosti koristimo softver Sendpulse tvrtke SendPulse Inc. SendPulse Inc. pohranjuje na\u0161e podatke u EU i SAD-u te je potvrdio svoju uskla\u0111enost s GDPR direktivom Europske unije. Vi\u0161e o politici privatnosti Sendpulsea mo\u017eete prona\u0107i <a href=\"https:\/\/sendpulse.com\/legal\/pp\">ovdje<\/a>.<\/p><p>\u00a0<\/p><h3>Kako prikupljamo va\u0161e osobne podatke?<\/h3><p>S va\u0161im podacima postupamo s najve\u0107om mogu\u0107om pa\u017enjom. Svi osobni podaci koje prikupljamo od korisnika web stranice su privatni i povjerljivi.<\/p><p>Osobne podatke prikupljamo u obrascu za rezervaciju, gdje korisnik unosi sve osobne podatke relevantne za rezervaciju i ispunjenje zatra\u017eene usluge.<\/p><p>Tako\u0111er prikupljamo osobne podatke koje korisnik navede prilikom ispunjavanja obrasca za registraciju na e-novosti.<\/p><p>Osobne podatke gosta fizi\u010dki prikupljamo prilikom prijave u hotel na recepciji.<\/p><p>Osim osobnih podataka koje dostavljate putem gore navedenih metoda, ova web stranica koristi tehnologiju koja prikuplja odre\u0111ene tehni\u010dke podatke, poput IP adrese korisnika. IP adresa korisnika bilje\u017ei se prilikom predaje prijave na e-novosti (i slu\u017ei isklju\u010divo kao dokaz da se korisnik sam prijavio).<\/p><p>U svim ostalim slu\u010dajevima IP adrese ne povezujemo s pojedincima te je svaki korisnik web stranice anoniman. Uz pomo\u0107 kola\u010di\u0107a i sli\u010dnih tehnologija prikupljamo anonimne podatke o va\u0161em kori\u0161tenju na\u0161e web stranice. Vi\u0161e informacija o tome kako koristimo te tehnologije potra\u017eite u <a href=\"https:\/\/www.terme-topolsica.si\/hr\/informacije-o-kolacicima\/\">Politici kola\u010di\u0107a<\/a>.<\/p><p>\u00a0<\/p><h3>Koji se osobni podaci prikupljaju?<\/h3><p>U obrascu za rezervaciju prikupljamo:<\/p><p>Ime, prezime, broj telefona, e-mail adresu i dr\u017eavu korisnika;<\/p><p>Podatke o tvrtki korisnika (ako je rezervacija obavljena u ime tvrtke);<\/p><p>Podatke o kreditnoj kartici (vrsta kartice, ime vlasnika, broj kartice, datum isteka);<\/p><p>Informacije o boravku gosta, uklju\u010duju\u0107i datum dolaska i odlaska, vrstu usluge, odabranu posebnu ponudu, posebne zahtjeve i \u017eelje;<\/p><p>Nudimo mogu\u0107nost prijave na na\u0161e promotivne e-novosti ozna\u010davanjem praznog potvrdnog polja.<\/p><p>\u00a0<\/p><h3>U koju svrhu se koriste osobni podaci?<\/h3><p>Svi podaci dobiveni putem obrasca za rezervaciju koriste se za obradu va\u0161e rezervacije i komunikaciju vezanu uz pru\u017eanje na\u0161ih usluga; to uklju\u010duje transakcijske e-mailove potrebne za izvr\u0161enje poslovnog sporazuma nastalog predajom rezervacije.<\/p><p>E-mail adresa dobivena putem obrasca za prijavu na e-novosti ili ozna\u010davanjem polja u obrascu za rezervaciju koristi se za slanje promotivnih materijala putem sustava Sendpulse. Podaci o imenu i odabranom jeziku koriste se za prilagodbu korisni\u010dkog iskustva.<\/p><p>Informacije dobivene putem obrasca za upit za doga\u0111anje koriste se za pripremu ponuda za doga\u0111anja, sastanke ili konferencije u na\u0161em hotelu.<\/p><p>Osobni podaci prikupljeni pri prijavi u hotel koriste se radi ispunjenja na\u0161ih zakonskih obveza.<\/p><p>\u00a0<\/p><h3>Osnova za obradu osobnih podataka<\/h3><p>Obrazac za rezervaciju: ispunjenje zakonskih obveza voditelja obrade<\/p><p>Pretplata na e-novosti: osobna privola<\/p><p>Zahtjev za ponudu: ispunjenje ugovornih obveza voditelja obrade<\/p><p>Prijava na recepciji: ispunjenje ugovornih obveza voditelja, ispunjenje zakonskih obveza voditelja<\/p>\t\t\t\t\t\t\t\t<\/div>\n\t\t\t\t<\/div>\n\t\t\t\t<div class=\"elementor-element elementor-element-ea35bf7 videonadzor elementor-widget elementor-widget-text-editor\" data-id=\"ea35bf7\" data-element_type=\"widget\" data-e-type=\"widget\" id=\"videonadzor\" data-widget_type=\"text-editor.default\">\n\t\t\t\t<div class=\"elementor-widget-container\">\n\t\t\t\t\t\t\t\t\t<h3>Razdoblje \u010duvanja osobnih podataka<\/h3><p>Osobne podatke mo\u017eemo \u010duvati onoliko dugo koliko je potrebno za ispunjenje svrhe za koju su prikupljeni ili do povla\u010denja privole pojedinca. Na temelju pisanog povla\u010denja privole korisnika, podaci se bri\u0161u.<\/p><h3><br \/>Obavijest o videonadzoru<\/h3>\t\t\t\t\t\t\t\t<\/div>\n\t\t\t\t<\/div>\n\t\t\t\t<div class=\"elementor-element elementor-element-689c451 videonadzor elementor-widget elementor-widget-text-editor\" data-id=\"689c451\" data-element_type=\"widget\" data-e-type=\"widget\" data-widget_type=\"text-editor.default\">\n\t\t\t\t<div class=\"elementor-widget-container\">\n\t\t\t\t\t\t\t\t\t<p>Obavijest pojedincima prema tre\u0107em stavku \u010dlanka 76. Zakona o za\u0161titi osobnih podataka (ZVOP-2, Slu\u017ebeni list Republike Slovenije br. 163\/2022) o provo\u0111enju videonadzora na podru\u010djima, prostorima i objektima dru\u0161tva Terme Topol\u0161ica, d.d.<\/p><p>\u00a0<\/p><p><strong>1. Voditelj obrade koji provodi videonadzor:<\/strong><\/p><p>\u2022 Naravno zdravili\u0161\u010de Topol\u0161ica, d.d., skra\u0107eni naziv: Terme Topol\u0161ica, d.d. <br \/>\u2022 Topol\u0161ica 77, 3326 Topol\u0161ica <br \/>\u2022 Mati\u010dni broj: 5259274000 <br \/>\u2022 Porezni broj: SI22892150 <br \/>\u2022 E-mail: <a href=\"mailto:kadri@terme-topolsica.si\">kadri@terme-topolsica.si<\/a> <br \/>\u2022 Odgovorna osoba voditelja obrade: Bo\u017eena Herzog, direktorica<\/p><p>\u00a0<\/p><p><strong>2. Kontakt za ostvarivanje prava pojedinca<\/strong><\/p><p>Svetlana Jauz, e-mail:<a href=\"mailto:kadri@terme-topolsica.si\"> kadri@terme-topolsica.si<\/a><\/p><p>\u00a0<\/p><p><strong>3. Svrha provo\u0111enja videonadzora<\/strong><\/p><p>Videonadzor se provodi radi osiguranja sigurnosti ljudi i imovine na podru\u010djima, objektima i poslovnim prostorima dru\u0161tva Terme Topol\u0161ica, d.d., te radi kontrole ulaza i izlaza, sve u skladu s \u010dlankom 77. stavak 1 i \u010dlankom 78. stavak 1 Zakona o za\u0161titi osobnih podataka (ZVOP-2) te to\u010dkom f) stavka 1 \u010dlanka 6. Op\u0107e uredbe o za\u0161titi podataka (GDPR).<\/p><p>Za sigurnost zaposlenika i gostiju te njihove imovine, kao i imovine dru\u0161tva, nu\u017eno je provoditi videonadzor u svim zajedni\u010dkim prostorima objekata dru\u0161tva, uklju\u010duju\u0107i mjesta na kojima se gosti i zaposlenici slobodno kre\u0107u. Zbog velike povr\u0161ine objekata, svaki drugi na\u010din osiguranja bio bi manje u\u010dinkovit.<\/p><p>U tu svrhu obra\u0111ujemo sljede\u0107e osobne podatke: videosnimku (slika), podatke o lokaciji, datum i vrijeme snimanja.<\/p><p>Voditelj obrade je utvrdio da njegov legitimni interes prevladava nad opravdanim o\u010dekivanjima privatnosti pojedinaca na snimkama. U hotelu se svakodnevno izmjenjuje velik broj gostiju i vanjskih posjetitelja, a s obzirom na veliku povr\u0161inu hotela, sigurnost ljudi i imovine mo\u017ee se osigurati jedino kori\u0161tenjem videonadzornog sustava. Gosti \u2013 osobito oni koji no\u0107e \u2013 o\u010dekuju visoku razinu sigurnosti. Kolektivni interes gostiju za sigurnim boravkom prevladava nad eventualnim interesima pojedinaca za privatno\u0161\u0107u. Videonadzor se provodi isklju\u010divo u zajedni\u010dkim prostorima, u koje pristup ima vi\u0161e gostiju, posjetitelja ili zaposlenika; u hotelskim sobama, sanitarnim prostorima, garderobama, dizalima, uredima i sl. videonadzor se ne provodi.<\/p><p>\u00a0<\/p><p><strong>4. Korisnici videosnimki<\/strong><\/p><p>Ovla\u0161tene osobe dru\u0161tva Terme Topol\u0161ica, d.d.<\/p><p>\u00a0<\/p><p><strong>5. Razdoblje \u010duvanja videosnimki<\/strong><\/p><p>Osobni podaci prikupljeni putem videonadzora \u010duvaju se najdulje 10 dana. Ako su podaci potrebni za kaznene ili druge slu\u017ebene postupke, \u010duvaju se za cijelo vrijeme trajanja postupka. Podaci \u0107e se dostaviti nadle\u017enim dr\u017eavnim tijelima (policija, sud itd.) na temelju odgovaraju\u0107e odluke nadle\u017enog tijela.<\/p><p>Dodatne informacije: <br \/>\u2022 ne dolazi do daljnjih obrada videosnimki; <br \/>\u2022 videosnimke se ne prenose u tre\u0107e zemlje; <br \/>\u2022 zvuk se ne snima; <br \/>\u2022 pra\u0107enje u\u017eivo dostupno je samo ovla\u0161tenim osobama; <br \/>\u2022 ne provodi se automatizirano dono\u0161enje odluka ni izrada profila; <br \/>\u2022 nije mogu\u0107a zvu\u010dna intervencija.<\/p><p>\u00a0<\/p><p><strong>6. Nu\u017enost osiguravanja osobnih podataka \/ privola<\/strong><\/p><p>Privola nije potrebna jer postoji zakonska osnova za provo\u0111enje videonadzora. Pojedinac ima pravo ne u\u0107i u podru\u010dje, prostor ili objekt u kojem se provodi videonadzor.<\/p><p>\u00a0<\/p><p><strong>7. Prava pojedinca u vezi s videosnimkama<\/strong><\/p><p>Pojedinac ima pravo: <br \/>\u2022 pristupa osobnim podacima, odnosno uvida u videosnimku koja se odnosi na njega; <br \/>\u2022 ispravka (zamagljivanje \u2013 anonimizacija), brisanja ili ograni\u010davanja obrade; <br \/>\u2022 prigovora na obradu videosnimke (kopija snimke).<\/p><p>\u00a0<\/p><p>Zahtjev se podnosi na e-mail kadri@terme-topolsica.si ili po\u0161tom na Terme Topol\u0161ica d.d., Topol\u0161ica 77, 3326 Topol\u0161ica.<\/p><p>Terme Topol\u0161ica, d.d. du\u017ene su odgovoriti u roku od 1 mjeseca; u slo\u017eenim slu\u010dajevima ili ve\u0107em broju zahtjeva rok se mo\u017ee produljiti za dodatna 2 mjeseca, o \u010demu \u0107e pojedinac biti obavije\u0161ten.<\/p><p>\u00a0<\/p><p><strong>8. Pravo na podno\u0161enje pritu\u017ebe<\/strong><\/p><p>Pritu\u017eba se mo\u017ee poslati na kadri@terme-topolsica.si ili po\u0161tom na Terme Topol\u0161ica d.d., Topol\u0161ica 77, 3326 Topol\u0161ica.<\/p><p>Tako\u0111er, pojedinac ima pravo podnijeti pritu\u017ebu izravno Informacijskom povjereniku Republike Slovenije: <br \/>Dunajska cesta 22, 1000 Ljubljana. <br \/>Tel.: +386 1 230 97 30, e-po\u0161ta: <a href=\"mailto:gp.ip@ip-rs.si\">gp.ip@ip-rs.si<\/a>, <a href=\"http:\/\/www.ip-rs.si\">www.ip-rs.si<\/a><\/p><p>Topol\u0161ica, 25.11.2025 <br \/>Terme Topol\u0161ica, d.d. <br \/>Direktorica: Bo\u017eena Herzog<\/p><p>\u00a0<\/p>\t\t\t\t\t\t\t\t<\/div>\n\t\t\t\t<\/div>\n\t\t\t\t<div class=\"elementor-element elementor-element-fdbd0d6 videonadzor elementor-widget elementor-widget-text-editor\" data-id=\"fdbd0d6\" data-element_type=\"widget\" data-e-type=\"widget\" data-widget_type=\"text-editor.default\">\n\t\t\t\t<div class=\"elementor-widget-container\">\n\t\t\t\t\t\t\t\t\t<h3>Va\u0161a prava<\/h3><p>Danu privolu mo\u017eete u svakom trenutku povu\u0107i te zatra\u017eiti pristup, ispravak, ograni\u010denje obrade osobnih podataka, brisanje osobnih podataka ili podnijeti prigovor u vezi s obradom va\u0161ih podataka tako da nas o tome obavijestite pisanim putem na adresu Terme Topol\u0161ica, d.d, Topol\u0161ica 77, 3326 Topol\u0161ica, ili putem e-po\u0161te na <a href=\"mailto:kadri@terme-topolsica.si\">kadri@terme-topolsica.si<\/a>.<\/p><p>Ako na\u0161e postupanje ne ispunjava va\u0161a o\u010dekivanja, imate pravo podnijeti pritu\u017ebu nadle\u017enom nadzornom tijelu, odnosno Informacijskom povjereniku Republike Slovenije.<\/p><p>\u00a0<\/p><h3>Na\u0161 kontakt<\/h3><p>Voditelj obrade va\u0161ih osobnih podataka je Terme Topol\u0161ica, d.d, Topol\u0161ica 77, 3326 Topol\u0161ica, VAT ID: SI 22892150.<\/p><p>Ako imate pitanja o tome kako obra\u0111ujemo va\u0161e osobne podatke ili \u017eelite ostvariti neko od prava predvi\u0111enih ovom politikom privatnosti, kontaktirajte nas na <a href=\"mailto:kadri@terme-topolsica.si\">kadri@terme-topolsica.si<\/a>.<\/p><p>\u00a0<\/p><h3>Valjanost<\/h3><p>Ova politika privatnosti stupa na snagu 1. velja\u010de 2025. Dokument je podlo\u017ean promjenama bez prethodne najave.<\/p>\t\t\t\t\t\t\t\t<\/div>\n\t\t\t\t<\/div>\n\t\t\t\t\t<\/div>\n\t\t<\/div>\n\t\t\t\t\t<\/div>\n\t\t<\/section>\n\t\t\t\t<\/div>\n\t\t","protected":false},"excerpt":{"rendered":"<p>Politika privatnosti Terme Topol\u0161ica Politika privatnosti Posve\u0107eni smo za\u0161titi va\u0161e privatnosti Ova politika privatnosti odnosi se na web stranicu https:\/\/www.terme-topolsica.si. U njoj definiramo na\u010dela obrade i pohrane osobnih podataka koje korisnici dostavljaju u vezi s kori\u0161tenjem usluga koje nudi Terme Topol\u0161ica, d.d. \u00a0 Voditelj obrade osobnih podataka Voditelj obrade osobnih podataka prikupljenih na ovoj web [&hellip;]<\/p>\n","protected":false},"author":25,"featured_media":0,"parent":0,"menu_order":0,"comment_status":"closed","ping_status":"closed","template":"","meta":{"footnotes":""},"class_list":["post-23836","page","type-page","status-publish","hentry"],"yoast_head":"<!-- This site is optimized with the Yoast SEO plugin v26.9 - https:\/\/yoast.com\/product\/yoast-seo-wordpress\/ -->\n<title>Politika privatnosti - Terme Topol\u0161ica<\/title>\n<meta name=\"description\" content=\"Politika privatnosti Termi Topol\u0161ica obja\u0161njava kako prikupljamo, \u0161titimo i koristimo va\u0161e osobne podatke u skladu s GDPR-om.\" \/>\n<meta name=\"robots\" content=\"index, follow, max-snippet:-1, max-image-preview:large, max-video-preview:-1\" \/>\n<link rel=\"canonical\" href=\"https:\/\/www.terme-topolsica.si\/hr\/politika-privatnosti\/\" \/>\n<meta property=\"og:locale\" content=\"hr_HR\" \/>\n<meta property=\"og:type\" content=\"article\" \/>\n<meta property=\"og:title\" content=\"Politika privatnosti - Terme Topol\u0161ica\" \/>\n<meta property=\"og:description\" content=\"Politika privatnosti Termi Topol\u0161ica obja\u0161njava kako prikupljamo, \u0161titimo i koristimo va\u0161e osobne podatke u skladu s GDPR-om.\" \/>\n<meta property=\"og:url\" content=\"https:\/\/www.terme-topolsica.si\/hr\/politika-privatnosti\/\" \/>\n<meta property=\"og:site_name\" content=\"Terme Topol\u0161ica\" \/>\n<meta property=\"article:publisher\" content=\"https:\/\/www.facebook.com\/TermeTopolsica\" \/>\n<meta property=\"article:modified_time\" content=\"2025-12-02T09:42:36+00:00\" \/>\n<meta property=\"og:image\" content=\"https:\/\/www.terme-topolsica.si\/wp-content\/uploads\/2022\/03\/DJI_0208-min-3.jpg\" \/>\n\t<meta property=\"og:image:width\" content=\"1920\" \/>\n\t<meta property=\"og:image:height\" content=\"1078\" \/>\n\t<meta property=\"og:image:type\" content=\"image\/jpeg\" \/>\n<meta name=\"twitter:card\" content=\"summary_large_image\" \/>\n<meta name=\"twitter:label1\" content=\"Procijenjeno vrijeme \u010ditanja\" \/>\n\t<meta name=\"twitter:data1\" content=\"8 minuta\" \/>\n<script type=\"application\/ld+json\" class=\"yoast-schema-graph\">{\"@context\":\"https:\/\/schema.org\",\"@graph\":[{\"@type\":\"WebPage\",\"@id\":\"https:\/\/www.terme-topolsica.si\/hr\/politika-privatnosti\/\",\"url\":\"https:\/\/www.terme-topolsica.si\/hr\/politika-privatnosti\/\",\"name\":\"Politika privatnosti - Terme Topol\u0161ica\",\"isPartOf\":{\"@id\":\"https:\/\/www.terme-topolsica.si\/hr\/#website\"},\"datePublished\":\"2025-12-02T09:15:59+00:00\",\"dateModified\":\"2025-12-02T09:42:36+00:00\",\"description\":\"Politika privatnosti Termi Topol\u0161ica obja\u0161njava kako prikupljamo, \u0161titimo i koristimo va\u0161e osobne podatke u skladu s GDPR-om.\",\"breadcrumb\":{\"@id\":\"https:\/\/www.terme-topolsica.si\/hr\/politika-privatnosti\/#breadcrumb\"},\"inLanguage\":\"hr\",\"potentialAction\":[{\"@type\":\"ReadAction\",\"target\":[\"https:\/\/www.terme-topolsica.si\/hr\/politika-privatnosti\/\"]}]},{\"@type\":\"BreadcrumbList\",\"@id\":\"https:\/\/www.terme-topolsica.si\/hr\/politika-privatnosti\/#breadcrumb\",\"itemListElement\":[{\"@type\":\"ListItem\",\"position\":1,\"name\":\"Domov\",\"item\":\"https:\/\/www.terme-topolsica.si\/hr\/\"},{\"@type\":\"ListItem\",\"position\":2,\"name\":\"Politika privatnosti\"}]},{\"@type\":\"WebSite\",\"@id\":\"https:\/\/www.terme-topolsica.si\/hr\/#website\",\"url\":\"https:\/\/www.terme-topolsica.si\/hr\/\",\"name\":\"Terme Topol\u0161ica\",\"description\":\"Termalni oddih in edinstveno do\u017eivetje\",\"publisher\":{\"@id\":\"https:\/\/www.terme-topolsica.si\/hr\/#organization\"},\"potentialAction\":[{\"@type\":\"SearchAction\",\"target\":{\"@type\":\"EntryPoint\",\"urlTemplate\":\"https:\/\/www.terme-topolsica.si\/hr\/?s={search_term_string}\"},\"query-input\":{\"@type\":\"PropertyValueSpecification\",\"valueRequired\":true,\"valueName\":\"search_term_string\"}}],\"inLanguage\":\"hr\"},{\"@type\":\"Organization\",\"@id\":\"https:\/\/www.terme-topolsica.si\/hr\/#organization\",\"name\":\"Terme Topol\u0161ica\",\"url\":\"https:\/\/www.terme-topolsica.si\/hr\/\",\"logo\":{\"@type\":\"ImageObject\",\"inLanguage\":\"hr\",\"@id\":\"https:\/\/www.terme-topolsica.si\/hr\/#\/schema\/logo\/image\/\",\"url\":\"https:\/\/www.terme-topolsica.si\/wp-content\/uploads\/2021\/06\/logo-terme-topolsica-1.png\",\"contentUrl\":\"https:\/\/www.terme-topolsica.si\/wp-content\/uploads\/2021\/06\/logo-terme-topolsica-1.png\",\"width\":340,\"height\":156,\"caption\":\"Terme Topol\u0161ica\"},\"image\":{\"@id\":\"https:\/\/www.terme-topolsica.si\/hr\/#\/schema\/logo\/image\/\"},\"sameAs\":[\"https:\/\/www.facebook.com\/TermeTopolsica\",\"https:\/\/www.instagram.com\/termetopolsica\/\",\"https:\/\/www.linkedin.com\/company\/terme-topolsica\/\"]}]}<\/script>\n<!-- \/ Yoast SEO plugin. -->","yoast_head_json":{"title":"Politika privatnosti - Terme Topol\u0161ica","description":"Politika privatnosti Termi Topol\u0161ica obja\u0161njava kako prikupljamo, \u0161titimo i koristimo va\u0161e osobne podatke u skladu s GDPR-om.","robots":{"index":"index","follow":"follow","max-snippet":"max-snippet:-1","max-image-preview":"max-image-preview:large","max-video-preview":"max-video-preview:-1"},"canonical":"https:\/\/www.terme-topolsica.si\/hr\/politika-privatnosti\/","og_locale":"hr_HR","og_type":"article","og_title":"Politika privatnosti - Terme Topol\u0161ica","og_description":"Politika privatnosti Termi Topol\u0161ica obja\u0161njava kako prikupljamo, \u0161titimo i koristimo va\u0161e osobne podatke u skladu s GDPR-om.","og_url":"https:\/\/www.terme-topolsica.si\/hr\/politika-privatnosti\/","og_site_name":"Terme Topol\u0161ica","article_publisher":"https:\/\/www.facebook.com\/TermeTopolsica","article_modified_time":"2025-12-02T09:42:36+00:00","og_image":[{"width":1920,"height":1078,"url":"https:\/\/www.terme-topolsica.si\/wp-content\/uploads\/2022\/03\/DJI_0208-min-3.jpg","type":"image\/jpeg"}],"twitter_card":"summary_large_image","twitter_misc":{"Procijenjeno vrijeme \u010ditanja":"8 minuta"},"schema":{"@context":"https:\/\/schema.org","@graph":[{"@type":"WebPage","@id":"https:\/\/www.terme-topolsica.si\/hr\/politika-privatnosti\/","url":"https:\/\/www.terme-topolsica.si\/hr\/politika-privatnosti\/","name":"Politika privatnosti - Terme Topol\u0161ica","isPartOf":{"@id":"https:\/\/www.terme-topolsica.si\/hr\/#website"},"datePublished":"2025-12-02T09:15:59+00:00","dateModified":"2025-12-02T09:42:36+00:00","description":"Politika privatnosti Termi Topol\u0161ica obja\u0161njava kako prikupljamo, \u0161titimo i koristimo va\u0161e osobne podatke u skladu s GDPR-om.","breadcrumb":{"@id":"https:\/\/www.terme-topolsica.si\/hr\/politika-privatnosti\/#breadcrumb"},"inLanguage":"hr","potentialAction":[{"@type":"ReadAction","target":["https:\/\/www.terme-topolsica.si\/hr\/politika-privatnosti\/"]}]},{"@type":"BreadcrumbList","@id":"https:\/\/www.terme-topolsica.si\/hr\/politika-privatnosti\/#breadcrumb","itemListElement":[{"@type":"ListItem","position":1,"name":"Domov","item":"https:\/\/www.terme-topolsica.si\/hr\/"},{"@type":"ListItem","position":2,"name":"Politika privatnosti"}]},{"@type":"WebSite","@id":"https:\/\/www.terme-topolsica.si\/hr\/#website","url":"https:\/\/www.terme-topolsica.si\/hr\/","name":"Terme Topol\u0161ica","description":"Termalni oddih in edinstveno do\u017eivetje","publisher":{"@id":"https:\/\/www.terme-topolsica.si\/hr\/#organization"},"potentialAction":[{"@type":"SearchAction","target":{"@type":"EntryPoint","urlTemplate":"https:\/\/www.terme-topolsica.si\/hr\/?s={search_term_string}"},"query-input":{"@type":"PropertyValueSpecification","valueRequired":true,"valueName":"search_term_string"}}],"inLanguage":"hr"},{"@type":"Organization","@id":"https:\/\/www.terme-topolsica.si\/hr\/#organization","name":"Terme Topol\u0161ica","url":"https:\/\/www.terme-topolsica.si\/hr\/","logo":{"@type":"ImageObject","inLanguage":"hr","@id":"https:\/\/www.terme-topolsica.si\/hr\/#\/schema\/logo\/image\/","url":"https:\/\/www.terme-topolsica.si\/wp-content\/uploads\/2021\/06\/logo-terme-topolsica-1.png","contentUrl":"https:\/\/www.terme-topolsica.si\/wp-content\/uploads\/2021\/06\/logo-terme-topolsica-1.png","width":340,"height":156,"caption":"Terme Topol\u0161ica"},"image":{"@id":"https:\/\/www.terme-topolsica.si\/hr\/#\/schema\/logo\/image\/"},"sameAs":["https:\/\/www.facebook.com\/TermeTopolsica","https:\/\/www.instagram.com\/termetopolsica\/","https:\/\/www.linkedin.com\/company\/terme-topolsica\/"]}]}},"_links":{"self":[{"href":"https:\/\/www.terme-topolsica.si\/hr\/wp-json\/wp\/v2\/pages\/23836","targetHints":{"allow":["GET"]}}],"collection":[{"href":"https:\/\/www.terme-topolsica.si\/hr\/wp-json\/wp\/v2\/pages"}],"about":[{"href":"https:\/\/www.terme-topolsica.si\/hr\/wp-json\/wp\/v2\/types\/page"}],"author":[{"embeddable":true,"href":"https:\/\/www.terme-topolsica.si\/hr\/wp-json\/wp\/v2\/users\/25"}],"replies":[{"embeddable":true,"href":"https:\/\/www.terme-topolsica.si\/hr\/wp-json\/wp\/v2\/comments?post=23836"}],"version-history":[{"count":12,"href":"https:\/\/www.terme-topolsica.si\/hr\/wp-json\/wp\/v2\/pages\/23836\/revisions"}],"predecessor-version":[{"id":23900,"href":"https:\/\/www.terme-topolsica.si\/hr\/wp-json\/wp\/v2\/pages\/23836\/revisions\/23900"}],"wp:attachment":[{"href":"https:\/\/www.terme-topolsica.si\/hr\/wp-json\/wp\/v2\/media?parent=23836"}],"curies":[{"name":"wp","href":"https:\/\/api.w.org\/{rel}","templated":true}]}}