{"id":15389,"date":"2024-05-29T13:25:02","date_gmt":"2024-05-29T13:25:02","guid":{"rendered":"https:\/\/www.terme-topolsica.si\/informacije-o-kolacicima\/"},"modified":"2024-05-29T13:25:03","modified_gmt":"2024-05-29T13:25:03","slug":"informacije-o-kolacicima","status":"publish","type":"page","link":"https:\/\/www.terme-topolsica.si\/hr\/informacije-o-kolacicima\/","title":{"rendered":"Informacije o kola\u010di\u0107ima"},"content":{"rendered":"\t\t<div data-elementor-type=\"wp-page\" data-elementor-id=\"15389\" class=\"elementor elementor-15389 elementor-5935\" data-elementor-post-type=\"page\">\n\t\t\t\t\t\t<section class=\"elementor-section elementor-top-section elementor-element elementor-element-f08700d elementor-section-height-min-height elementor-section-boxed elementor-section-height-default elementor-section-items-middle\" data-id=\"f08700d\" data-element_type=\"section\" data-e-type=\"section\" data-settings=\"{&quot;background_background&quot;:&quot;classic&quot;}\">\n\t\t\t\t\t\t\t<div class=\"elementor-background-overlay\"><\/div>\n\t\t\t\t\t\t\t<div class=\"elementor-container elementor-column-gap-default\">\n\t\t\t\t\t<div class=\"elementor-column elementor-col-100 elementor-top-column elementor-element elementor-element-2b443c7\" data-id=\"2b443c7\" data-element_type=\"column\" data-e-type=\"column\">\n\t\t\t<div class=\"elementor-widget-wrap elementor-element-populated\">\n\t\t\t\t\t\t<div class=\"elementor-element elementor-element-bbe7155 elementor-widget elementor-widget-heading\" data-id=\"bbe7155\" data-element_type=\"widget\" data-e-type=\"widget\" data-widget_type=\"heading.default\">\n\t\t\t\t<div class=\"elementor-widget-container\">\n\t\t\t\t\t<h1 class=\"elementor-heading-title elementor-size-default\">Informacije o kola\u010di\u0107ima<\/h1>\t\t\t\t<\/div>\n\t\t\t\t<\/div>\n\t\t\t\t<div class=\"elementor-element elementor-element-d198eca elementor-widget elementor-widget-text-editor\" data-id=\"d198eca\" data-element_type=\"widget\" data-e-type=\"widget\" data-widget_type=\"text-editor.default\">\n\t\t\t\t<div class=\"elementor-widget-container\">\n\t\t\t\t\t\t\t\t\t<p>Terme Topol\u0161ica<\/p>\n\t\t\t\t\t\t\t\t<\/div>\n\t\t\t\t<\/div>\n\t\t\t\t\t<\/div>\n\t\t<\/div>\n\t\t\t\t\t<\/div>\n\t\t<\/section>\n\t\t\t\t<section class=\"elementor-section elementor-top-section elementor-element elementor-element-a2611f7 elementor-section-boxed elementor-section-height-default elementor-section-height-default\" data-id=\"a2611f7\" data-element_type=\"section\" data-e-type=\"section\">\n\t\t\t\t\t\t<div class=\"elementor-container elementor-column-gap-default\">\n\t\t\t\t\t<div class=\"elementor-column elementor-col-100 elementor-top-column elementor-element elementor-element-faef9c9\" data-id=\"faef9c9\" data-element_type=\"column\" data-e-type=\"column\">\n\t\t\t<div class=\"elementor-widget-wrap elementor-element-populated\">\n\t\t\t\t\t\t<div class=\"elementor-element elementor-element-e3f0b5a elementor-widget elementor-widget-heading\" data-id=\"e3f0b5a\" data-element_type=\"widget\" data-e-type=\"widget\" data-widget_type=\"heading.default\">\n\t\t\t\t<div class=\"elementor-widget-container\">\n\t\t\t\t\t<h2 class=\"elementor-heading-title elementor-size-default\">O kori\u0161tenju kola\u010di\u0107a<\/h2>\t\t\t\t<\/div>\n\t\t\t\t<\/div>\n\t\t\t\t<div class=\"elementor-element elementor-element-49a2cdd elementor-widget elementor-widget-text-editor\" data-id=\"49a2cdd\" data-element_type=\"widget\" data-e-type=\"widget\" data-widget_type=\"text-editor.default\">\n\t\t\t\t<div class=\"elementor-widget-container\">\n\t\t\t\t\t\t\t\t\t<p>Datum stupanja na snagu: 21. velja\u010de 2024<\/p>\n<p>Datum posljednjeg a\u017euriranja: 21. velja\u010de 2024<\/p>\n<p>Ova politika kola\u010di\u0107a obja\u0161njava \u0161to su kola\u010di\u0107i i kako ih koristimo, vrste kola\u010di\u0107a koje koristimo, tj. podatke koje prikupljamo putem kola\u010di\u0107a te kako se ti podaci koriste i kako kontrolirati postavke kola\u010di\u0107a. Za vi\u0161e informacija o tome kako koristimo, pohranjujemo i \u0161titimo va\u0161e osobne podatke, pogledajte na\u0161u Politiku privatnosti.<\/p>\n<p>Svoj pristanak na izjavu o kola\u010di\u0107ima na na\u0161oj web stranici mo\u017eete promijeniti ili povu\u0107i u bilo kojem trenutku,<\/p>\n<p>Vi\u0161e o tome tko smo, kako nas mo\u017eete kontaktirati i kako obra\u0111ujemo osobne podatke pro\u010ditajte u na\u0161im Pravilima privatnosti.<\/p>\n<p>Va\u0161 pristanak odnosi se na sljede\u0107e domene: terme-topolsica.com<\/p>\n\t\t\t\t\t\t\t\t<\/div>\n\t\t\t\t<\/div>\n\t\t\t\t<div class=\"elementor-element elementor-element-398ef07 elementor-widget elementor-widget-heading\" data-id=\"398ef07\" data-element_type=\"widget\" data-e-type=\"widget\" data-widget_type=\"heading.default\">\n\t\t\t\t<div class=\"elementor-widget-container\">\n\t\t\t\t\t<h2 class=\"elementor-heading-title elementor-size-default\">\u0160to su kola\u010di\u0107i?\u200b\u200b<\/h2>\t\t\t\t<\/div>\n\t\t\t\t<\/div>\n\t\t\t\t<div class=\"elementor-element elementor-element-2c31b48 elementor-widget elementor-widget-text-editor\" data-id=\"2c31b48\" data-element_type=\"widget\" data-e-type=\"widget\" data-widget_type=\"text-editor.default\">\n\t\t\t\t<div class=\"elementor-widget-container\">\n\t\t\t\t\t\t\t\t\t<p>Kola\u010di\u0107i su male tekstualne datoteke koje se koriste za pohranu malih dijelova informacija. Pohranjuju se na va\u0161em ure\u0111aju kada se web stranica u\u010dita u va\u0161 preglednik. Ovi kola\u010di\u0107i nam poma\u017eu da web stranica radi ispravno, da bude sigurnija, da pru\u017eimo bolje korisni\u010dko iskustvo i da razumijemo kako web stranica radi te analiziramo \u0161to radi, a gdje treba pobolj\u0161ati.  <\/p>\n\t\t\t\t\t\t\t\t<\/div>\n\t\t\t\t<\/div>\n\t\t\t\t<div class=\"elementor-element elementor-element-58db837 elementor-widget elementor-widget-heading\" data-id=\"58db837\" data-element_type=\"widget\" data-e-type=\"widget\" data-widget_type=\"heading.default\">\n\t\t\t\t<div class=\"elementor-widget-container\">\n\t\t\t\t\t<h2 class=\"elementor-heading-title elementor-size-default\">Kako koristimo kola\u010di\u0107e?<\/h2>\t\t\t\t<\/div>\n\t\t\t\t<\/div>\n\t\t\t\t<div class=\"elementor-element elementor-element-7e5b378 elementor-widget elementor-widget-text-editor\" data-id=\"7e5b378\" data-element_type=\"widget\" data-e-type=\"widget\" data-widget_type=\"text-editor.default\">\n\t\t\t\t<div class=\"elementor-widget-container\">\n\t\t\t\t\t\t\t\t\t<p>Kao i ve\u0107ina internetskih usluga, na\u0161a web stranica koristi vlastite kola\u010di\u0107e i kola\u010di\u0107e tre\u0107ih strana u nekoliko svrha. Vlastiti kola\u010di\u0107i ve\u0107inom su nu\u017eni za pravilan rad web stranice i ne prikupljaju nikakve va\u0161e osobne podatke. <\/p>\n<p>Kola\u010di\u0107i tre\u0107e strane koji se koriste na na\u0161em web-mjestu uglavnom slu\u017ee za razumijevanje na\u010dina na koji web-mjesto funkcionira, interakciju s na\u0161im web-mjestom, osiguranje na\u0161ih usluga, pru\u017eanje reklama koje su vam relevantne i op\u0107enito pru\u017eanje boljeg i pobolj\u0161anog korisni\u010dkog iskustva. iskustva i ubrzati va\u0161e budu\u0107e interakcije s na\u0161om stranicom. <\/p>\n\t\t\t\t\t\t\t\t<\/div>\n\t\t\t\t<\/div>\n\t\t\t\t<div class=\"elementor-element elementor-element-3ce4d9b elementor-widget elementor-widget-heading\" data-id=\"3ce4d9b\" data-element_type=\"widget\" data-e-type=\"widget\" data-widget_type=\"heading.default\">\n\t\t\t\t<div class=\"elementor-widget-container\">\n\t\t\t\t\t<h2 class=\"elementor-heading-title elementor-size-default\">Koje vrste kola\u010di\u0107a koristimo?<\/h2>\t\t\t\t<\/div>\n\t\t\t\t<\/div>\n\t\t\t\t<div class=\"elementor-element elementor-element-d62c175 elementor-widget elementor-widget-text-editor\" data-id=\"d62c175\" data-element_type=\"widget\" data-e-type=\"widget\" data-widget_type=\"text-editor.default\">\n\t\t\t\t<div class=\"elementor-widget-container\">\n\t\t\t\t\t\t\t\t\t<p><script type=\"text\/javascript\" charset=\"UTF-8\" data-cookiescriptreport=\"report\" src=\"\/\/report.cookie-script.com\/r\/8d81a745899710616a8a4e9b5848a6a7.js\"><\/script><\/p>\n\t\t\t\t\t\t\t\t<\/div>\n\t\t\t\t<\/div>\n\t\t\t\t<div class=\"elementor-element elementor-element-64b079e elementor-widget elementor-widget-heading\" data-id=\"64b079e\" data-element_type=\"widget\" data-e-type=\"widget\" data-widget_type=\"heading.default\">\n\t\t\t\t<div class=\"elementor-widget-container\">\n\t\t\t\t\t<h2 class=\"elementor-heading-title elementor-size-default\">Kako mogu kontrolirati postavke kola\u010di\u0107a?<\/h2>\t\t\t\t<\/div>\n\t\t\t\t<\/div>\n\t\t\t\t<div class=\"elementor-element elementor-element-c2ccc0c elementor-widget elementor-widget-text-editor\" data-id=\"c2ccc0c\" data-element_type=\"widget\" data-e-type=\"widget\" data-widget_type=\"text-editor.default\">\n\t\t\t\t<div class=\"elementor-widget-container\">\n\t\t\t\t\t\t\t\t\t<p>Ikonu kola\u010di\u0107a mo\u017eete prona\u0107i u lijevom desnom kutu svake podstranice na web stranici. Klikom na ovu ikonu mo\u017eete urediti svoje postavke kola\u010di\u0107a.<\/p>\n<p>Ako odlu\u010dite promijeniti svoje preferencije kasnije tijekom sesije pregledavanja, mo\u017eete kliknuti na karticu &#8220;Politika privatnosti i kola\u010di\u0107a&#8221; na ekranu. Ovo \u0107e ponovno prikazati obavijest o pristanku, omogu\u0107uju\u0107i vam da promijenite svoje postavke ili u potpunosti povu\u010dete svoj pristanak. <\/p>\n<p>Osim toga, razli\u010diti preglednici nude razli\u010dite metode za blokiranje i brisanje kola\u010di\u0107a koje koriste web stranice. Mo\u017eete promijeniti postavke preglednika kako biste blokirali\/izbrisali kola\u010di\u0107e. Da biste saznali vi\u0161e o upravljanju i brisanju kola\u010di\u0107a, posjetite <a href=\"\">wikipedia.org<\/a>, <a href=\"\">www.allaboutcookies.org<\/a>.  <\/p>\n\t\t\t\t\t\t\t\t<\/div>\n\t\t\t\t<\/div>\n\t\t\t\t\t<\/div>\n\t\t<\/div>\n\t\t\t\t\t<\/div>\n\t\t<\/section>\n\t\t\t\t<\/div>\n\t\t","protected":false},"excerpt":{"rendered":"<p>Informacije o kola\u010di\u0107ima Terme Topol\u0161ica O kori\u0161tenju kola\u010di\u0107a Datum stupanja na snagu: 21. velja\u010de 2024 Datum posljednjeg a\u017euriranja: 21. velja\u010de 2024 Ova politika kola\u010di\u0107a obja\u0161njava \u0161to su kola\u010di\u0107i i kako ih koristimo, vrste kola\u010di\u0107a koje koristimo, tj. podatke koje prikupljamo putem kola\u010di\u0107a te kako se ti podaci koriste i kako kontrolirati postavke kola\u010di\u0107a. Za vi\u0161e [&hellip;]<\/p>\n","protected":false},"author":1,"featured_media":0,"parent":0,"menu_order":0,"comment_status":"closed","ping_status":"closed","template":"","meta":{"footnotes":""},"class_list":["post-15389","page","type-page","status-publish","hentry"],"yoast_head":"<!-- This site is optimized with the Yoast SEO plugin v26.9 - https:\/\/yoast.com\/product\/yoast-seo-wordpress\/ -->\n<title>Informacije o kola\u010di\u0107ima - Terme Topol\u0161ica<\/title>\n<meta name=\"robots\" content=\"index, follow, max-snippet:-1, max-image-preview:large, max-video-preview:-1\" \/>\n<link rel=\"canonical\" href=\"https:\/\/www.terme-topolsica.si\/hr\/informacije-o-kolacicima\/\" \/>\n<meta property=\"og:locale\" content=\"hr_HR\" \/>\n<meta property=\"og:type\" content=\"article\" \/>\n<meta property=\"og:title\" content=\"Informacije o kola\u010di\u0107ima - Terme Topol\u0161ica\" \/>\n<meta property=\"og:description\" content=\"Informacije o kola\u010di\u0107ima Terme Topol\u0161ica O kori\u0161tenju kola\u010di\u0107a Datum stupanja na snagu: 21. velja\u010de 2024 Datum posljednjeg a\u017euriranja: 21. velja\u010de 2024 Ova politika kola\u010di\u0107a obja\u0161njava \u0161to su kola\u010di\u0107i i kako ih koristimo, vrste kola\u010di\u0107a koje koristimo, tj. podatke koje prikupljamo putem kola\u010di\u0107a te kako se ti podaci koriste i kako kontrolirati postavke kola\u010di\u0107a. Za vi\u0161e [&hellip;]\" \/>\n<meta property=\"og:url\" content=\"https:\/\/www.terme-topolsica.si\/hr\/informacije-o-kolacicima\/\" \/>\n<meta property=\"og:site_name\" content=\"Terme Topol\u0161ica\" \/>\n<meta property=\"article:publisher\" content=\"https:\/\/www.facebook.com\/TermeTopolsica\" \/>\n<meta property=\"article:modified_time\" content=\"2024-05-29T13:25:03+00:00\" \/>\n<meta property=\"og:image\" content=\"https:\/\/www.terme-topolsica.si\/wp-content\/uploads\/2022\/03\/DJI_0208-min-3.jpg\" \/>\n\t<meta property=\"og:image:width\" content=\"1920\" \/>\n\t<meta property=\"og:image:height\" content=\"1078\" \/>\n\t<meta property=\"og:image:type\" content=\"image\/jpeg\" \/>\n<meta name=\"twitter:card\" content=\"summary_large_image\" \/>\n<meta name=\"twitter:label1\" content=\"Procijenjeno vrijeme \u010ditanja\" \/>\n\t<meta name=\"twitter:data1\" content=\"2 minute\" \/>\n<script type=\"application\/ld+json\" class=\"yoast-schema-graph\">{\"@context\":\"https:\/\/schema.org\",\"@graph\":[{\"@type\":\"WebPage\",\"@id\":\"https:\/\/www.terme-topolsica.si\/hr\/informacije-o-kolacicima\/\",\"url\":\"https:\/\/www.terme-topolsica.si\/hr\/informacije-o-kolacicima\/\",\"name\":\"Informacije o kola\u010di\u0107ima - Terme Topol\u0161ica\",\"isPartOf\":{\"@id\":\"https:\/\/www.terme-topolsica.si\/hr\/#website\"},\"datePublished\":\"2024-05-29T13:25:02+00:00\",\"dateModified\":\"2024-05-29T13:25:03+00:00\",\"breadcrumb\":{\"@id\":\"https:\/\/www.terme-topolsica.si\/hr\/informacije-o-kolacicima\/#breadcrumb\"},\"inLanguage\":\"hr\",\"potentialAction\":[{\"@type\":\"ReadAction\",\"target\":[\"https:\/\/www.terme-topolsica.si\/hr\/informacije-o-kolacicima\/\"]}]},{\"@type\":\"BreadcrumbList\",\"@id\":\"https:\/\/www.terme-topolsica.si\/hr\/informacije-o-kolacicima\/#breadcrumb\",\"itemListElement\":[{\"@type\":\"ListItem\",\"position\":1,\"name\":\"Domov\",\"item\":\"https:\/\/www.terme-topolsica.si\/hr\/\"},{\"@type\":\"ListItem\",\"position\":2,\"name\":\"Informacije o kola\u010di\u0107ima\"}]},{\"@type\":\"WebSite\",\"@id\":\"https:\/\/www.terme-topolsica.si\/hr\/#website\",\"url\":\"https:\/\/www.terme-topolsica.si\/hr\/\",\"name\":\"Terme Topol\u0161ica\",\"description\":\"Termalni oddih in edinstveno do\u017eivetje\",\"publisher\":{\"@id\":\"https:\/\/www.terme-topolsica.si\/hr\/#organization\"},\"potentialAction\":[{\"@type\":\"SearchAction\",\"target\":{\"@type\":\"EntryPoint\",\"urlTemplate\":\"https:\/\/www.terme-topolsica.si\/hr\/?s={search_term_string}\"},\"query-input\":{\"@type\":\"PropertyValueSpecification\",\"valueRequired\":true,\"valueName\":\"search_term_string\"}}],\"inLanguage\":\"hr\"},{\"@type\":\"Organization\",\"@id\":\"https:\/\/www.terme-topolsica.si\/hr\/#organization\",\"name\":\"Terme Topol\u0161ica\",\"url\":\"https:\/\/www.terme-topolsica.si\/hr\/\",\"logo\":{\"@type\":\"ImageObject\",\"inLanguage\":\"hr\",\"@id\":\"https:\/\/www.terme-topolsica.si\/hr\/#\/schema\/logo\/image\/\",\"url\":\"https:\/\/www.terme-topolsica.si\/wp-content\/uploads\/2021\/06\/logo-terme-topolsica-1.png\",\"contentUrl\":\"https:\/\/www.terme-topolsica.si\/wp-content\/uploads\/2021\/06\/logo-terme-topolsica-1.png\",\"width\":340,\"height\":156,\"caption\":\"Terme Topol\u0161ica\"},\"image\":{\"@id\":\"https:\/\/www.terme-topolsica.si\/hr\/#\/schema\/logo\/image\/\"},\"sameAs\":[\"https:\/\/www.facebook.com\/TermeTopolsica\",\"https:\/\/www.instagram.com\/termetopolsica\/\",\"https:\/\/www.linkedin.com\/company\/terme-topolsica\/\"]}]}<\/script>\n<!-- \/ Yoast SEO plugin. -->","yoast_head_json":{"title":"Informacije o kola\u010di\u0107ima - Terme Topol\u0161ica","robots":{"index":"index","follow":"follow","max-snippet":"max-snippet:-1","max-image-preview":"max-image-preview:large","max-video-preview":"max-video-preview:-1"},"canonical":"https:\/\/www.terme-topolsica.si\/hr\/informacije-o-kolacicima\/","og_locale":"hr_HR","og_type":"article","og_title":"Informacije o kola\u010di\u0107ima - Terme Topol\u0161ica","og_description":"Informacije o kola\u010di\u0107ima Terme Topol\u0161ica O kori\u0161tenju kola\u010di\u0107a Datum stupanja na snagu: 21. velja\u010de 2024 Datum posljednjeg a\u017euriranja: 21. velja\u010de 2024 Ova politika kola\u010di\u0107a obja\u0161njava \u0161to su kola\u010di\u0107i i kako ih koristimo, vrste kola\u010di\u0107a koje koristimo, tj. podatke koje prikupljamo putem kola\u010di\u0107a te kako se ti podaci koriste i kako kontrolirati postavke kola\u010di\u0107a. Za vi\u0161e [&hellip;]","og_url":"https:\/\/www.terme-topolsica.si\/hr\/informacije-o-kolacicima\/","og_site_name":"Terme Topol\u0161ica","article_publisher":"https:\/\/www.facebook.com\/TermeTopolsica","article_modified_time":"2024-05-29T13:25:03+00:00","og_image":[{"width":1920,"height":1078,"url":"https:\/\/www.terme-topolsica.si\/wp-content\/uploads\/2022\/03\/DJI_0208-min-3.jpg","type":"image\/jpeg"}],"twitter_card":"summary_large_image","twitter_misc":{"Procijenjeno vrijeme \u010ditanja":"2 minute"},"schema":{"@context":"https:\/\/schema.org","@graph":[{"@type":"WebPage","@id":"https:\/\/www.terme-topolsica.si\/hr\/informacije-o-kolacicima\/","url":"https:\/\/www.terme-topolsica.si\/hr\/informacije-o-kolacicima\/","name":"Informacije o kola\u010di\u0107ima - Terme Topol\u0161ica","isPartOf":{"@id":"https:\/\/www.terme-topolsica.si\/hr\/#website"},"datePublished":"2024-05-29T13:25:02+00:00","dateModified":"2024-05-29T13:25:03+00:00","breadcrumb":{"@id":"https:\/\/www.terme-topolsica.si\/hr\/informacije-o-kolacicima\/#breadcrumb"},"inLanguage":"hr","potentialAction":[{"@type":"ReadAction","target":["https:\/\/www.terme-topolsica.si\/hr\/informacije-o-kolacicima\/"]}]},{"@type":"BreadcrumbList","@id":"https:\/\/www.terme-topolsica.si\/hr\/informacije-o-kolacicima\/#breadcrumb","itemListElement":[{"@type":"ListItem","position":1,"name":"Domov","item":"https:\/\/www.terme-topolsica.si\/hr\/"},{"@type":"ListItem","position":2,"name":"Informacije o kola\u010di\u0107ima"}]},{"@type":"WebSite","@id":"https:\/\/www.terme-topolsica.si\/hr\/#website","url":"https:\/\/www.terme-topolsica.si\/hr\/","name":"Terme Topol\u0161ica","description":"Termalni oddih in edinstveno do\u017eivetje","publisher":{"@id":"https:\/\/www.terme-topolsica.si\/hr\/#organization"},"potentialAction":[{"@type":"SearchAction","target":{"@type":"EntryPoint","urlTemplate":"https:\/\/www.terme-topolsica.si\/hr\/?s={search_term_string}"},"query-input":{"@type":"PropertyValueSpecification","valueRequired":true,"valueName":"search_term_string"}}],"inLanguage":"hr"},{"@type":"Organization","@id":"https:\/\/www.terme-topolsica.si\/hr\/#organization","name":"Terme Topol\u0161ica","url":"https:\/\/www.terme-topolsica.si\/hr\/","logo":{"@type":"ImageObject","inLanguage":"hr","@id":"https:\/\/www.terme-topolsica.si\/hr\/#\/schema\/logo\/image\/","url":"https:\/\/www.terme-topolsica.si\/wp-content\/uploads\/2021\/06\/logo-terme-topolsica-1.png","contentUrl":"https:\/\/www.terme-topolsica.si\/wp-content\/uploads\/2021\/06\/logo-terme-topolsica-1.png","width":340,"height":156,"caption":"Terme Topol\u0161ica"},"image":{"@id":"https:\/\/www.terme-topolsica.si\/hr\/#\/schema\/logo\/image\/"},"sameAs":["https:\/\/www.facebook.com\/TermeTopolsica","https:\/\/www.instagram.com\/termetopolsica\/","https:\/\/www.linkedin.com\/company\/terme-topolsica\/"]}]}},"_links":{"self":[{"href":"https:\/\/www.terme-topolsica.si\/hr\/wp-json\/wp\/v2\/pages\/15389","targetHints":{"allow":["GET"]}}],"collection":[{"href":"https:\/\/www.terme-topolsica.si\/hr\/wp-json\/wp\/v2\/pages"}],"about":[{"href":"https:\/\/www.terme-topolsica.si\/hr\/wp-json\/wp\/v2\/types\/page"}],"author":[{"embeddable":true,"href":"https:\/\/www.terme-topolsica.si\/hr\/wp-json\/wp\/v2\/users\/1"}],"replies":[{"embeddable":true,"href":"https:\/\/www.terme-topolsica.si\/hr\/wp-json\/wp\/v2\/comments?post=15389"}],"version-history":[{"count":0,"href":"https:\/\/www.terme-topolsica.si\/hr\/wp-json\/wp\/v2\/pages\/15389\/revisions"}],"wp:attachment":[{"href":"https:\/\/www.terme-topolsica.si\/hr\/wp-json\/wp\/v2\/media?parent=15389"}],"curies":[{"name":"wp","href":"https:\/\/api.w.org\/{rel}","templated":true}]}}