{"id":14976,"date":"2024-05-11T15:53:12","date_gmt":"2024-05-11T15:53:12","guid":{"rendered":"https:\/\/www.terme-topolsica.si\/medicina\/rehabilitacija-osoba-s-multiplom-sklerozom\/"},"modified":"2024-05-11T15:53:14","modified_gmt":"2024-05-11T15:53:14","slug":"rehabilitacija-osoba-s-multiplom-sklerozom","status":"publish","type":"page","link":"https:\/\/www.terme-topolsica.si\/hr\/rehabilitacija-osoba-s-multiplom-sklerozom\/","title":{"rendered":"Rehabilitacija osoba s multiplom sklerozom"},"content":{"rendered":"\t\t<div data-elementor-type=\"wp-page\" data-elementor-id=\"14976\" class=\"elementor elementor-14976 elementor-363\" data-elementor-post-type=\"page\">\n\t\t\t\t\t\t<section class=\"elementor-section elementor-top-section elementor-element elementor-element-5c43f3d0 elementor-section-height-min-height elementor-section-boxed elementor-section-height-default elementor-section-items-middle\" data-id=\"5c43f3d0\" data-element_type=\"section\" data-e-type=\"section\" data-settings=\"{&quot;background_background&quot;:&quot;classic&quot;}\">\n\t\t\t\t\t\t\t<div class=\"elementor-background-overlay\"><\/div>\n\t\t\t\t\t\t\t<div class=\"elementor-container elementor-column-gap-default\">\n\t\t\t\t\t<div class=\"elementor-column elementor-col-100 elementor-top-column elementor-element elementor-element-143e78e3\" data-id=\"143e78e3\" data-element_type=\"column\" data-e-type=\"column\">\n\t\t\t<div class=\"elementor-widget-wrap elementor-element-populated\">\n\t\t\t\t\t\t<div class=\"elementor-element elementor-element-70025279 elementor-widget elementor-widget-heading\" data-id=\"70025279\" data-element_type=\"widget\" data-e-type=\"widget\" data-widget_type=\"heading.default\">\n\t\t\t\t<div class=\"elementor-widget-container\">\n\t\t\t\t\t<h1 class=\"elementor-heading-title elementor-size-default\">Rehabilitacija osoba s multiplom sklerozom<\/h1>\t\t\t\t<\/div>\n\t\t\t\t<\/div>\n\t\t\t\t<div class=\"elementor-element elementor-element-472bd388 elementor-widget elementor-widget-text-editor\" data-id=\"472bd388\" data-element_type=\"widget\" data-e-type=\"widget\" data-widget_type=\"text-editor.default\">\n\t\t\t\t<div class=\"elementor-widget-container\">\n\t\t\t\t\t\t\t\t\t<p>Medicina<\/p>\n\t\t\t\t\t\t\t\t<\/div>\n\t\t\t\t<\/div>\n\t\t\t\t\t<\/div>\n\t\t<\/div>\n\t\t\t\t\t<\/div>\n\t\t<\/section>\n\t\t\t\t<section class=\"elementor-section elementor-top-section elementor-element elementor-element-59cac516 elementor-section-boxed elementor-section-height-default elementor-section-height-default\" data-id=\"59cac516\" data-element_type=\"section\" data-e-type=\"section\">\n\t\t\t\t\t\t<div class=\"elementor-container elementor-column-gap-default\">\n\t\t\t\t\t<div class=\"elementor-column elementor-col-100 elementor-top-column elementor-element elementor-element-11480d92\" data-id=\"11480d92\" data-element_type=\"column\" data-e-type=\"column\">\n\t\t\t<div class=\"elementor-widget-wrap elementor-element-populated\">\n\t\t\t\t\t\t<div class=\"elementor-element elementor-element-31358a2e bgTextHeading elementor-widget elementor-widget-heading\" data-id=\"31358a2e\" data-element_type=\"widget\" data-e-type=\"widget\" data-widget_type=\"heading.default\">\n\t\t\t\t<div class=\"elementor-widget-container\">\n\t\t\t\t\t<span class=\"elementor-heading-title elementor-size-default\">Rehabilitacija<\/span>\t\t\t\t<\/div>\n\t\t\t\t<\/div>\n\t\t\t\t<div class=\"elementor-element elementor-element-2779ce5f elementor-widget elementor-widget-heading\" data-id=\"2779ce5f\" data-element_type=\"widget\" data-e-type=\"widget\" data-widget_type=\"heading.default\">\n\t\t\t\t<div class=\"elementor-widget-container\">\n\t\t\t\t\t<h2 class=\"elementor-heading-title elementor-size-default\">MEDICINA<\/h2>\t\t\t\t<\/div>\n\t\t\t\t<\/div>\n\t\t\t\t<div class=\"elementor-element elementor-element-a0f286f elementor-widget elementor-widget-heading\" data-id=\"a0f286f\" data-element_type=\"widget\" data-e-type=\"widget\" data-widget_type=\"heading.default\">\n\t\t\t\t<div class=\"elementor-widget-container\">\n\t\t\t\t\t<h3 class=\"elementor-heading-title elementor-size-default\">Rehabilitacija osoba s multiplom sklerozom<\/h3>\t\t\t\t<\/div>\n\t\t\t\t<\/div>\n\t\t\t\t<div class=\"elementor-element elementor-element-151bc0f3 elementor-widget elementor-widget-text-editor\" data-id=\"151bc0f3\" data-element_type=\"widget\" data-e-type=\"widget\" data-widget_type=\"text-editor.default\">\n\t\t\t\t<div class=\"elementor-widget-container\">\n\t\t\t\t\t\t\t\t\t<p>Centar za lije\u010denje multiple skleroze nalazi se u depandansi Mladika. Diskretno je odvojen od ostalih hotelskih kapaciteta i ima svoj odjel fizioterapije, radne terapije, specijalisti\u010dke ambulante, teretanu i prostorije za masa\u017eu. Centar, uklju\u010duju\u0107i sobe, prilago\u0111en je pacijentima s ograni\u010denom pokretljivo\u0161\u0107u.<\/p>\n<p><\/p>\n<p>Svih 14 dvokrevetnih i 20 jednokrevetnih soba prilago\u0111eno je pacijentima s multiplom sklerozom. U depandansi Mladika organizirano je stalno 24-satno de\u017eurstvo medicinske sestre i osiguravamo stalnu pripravnost lije\u010dnika.<\/p>\n<p><\/p>\n<p>Program Centra za lije\u010denje multiple skleroze u Prirodnoj banji Topol\u0161ica temelji se na kvalitetnoj i stalnoj medicinskoj rehabilitaciji koju provodi visoko stru\u010dni kadar, te na desetlje\u0107ima iskustva. Pacijentima omogu\u0107ava relativno normalan \u017eivot s punom ili smanjenom radnom sposobno\u0161\u0107u i pokretljivo\u0161\u0107u i godinama nakon prvih simptoma bolesti.<\/p>\t\t\t\t\t\t\t\t<\/div>\n\t\t\t\t<\/div>\n\t\t\t\t\t<\/div>\n\t\t<\/div>\n\t\t\t\t\t<\/div>\n\t\t<\/section>\n\t\t\t\t<section class=\"elementor-section elementor-top-section elementor-element elementor-element-feaa2d8 elementor-section-boxed elementor-section-height-default elementor-section-height-default\" data-id=\"feaa2d8\" data-element_type=\"section\" data-e-type=\"section\">\n\t\t\t\t\t\t<div class=\"elementor-container elementor-column-gap-default\">\n\t\t\t\t\t<div class=\"elementor-column elementor-col-100 elementor-top-column elementor-element elementor-element-6e8ab23\" data-id=\"6e8ab23\" data-element_type=\"column\" data-e-type=\"column\">\n\t\t\t<div class=\"elementor-widget-wrap elementor-element-populated\">\n\t\t\t\t\t\t<div class=\"elementor-element elementor-element-13f4ff0 bgTextHeading elementor-widget elementor-widget-heading\" data-id=\"13f4ff0\" data-element_type=\"widget\" data-e-type=\"widget\" data-widget_type=\"heading.default\">\n\t\t\t\t<div class=\"elementor-widget-container\">\n\t\t\t\t\t<span class=\"elementor-heading-title elementor-size-default\">Medicina<\/span>\t\t\t\t<\/div>\n\t\t\t\t<\/div>\n\t\t\t\t<div class=\"elementor-element elementor-element-c0287f7 elementor-widget elementor-widget-heading\" data-id=\"c0287f7\" data-element_type=\"widget\" data-e-type=\"widget\" data-widget_type=\"heading.default\">\n\t\t\t\t<div class=\"elementor-widget-container\">\n\t\t\t\t\t<h2 class=\"elementor-heading-title elementor-size-default\">PAKETI<\/h2>\t\t\t\t<\/div>\n\t\t\t\t<\/div>\n\t\t\t\t<div class=\"elementor-element elementor-element-bb36aad elementor-widget elementor-widget-heading\" data-id=\"bb36aad\" data-element_type=\"widget\" data-e-type=\"widget\" data-widget_type=\"heading.default\">\n\t\t\t\t<div class=\"elementor-widget-container\">\n\t\t\t\t\t<h3 class=\"elementor-heading-title elementor-size-default\">Ekskluzivna ponuda za izravno pla\u0107anje<\/h3>\t\t\t\t<\/div>\n\t\t\t\t<\/div>\n\t\t\t\t<div class=\"elementor-element elementor-element-4fff306 elementor-widget elementor-widget-jet-listing-grid\" data-id=\"4fff306\" data-element_type=\"widget\" data-e-type=\"widget\" data-settings=\"{&quot;columns&quot;:3,&quot;columns_tablet&quot;:&quot;2&quot;,&quot;columns_mobile&quot;:&quot;1&quot;}\" data-widget_type=\"jet-listing-grid.default\">\n\t\t\t\t<div class=\"elementor-widget-container\">\n\t\t\t\t\t<div class=\"jet-listing-grid jet-listing-grid--lazy-load jet-listing jet-listing-grid-loading\" data-lazy-load=\"{&quot;offset&quot;:&quot;0px&quot;,&quot;post_id&quot;:14976,&quot;queried_id&quot;:&quot;14976|WP_Post&quot;}\"><div class=\"jet-listing-grid__loader\"><div class=\"jet-listing-grid__loader-spinner\"><\/div><\/div><\/div>\t\t\t\t<\/div>\n\t\t\t\t<\/div>\n\t\t\t\t\t<\/div>\n\t\t<\/div>\n\t\t\t\t\t<\/div>\n\t\t<\/section>\n\t\t\t\t<section class=\"elementor-section elementor-top-section elementor-element elementor-element-638e1165 elementor-section-full_width elementor-section-height-default elementor-section-height-default\" data-id=\"638e1165\" data-element_type=\"section\" data-e-type=\"section\" data-settings=\"{&quot;background_background&quot;:&quot;classic&quot;}\">\n\t\t\t\t\t\t<div class=\"elementor-container elementor-column-gap-default\">\n\t\t\t\t\t<div class=\"elementor-column elementor-col-100 elementor-top-column elementor-element elementor-element-5d0ea1\" data-id=\"5d0ea1\" data-element_type=\"column\" data-e-type=\"column\">\n\t\t\t<div class=\"elementor-widget-wrap elementor-element-populated\">\n\t\t\t\t\t\t<div class=\"elementor-element elementor-element-834c4df elementor-widget elementor-widget-template\" data-id=\"834c4df\" data-element_type=\"widget\" data-e-type=\"widget\" data-widget_type=\"template.default\">\n\t\t\t\t<div class=\"elementor-widget-container\">\n\t\t\t\t\t\t\t<div class=\"elementor-template\">\n\t\t\t\t\t<div data-elementor-type=\"section\" data-elementor-id=\"14821\" class=\"elementor elementor-14821 elementor-5247 elementor-5247\" data-elementor-post-type=\"elementor_library\">\n\t\t\t\t\t<section class=\"elementor-section elementor-top-section elementor-element elementor-element-e449de5 elementor-section-boxed elementor-section-height-default elementor-section-height-default\" data-id=\"e449de5\" data-element_type=\"section\" data-e-type=\"section\">\n\t\t\t\t\t\t<div class=\"elementor-container elementor-column-gap-default\">\n\t\t\t\t\t<div class=\"elementor-column elementor-col-100 elementor-top-column elementor-element elementor-element-5789fc7\" data-id=\"5789fc7\" data-element_type=\"column\" data-e-type=\"column\">\n\t\t\t<div class=\"elementor-widget-wrap elementor-element-populated\">\n\t\t\t\t\t\t<div class=\"elementor-element elementor-element-1454f18c bgTextHeading elementor-widget elementor-widget-heading\" data-id=\"1454f18c\" data-element_type=\"widget\" data-e-type=\"widget\" data-widget_type=\"heading.default\">\n\t\t\t\t<div class=\"elementor-widget-container\">\n\t\t\t\t\t<span class=\"elementor-heading-title elementor-size-default\">Informacija<\/span>\t\t\t\t<\/div>\n\t\t\t\t<\/div>\n\t\t\t\t<div class=\"elementor-element elementor-element-416844ee elementor-widget elementor-widget-heading\" data-id=\"416844ee\" data-element_type=\"widget\" data-e-type=\"widget\" data-widget_type=\"heading.default\">\n\t\t\t\t<div class=\"elementor-widget-container\">\n\t\t\t\t\t<h3 class=\"elementor-heading-title elementor-size-default\">Informacija<\/h3>\t\t\t\t<\/div>\n\t\t\t\t<\/div>\n\t\t\t\t<div class=\"elementor-element elementor-element-c4f3a89 elementor-widget elementor-widget-heading\" data-id=\"c4f3a89\" data-element_type=\"widget\" data-e-type=\"widget\" data-widget_type=\"heading.default\">\n\t\t\t\t<div class=\"elementor-widget-container\">\n\t\t\t\t\t<h2 class=\"elementor-heading-title elementor-size-default\">MEDICINSKI CENTAR<\/h2>\t\t\t\t<\/div>\n\t\t\t\t<\/div>\n\t\t\t\t<section class=\"elementor-section elementor-inner-section elementor-element elementor-element-dda16f7 elementor-section-boxed elementor-section-height-default elementor-section-height-default\" data-id=\"dda16f7\" data-element_type=\"section\" data-e-type=\"section\">\n\t\t\t\t\t\t<div class=\"elementor-container elementor-column-gap-default\">\n\t\t\t\t\t<div class=\"elementor-column elementor-col-33 elementor-inner-column elementor-element elementor-element-94e98b7\" data-id=\"94e98b7\" data-element_type=\"column\" data-e-type=\"column\">\n\t\t\t<div class=\"elementor-widget-wrap elementor-element-populated\">\n\t\t\t\t\t\t<div class=\"elementor-element elementor-element-59cf2b48 elementor-widget elementor-widget-text-editor\" data-id=\"59cf2b48\" data-element_type=\"widget\" data-e-type=\"widget\" data-widget_type=\"text-editor.default\">\n\t\t\t\t<div class=\"elementor-widget-container\">\n\t\t\t\t\t\t\t\t\t<p><strong>AMBULANTNA FIZIOTERAPIJA<\/strong><br \/>T: <a href=\"tel:+386%203%20896%2031%2016\">+3863 896 31 16<\/a><br \/>E: <a href=\"mailto:fizioterapija@terme-topolsica.si\">fizioterapija@terme-topolsica.si<\/a><\/p>\n\t\t\t\t\t\t\t\t<\/div>\n\t\t\t\t<\/div>\n\t\t\t\t\t<\/div>\n\t\t<\/div>\n\t\t\t\t<div class=\"elementor-column elementor-col-33 elementor-inner-column elementor-element elementor-element-6fe5a9b\" data-id=\"6fe5a9b\" data-element_type=\"column\" data-e-type=\"column\">\n\t\t\t<div class=\"elementor-widget-wrap elementor-element-populated\">\n\t\t\t\t\t\t<div class=\"elementor-element elementor-element-d57d15e elementor-widget__width-initial elementor-widget elementor-widget-text-editor\" data-id=\"d57d15e\" data-element_type=\"widget\" data-e-type=\"widget\" data-widget_type=\"text-editor.default\">\n\t\t\t\t<div class=\"elementor-widget-container\">\n\t\t\t\t\t\t\t\t\t<p><strong>KLINIKA <\/strong><br \/>Mirjam Salobir, glavna sestra<br \/>T: <a href=\"tel:+386%203%20896%2032%2088\">03 896 32 88<\/a> \/ <a href=\"tel:+386%2041%20602%20031\">041 602 031<\/a><br \/>E: <a href=\"mailto:ambulanta@terme-topolsica.si\">ambulanta@terme-topolsica.si<\/a><\/p>\n\t\t\t\t\t\t\t\t<\/div>\n\t\t\t\t<\/div>\n\t\t\t\t\t<\/div>\n\t\t<\/div>\n\t\t\t\t<div class=\"elementor-column elementor-col-33 elementor-inner-column elementor-element elementor-element-c966b93\" data-id=\"c966b93\" data-element_type=\"column\" data-e-type=\"column\">\n\t\t\t<div class=\"elementor-widget-wrap elementor-element-populated\">\n\t\t\t\t\t\t<div class=\"elementor-element elementor-element-74ed569 elementor-widget__width-initial elementor-widget elementor-widget-text-editor\" data-id=\"74ed569\" data-element_type=\"widget\" data-e-type=\"widget\" data-widget_type=\"text-editor.default\">\n\t\t\t\t<div class=\"elementor-widget-container\">\n\t\t\t\t\t\t\t\t\t<p><strong>FIZIOTERAPIJA<\/strong><br \/>Maja Bric, glavna fizioterapeutkinja<br \/>T: <a href=\"tel:+386%203%20896%2034%2071\">+386 3 896 34 71<\/a><br \/>E: <a href=\"mailto:fizioterapija@terme-topolsica.si\">fizioterapija@terme-topolsica.si<\/a><\/p>\n\t\t\t\t\t\t\t\t<\/div>\n\t\t\t\t<\/div>\n\t\t\t\t\t<\/div>\n\t\t<\/div>\n\t\t\t\t\t<\/div>\n\t\t<\/section>\n\t\t\t\t\t<\/div>\n\t\t<\/div>\n\t\t\t\t\t<\/div>\n\t\t<\/section>\n\t\t\t\t<\/div>\n\t\t\t\t<\/div>\n\t\t\t\t\t\t<\/div>\n\t\t\t\t<\/div>\n\t\t\t\t\t<\/div>\n\t\t<\/div>\n\t\t\t\t\t<\/div>\n\t\t<\/section>\n\t\t\t\t<\/div>\n\t\t","protected":false},"excerpt":{"rendered":"<p>Rehabilitacija osoba s multiplom sklerozom Medicina Rehabilitacija MEDICINA Rehabilitacija osoba s multiplom sklerozom Centar za lije\u010denje multiple skleroze nalazi se u depandansi Mladika. Diskretno je odvojen od ostalih hotelskih kapaciteta i ima svoj odjel fizioterapije, radne terapije, specijalisti\u010dke ambulante, teretanu i prostorije za masa\u017eu. Centar, uklju\u010duju\u0107i sobe, prilago\u0111en je pacijentima s ograni\u010denom pokretljivo\u0161\u0107u. Svih 14 [&hellip;]<\/p>\n","protected":false},"author":1,"featured_media":0,"parent":0,"menu_order":0,"comment_status":"closed","ping_status":"closed","template":"","meta":{"footnotes":""},"class_list":["post-14976","page","type-page","status-publish","hentry"],"yoast_head":"<!-- This site is optimized with the Yoast SEO plugin v26.9 - https:\/\/yoast.com\/product\/yoast-seo-wordpress\/ -->\n<title>Rehabilitacija osoba s multiplom sklerozom - Terme Topol\u0161ica<\/title>\n<meta name=\"description\" content=\"Rehabilitacija osoba s multiplom sklerozom Centar za lije\u010denje multiple skleroze nalazi se u depandansi Mladika jedan je od najmodernijih u Europi.\" \/>\n<meta name=\"robots\" content=\"index, follow, max-snippet:-1, max-image-preview:large, max-video-preview:-1\" \/>\n<link rel=\"canonical\" href=\"https:\/\/www.terme-topolsica.si\/hr\/rehabilitacija-osoba-s-multiplom-sklerozom\/\" \/>\n<meta property=\"og:locale\" content=\"hr_HR\" \/>\n<meta property=\"og:type\" content=\"article\" \/>\n<meta property=\"og:title\" content=\"Rehabilitacija osoba s multiplom sklerozom - Terme Topol\u0161ica\" \/>\n<meta property=\"og:description\" content=\"Rehabilitacija osoba s multiplom sklerozom Centar za lije\u010denje multiple skleroze nalazi se u depandansi Mladika jedan je od najmodernijih u Europi.\" \/>\n<meta property=\"og:url\" content=\"https:\/\/www.terme-topolsica.si\/hr\/rehabilitacija-osoba-s-multiplom-sklerozom\/\" \/>\n<meta property=\"og:site_name\" content=\"Terme Topol\u0161ica\" \/>\n<meta property=\"article:publisher\" content=\"https:\/\/www.facebook.com\/TermeTopolsica\" \/>\n<meta property=\"article:modified_time\" content=\"2024-05-11T15:53:14+00:00\" \/>\n<meta property=\"og:image\" content=\"https:\/\/www.terme-topolsica.si\/wp-content\/uploads\/2022\/03\/DJI_0208-min-3.jpg\" \/>\n\t<meta property=\"og:image:width\" content=\"1920\" \/>\n\t<meta property=\"og:image:height\" content=\"1078\" \/>\n\t<meta property=\"og:image:type\" content=\"image\/jpeg\" \/>\n<meta name=\"twitter:card\" content=\"summary_large_image\" \/>\n<meta name=\"twitter:label1\" content=\"Procijenjeno vrijeme \u010ditanja\" \/>\n\t<meta name=\"twitter:data1\" content=\"1 minuta\" \/>\n<script type=\"application\/ld+json\" class=\"yoast-schema-graph\">{\"@context\":\"https:\/\/schema.org\",\"@graph\":[{\"@type\":\"WebPage\",\"@id\":\"https:\/\/www.terme-topolsica.si\/hr\/rehabilitacija-osoba-s-multiplom-sklerozom\/\",\"url\":\"https:\/\/www.terme-topolsica.si\/hr\/rehabilitacija-osoba-s-multiplom-sklerozom\/\",\"name\":\"Rehabilitacija osoba s multiplom sklerozom - Terme Topol\u0161ica\",\"isPartOf\":{\"@id\":\"https:\/\/www.terme-topolsica.si\/hr\/#website\"},\"datePublished\":\"2024-05-11T15:53:12+00:00\",\"dateModified\":\"2024-05-11T15:53:14+00:00\",\"description\":\"Rehabilitacija osoba s multiplom sklerozom Centar za lije\u010denje multiple skleroze nalazi se u depandansi Mladika jedan je od najmodernijih u Europi.\",\"breadcrumb\":{\"@id\":\"https:\/\/www.terme-topolsica.si\/hr\/rehabilitacija-osoba-s-multiplom-sklerozom\/#breadcrumb\"},\"inLanguage\":\"hr\",\"potentialAction\":[{\"@type\":\"ReadAction\",\"target\":[\"https:\/\/www.terme-topolsica.si\/hr\/rehabilitacija-osoba-s-multiplom-sklerozom\/\"]}]},{\"@type\":\"BreadcrumbList\",\"@id\":\"https:\/\/www.terme-topolsica.si\/hr\/rehabilitacija-osoba-s-multiplom-sklerozom\/#breadcrumb\",\"itemListElement\":[{\"@type\":\"ListItem\",\"position\":1,\"name\":\"Domov\",\"item\":\"https:\/\/www.terme-topolsica.si\/hr\/\"},{\"@type\":\"ListItem\",\"position\":2,\"name\":\"Rehabilitacija osoba s multiplom sklerozom\"}]},{\"@type\":\"WebSite\",\"@id\":\"https:\/\/www.terme-topolsica.si\/hr\/#website\",\"url\":\"https:\/\/www.terme-topolsica.si\/hr\/\",\"name\":\"Terme Topol\u0161ica\",\"description\":\"Termalni oddih in edinstveno do\u017eivetje\",\"publisher\":{\"@id\":\"https:\/\/www.terme-topolsica.si\/hr\/#organization\"},\"potentialAction\":[{\"@type\":\"SearchAction\",\"target\":{\"@type\":\"EntryPoint\",\"urlTemplate\":\"https:\/\/www.terme-topolsica.si\/hr\/?s={search_term_string}\"},\"query-input\":{\"@type\":\"PropertyValueSpecification\",\"valueRequired\":true,\"valueName\":\"search_term_string\"}}],\"inLanguage\":\"hr\"},{\"@type\":\"Organization\",\"@id\":\"https:\/\/www.terme-topolsica.si\/hr\/#organization\",\"name\":\"Terme Topol\u0161ica\",\"url\":\"https:\/\/www.terme-topolsica.si\/hr\/\",\"logo\":{\"@type\":\"ImageObject\",\"inLanguage\":\"hr\",\"@id\":\"https:\/\/www.terme-topolsica.si\/hr\/#\/schema\/logo\/image\/\",\"url\":\"https:\/\/www.terme-topolsica.si\/wp-content\/uploads\/2021\/06\/logo-terme-topolsica-1.png\",\"contentUrl\":\"https:\/\/www.terme-topolsica.si\/wp-content\/uploads\/2021\/06\/logo-terme-topolsica-1.png\",\"width\":340,\"height\":156,\"caption\":\"Terme Topol\u0161ica\"},\"image\":{\"@id\":\"https:\/\/www.terme-topolsica.si\/hr\/#\/schema\/logo\/image\/\"},\"sameAs\":[\"https:\/\/www.facebook.com\/TermeTopolsica\",\"https:\/\/www.instagram.com\/termetopolsica\/\",\"https:\/\/www.linkedin.com\/company\/terme-topolsica\/\"]}]}<\/script>\n<!-- \/ Yoast SEO plugin. -->","yoast_head_json":{"title":"Rehabilitacija osoba s multiplom sklerozom - Terme Topol\u0161ica","description":"Rehabilitacija osoba s multiplom sklerozom Centar za lije\u010denje multiple skleroze nalazi se u depandansi Mladika jedan je od najmodernijih u Europi.","robots":{"index":"index","follow":"follow","max-snippet":"max-snippet:-1","max-image-preview":"max-image-preview:large","max-video-preview":"max-video-preview:-1"},"canonical":"https:\/\/www.terme-topolsica.si\/hr\/rehabilitacija-osoba-s-multiplom-sklerozom\/","og_locale":"hr_HR","og_type":"article","og_title":"Rehabilitacija osoba s multiplom sklerozom - Terme Topol\u0161ica","og_description":"Rehabilitacija osoba s multiplom sklerozom Centar za lije\u010denje multiple skleroze nalazi se u depandansi Mladika jedan je od najmodernijih u Europi.","og_url":"https:\/\/www.terme-topolsica.si\/hr\/rehabilitacija-osoba-s-multiplom-sklerozom\/","og_site_name":"Terme Topol\u0161ica","article_publisher":"https:\/\/www.facebook.com\/TermeTopolsica","article_modified_time":"2024-05-11T15:53:14+00:00","og_image":[{"width":1920,"height":1078,"url":"https:\/\/www.terme-topolsica.si\/wp-content\/uploads\/2022\/03\/DJI_0208-min-3.jpg","type":"image\/jpeg"}],"twitter_card":"summary_large_image","twitter_misc":{"Procijenjeno vrijeme \u010ditanja":"1 minuta"},"schema":{"@context":"https:\/\/schema.org","@graph":[{"@type":"WebPage","@id":"https:\/\/www.terme-topolsica.si\/hr\/rehabilitacija-osoba-s-multiplom-sklerozom\/","url":"https:\/\/www.terme-topolsica.si\/hr\/rehabilitacija-osoba-s-multiplom-sklerozom\/","name":"Rehabilitacija osoba s multiplom sklerozom - Terme Topol\u0161ica","isPartOf":{"@id":"https:\/\/www.terme-topolsica.si\/hr\/#website"},"datePublished":"2024-05-11T15:53:12+00:00","dateModified":"2024-05-11T15:53:14+00:00","description":"Rehabilitacija osoba s multiplom sklerozom Centar za lije\u010denje multiple skleroze nalazi se u depandansi Mladika jedan je od najmodernijih u Europi.","breadcrumb":{"@id":"https:\/\/www.terme-topolsica.si\/hr\/rehabilitacija-osoba-s-multiplom-sklerozom\/#breadcrumb"},"inLanguage":"hr","potentialAction":[{"@type":"ReadAction","target":["https:\/\/www.terme-topolsica.si\/hr\/rehabilitacija-osoba-s-multiplom-sklerozom\/"]}]},{"@type":"BreadcrumbList","@id":"https:\/\/www.terme-topolsica.si\/hr\/rehabilitacija-osoba-s-multiplom-sklerozom\/#breadcrumb","itemListElement":[{"@type":"ListItem","position":1,"name":"Domov","item":"https:\/\/www.terme-topolsica.si\/hr\/"},{"@type":"ListItem","position":2,"name":"Rehabilitacija osoba s multiplom sklerozom"}]},{"@type":"WebSite","@id":"https:\/\/www.terme-topolsica.si\/hr\/#website","url":"https:\/\/www.terme-topolsica.si\/hr\/","name":"Terme Topol\u0161ica","description":"Termalni oddih in edinstveno do\u017eivetje","publisher":{"@id":"https:\/\/www.terme-topolsica.si\/hr\/#organization"},"potentialAction":[{"@type":"SearchAction","target":{"@type":"EntryPoint","urlTemplate":"https:\/\/www.terme-topolsica.si\/hr\/?s={search_term_string}"},"query-input":{"@type":"PropertyValueSpecification","valueRequired":true,"valueName":"search_term_string"}}],"inLanguage":"hr"},{"@type":"Organization","@id":"https:\/\/www.terme-topolsica.si\/hr\/#organization","name":"Terme Topol\u0161ica","url":"https:\/\/www.terme-topolsica.si\/hr\/","logo":{"@type":"ImageObject","inLanguage":"hr","@id":"https:\/\/www.terme-topolsica.si\/hr\/#\/schema\/logo\/image\/","url":"https:\/\/www.terme-topolsica.si\/wp-content\/uploads\/2021\/06\/logo-terme-topolsica-1.png","contentUrl":"https:\/\/www.terme-topolsica.si\/wp-content\/uploads\/2021\/06\/logo-terme-topolsica-1.png","width":340,"height":156,"caption":"Terme Topol\u0161ica"},"image":{"@id":"https:\/\/www.terme-topolsica.si\/hr\/#\/schema\/logo\/image\/"},"sameAs":["https:\/\/www.facebook.com\/TermeTopolsica","https:\/\/www.instagram.com\/termetopolsica\/","https:\/\/www.linkedin.com\/company\/terme-topolsica\/"]}]}},"_links":{"self":[{"href":"https:\/\/www.terme-topolsica.si\/hr\/wp-json\/wp\/v2\/pages\/14976","targetHints":{"allow":["GET"]}}],"collection":[{"href":"https:\/\/www.terme-topolsica.si\/hr\/wp-json\/wp\/v2\/pages"}],"about":[{"href":"https:\/\/www.terme-topolsica.si\/hr\/wp-json\/wp\/v2\/types\/page"}],"author":[{"embeddable":true,"href":"https:\/\/www.terme-topolsica.si\/hr\/wp-json\/wp\/v2\/users\/1"}],"replies":[{"embeddable":true,"href":"https:\/\/www.terme-topolsica.si\/hr\/wp-json\/wp\/v2\/comments?post=14976"}],"version-history":[{"count":0,"href":"https:\/\/www.terme-topolsica.si\/hr\/wp-json\/wp\/v2\/pages\/14976\/revisions"}],"wp:attachment":[{"href":"https:\/\/www.terme-topolsica.si\/hr\/wp-json\/wp\/v2\/media?parent=14976"}],"curies":[{"name":"wp","href":"https:\/\/api.w.org\/{rel}","templated":true}]}}