{"id":4740,"date":"2022-03-24T03:49:54","date_gmt":"2022-03-24T03:49:54","guid":{"rendered":"https:\/\/terme-topolsica.si\/spletna-trgovina\/unkategorisiert\/gesichts-hals-und-dekollete-massage-30-min\/"},"modified":"2022-04-06T09:08:09","modified_gmt":"2022-04-06T09:08:09","slug":"gesichts-hals-und-dekollete-massage","status":"publish","type":"product","link":"https:\/\/www.terme-topolsica.si\/de\/shop\/massagen\/gesichts-hals-und-dekollete-massage\/","title":{"rendered":"Gesichts-, Hals- und Dekollet\u00e9-Massage (30 min)"},"content":{"rendered":"<p>Mit klassischen Massagetechniken, Shiatsu und Lymphdrainage. F\u00fcr jeden geeignet, der sich verw\u00f6hnen m\u00f6chte, insbesondere f\u00fcr diejenigen, die Probleme mit Sinusitis, Erk\u00e4ltungen, Kopfschmerzen etc. haben.<br \/>\nDauer: 30 min.<\/p>\n","protected":false},"excerpt":{"rendered":"<p>Mit klassischen Massagetechniken, Shiatsu und Lymphdrainage. F\u00fcr jeden geeignet, der sich verw\u00f6hnen m\u00f6chte, insbesondere f\u00fcr diejenigen, die Probleme mit Sinusitis, Erk\u00e4ltungen, Kopfschmerzen etc. haben.<br \/>\nDauer: 30 min.<\/p>\n","protected":false},"featured_media":4020,"template":"","meta":[],"product_brand":[],"product_cat":[83],"product_tag":[],"class_list":{"0":"post-4740","1":"product","2":"type-product","3":"status-publish","4":"has-post-thumbnail","6":"product_cat-massagen","8":"first","9":"instock","10":"purchasable","11":"product-type-simple"},"yoast_head":"<!-- This site is optimized with the Yoast SEO plugin v26.9 - https:\/\/yoast.com\/product\/yoast-seo-wordpress\/ -->\n<title>Gesichts-, Hals- und Dekollet\u00e9-Massage (30 min) - Terme Topol\u0161ica<\/title>\n<meta name=\"description\" content=\"Mit klassischen Massagetechniken, Shiatsu und Lymphdrainage. F\u00fcr jeden geeignet, der sich verw\u00f6hnen m\u00f6chte, insbesondere f\u00fcr diejenigen, die Probleme mit Sinusitis, Erk\u00e4ltungen, Kopfschmerzen etc. haben. Buchen Sie jetzt.\" \/>\n<meta name=\"robots\" content=\"index, follow, max-snippet:-1, max-image-preview:large, max-video-preview:-1\" \/>\n<link rel=\"canonical\" href=\"https:\/\/www.terme-topolsica.si\/de\/shop\/massagen\/gesichts-hals-und-dekollete-massage\/\" \/>\n<meta property=\"og:locale\" content=\"de_DE\" \/>\n<meta property=\"og:type\" content=\"article\" \/>\n<meta property=\"og:title\" content=\"Gesichts-, Hals- und Dekollet\u00e9-Massage (30 min) - Terme Topol\u0161ica\" \/>\n<meta property=\"og:description\" content=\"Mit klassischen Massagetechniken, Shiatsu und Lymphdrainage. F\u00fcr jeden geeignet, der sich verw\u00f6hnen m\u00f6chte, insbesondere f\u00fcr diejenigen, die Probleme mit Sinusitis, Erk\u00e4ltungen, Kopfschmerzen etc. haben. Buchen Sie jetzt.\" \/>\n<meta property=\"og:url\" content=\"https:\/\/www.terme-topolsica.si\/de\/shop\/massagen\/gesichts-hals-und-dekollete-massage\/\" \/>\n<meta property=\"og:site_name\" content=\"Terme Topol\u0161ica\" \/>\n<meta property=\"article:publisher\" content=\"https:\/\/www.facebook.com\/TermeTopolsica\" \/>\n<meta property=\"article:modified_time\" content=\"2022-04-06T09:08:09+00:00\" \/>\n<meta property=\"og:image\" content=\"https:\/\/www.terme-topolsica.si\/wp-content\/uploads\/2022\/03\/masaza-obraza-vratu-in-dekolteja.jpg\" \/>\n\t<meta property=\"og:image:width\" content=\"450\" \/>\n\t<meta property=\"og:image:height\" content=\"450\" \/>\n\t<meta property=\"og:image:type\" content=\"image\/jpeg\" \/>\n<meta name=\"twitter:card\" content=\"summary_large_image\" \/>\n<script type=\"application\/ld+json\" class=\"yoast-schema-graph\">{\"@context\":\"https:\/\/schema.org\",\"@graph\":[{\"@type\":\"WebPage\",\"@id\":\"https:\/\/www.terme-topolsica.si\/de\/shop\/massagen\/gesichts-hals-und-dekollete-massage\/\",\"url\":\"https:\/\/www.terme-topolsica.si\/de\/shop\/massagen\/gesichts-hals-und-dekollete-massage\/\",\"name\":\"Gesichts-, Hals- und Dekollet\u00e9-Massage (30 min) - Terme Topol\u0161ica\",\"isPartOf\":{\"@id\":\"https:\/\/www.terme-topolsica.si\/de\/#website\"},\"primaryImageOfPage\":{\"@id\":\"https:\/\/www.terme-topolsica.si\/de\/shop\/massagen\/gesichts-hals-und-dekollete-massage\/#primaryimage\"},\"image\":{\"@id\":\"https:\/\/www.terme-topolsica.si\/de\/shop\/massagen\/gesichts-hals-und-dekollete-massage\/#primaryimage\"},\"thumbnailUrl\":\"https:\/\/www.terme-topolsica.si\/wp-content\/uploads\/2022\/03\/masaza-obraza-vratu-in-dekolteja.jpg\",\"datePublished\":\"2022-03-24T03:49:54+00:00\",\"dateModified\":\"2022-04-06T09:08:09+00:00\",\"description\":\"Mit klassischen Massagetechniken, Shiatsu und Lymphdrainage. F\u00fcr jeden geeignet, der sich verw\u00f6hnen m\u00f6chte, insbesondere f\u00fcr diejenigen, die Probleme mit Sinusitis, Erk\u00e4ltungen, Kopfschmerzen etc. haben. Buchen Sie jetzt.\",\"breadcrumb\":{\"@id\":\"https:\/\/www.terme-topolsica.si\/de\/shop\/massagen\/gesichts-hals-und-dekollete-massage\/#breadcrumb\"},\"inLanguage\":\"de\",\"potentialAction\":[{\"@type\":\"ReadAction\",\"target\":[\"https:\/\/www.terme-topolsica.si\/de\/shop\/massagen\/gesichts-hals-und-dekollete-massage\/\"]}]},{\"@type\":\"ImageObject\",\"inLanguage\":\"de\",\"@id\":\"https:\/\/www.terme-topolsica.si\/de\/shop\/massagen\/gesichts-hals-und-dekollete-massage\/#primaryimage\",\"url\":\"https:\/\/www.terme-topolsica.si\/wp-content\/uploads\/2022\/03\/masaza-obraza-vratu-in-dekolteja.jpg\",\"contentUrl\":\"https:\/\/www.terme-topolsica.si\/wp-content\/uploads\/2022\/03\/masaza-obraza-vratu-in-dekolteja.jpg\",\"width\":450,\"height\":450},{\"@type\":\"BreadcrumbList\",\"@id\":\"https:\/\/www.terme-topolsica.si\/de\/shop\/massagen\/gesichts-hals-und-dekollete-massage\/#breadcrumb\",\"itemListElement\":[{\"@type\":\"ListItem\",\"position\":1,\"name\":\"Domov\",\"item\":\"https:\/\/www.terme-topolsica.si\/de\/\"},{\"@type\":\"ListItem\",\"position\":2,\"name\":\"Shop\",\"item\":\"https:\/\/www.terme-topolsica.si\/de\/shop\/\"},{\"@type\":\"ListItem\",\"position\":3,\"name\":\"Gesichts-, Hals- und Dekollet\u00e9-Massage (30 min)\"}]},{\"@type\":\"WebSite\",\"@id\":\"https:\/\/www.terme-topolsica.si\/de\/#website\",\"url\":\"https:\/\/www.terme-topolsica.si\/de\/\",\"name\":\"Terme Topol\u0161ica\",\"description\":\"Termalni oddih in edinstveno do\u017eivetje\",\"publisher\":{\"@id\":\"https:\/\/www.terme-topolsica.si\/de\/#organization\"},\"potentialAction\":[{\"@type\":\"SearchAction\",\"target\":{\"@type\":\"EntryPoint\",\"urlTemplate\":\"https:\/\/www.terme-topolsica.si\/de\/?s={search_term_string}\"},\"query-input\":{\"@type\":\"PropertyValueSpecification\",\"valueRequired\":true,\"valueName\":\"search_term_string\"}}],\"inLanguage\":\"de\"},{\"@type\":\"Organization\",\"@id\":\"https:\/\/www.terme-topolsica.si\/de\/#organization\",\"name\":\"Terme Topol\u0161ica\",\"url\":\"https:\/\/www.terme-topolsica.si\/de\/\",\"logo\":{\"@type\":\"ImageObject\",\"inLanguage\":\"de\",\"@id\":\"https:\/\/www.terme-topolsica.si\/de\/#\/schema\/logo\/image\/\",\"url\":\"https:\/\/www.terme-topolsica.si\/wp-content\/uploads\/2021\/06\/logo-terme-topolsica-1.png\",\"contentUrl\":\"https:\/\/www.terme-topolsica.si\/wp-content\/uploads\/2021\/06\/logo-terme-topolsica-1.png\",\"width\":340,\"height\":156,\"caption\":\"Terme Topol\u0161ica\"},\"image\":{\"@id\":\"https:\/\/www.terme-topolsica.si\/de\/#\/schema\/logo\/image\/\"},\"sameAs\":[\"https:\/\/www.facebook.com\/TermeTopolsica\",\"https:\/\/www.instagram.com\/termetopolsica\/\",\"https:\/\/www.linkedin.com\/company\/terme-topolsica\/\"]}]}<\/script>\n<!-- \/ Yoast SEO plugin. -->","yoast_head_json":{"title":"Gesichts-, Hals- und Dekollet\u00e9-Massage (30 min) - Terme Topol\u0161ica","description":"Mit klassischen Massagetechniken, Shiatsu und Lymphdrainage. F\u00fcr jeden geeignet, der sich verw\u00f6hnen m\u00f6chte, insbesondere f\u00fcr diejenigen, die Probleme mit Sinusitis, Erk\u00e4ltungen, Kopfschmerzen etc. haben. Buchen Sie jetzt.","robots":{"index":"index","follow":"follow","max-snippet":"max-snippet:-1","max-image-preview":"max-image-preview:large","max-video-preview":"max-video-preview:-1"},"canonical":"https:\/\/www.terme-topolsica.si\/de\/shop\/massagen\/gesichts-hals-und-dekollete-massage\/","og_locale":"de_DE","og_type":"article","og_title":"Gesichts-, Hals- und Dekollet\u00e9-Massage (30 min) - Terme Topol\u0161ica","og_description":"Mit klassischen Massagetechniken, Shiatsu und Lymphdrainage. F\u00fcr jeden geeignet, der sich verw\u00f6hnen m\u00f6chte, insbesondere f\u00fcr diejenigen, die Probleme mit Sinusitis, Erk\u00e4ltungen, Kopfschmerzen etc. haben. Buchen Sie jetzt.","og_url":"https:\/\/www.terme-topolsica.si\/de\/shop\/massagen\/gesichts-hals-und-dekollete-massage\/","og_site_name":"Terme Topol\u0161ica","article_publisher":"https:\/\/www.facebook.com\/TermeTopolsica","article_modified_time":"2022-04-06T09:08:09+00:00","og_image":[{"width":450,"height":450,"url":"https:\/\/www.terme-topolsica.si\/wp-content\/uploads\/2022\/03\/masaza-obraza-vratu-in-dekolteja.jpg","type":"image\/jpeg"}],"twitter_card":"summary_large_image","schema":{"@context":"https:\/\/schema.org","@graph":[{"@type":"WebPage","@id":"https:\/\/www.terme-topolsica.si\/de\/shop\/massagen\/gesichts-hals-und-dekollete-massage\/","url":"https:\/\/www.terme-topolsica.si\/de\/shop\/massagen\/gesichts-hals-und-dekollete-massage\/","name":"Gesichts-, Hals- und Dekollet\u00e9-Massage (30 min) - Terme Topol\u0161ica","isPartOf":{"@id":"https:\/\/www.terme-topolsica.si\/de\/#website"},"primaryImageOfPage":{"@id":"https:\/\/www.terme-topolsica.si\/de\/shop\/massagen\/gesichts-hals-und-dekollete-massage\/#primaryimage"},"image":{"@id":"https:\/\/www.terme-topolsica.si\/de\/shop\/massagen\/gesichts-hals-und-dekollete-massage\/#primaryimage"},"thumbnailUrl":"https:\/\/www.terme-topolsica.si\/wp-content\/uploads\/2022\/03\/masaza-obraza-vratu-in-dekolteja.jpg","datePublished":"2022-03-24T03:49:54+00:00","dateModified":"2022-04-06T09:08:09+00:00","description":"Mit klassischen Massagetechniken, Shiatsu und Lymphdrainage. F\u00fcr jeden geeignet, der sich verw\u00f6hnen m\u00f6chte, insbesondere f\u00fcr diejenigen, die Probleme mit Sinusitis, Erk\u00e4ltungen, Kopfschmerzen etc. haben. Buchen Sie jetzt.","breadcrumb":{"@id":"https:\/\/www.terme-topolsica.si\/de\/shop\/massagen\/gesichts-hals-und-dekollete-massage\/#breadcrumb"},"inLanguage":"de","potentialAction":[{"@type":"ReadAction","target":["https:\/\/www.terme-topolsica.si\/de\/shop\/massagen\/gesichts-hals-und-dekollete-massage\/"]}]},{"@type":"ImageObject","inLanguage":"de","@id":"https:\/\/www.terme-topolsica.si\/de\/shop\/massagen\/gesichts-hals-und-dekollete-massage\/#primaryimage","url":"https:\/\/www.terme-topolsica.si\/wp-content\/uploads\/2022\/03\/masaza-obraza-vratu-in-dekolteja.jpg","contentUrl":"https:\/\/www.terme-topolsica.si\/wp-content\/uploads\/2022\/03\/masaza-obraza-vratu-in-dekolteja.jpg","width":450,"height":450},{"@type":"BreadcrumbList","@id":"https:\/\/www.terme-topolsica.si\/de\/shop\/massagen\/gesichts-hals-und-dekollete-massage\/#breadcrumb","itemListElement":[{"@type":"ListItem","position":1,"name":"Domov","item":"https:\/\/www.terme-topolsica.si\/de\/"},{"@type":"ListItem","position":2,"name":"Shop","item":"https:\/\/www.terme-topolsica.si\/de\/shop\/"},{"@type":"ListItem","position":3,"name":"Gesichts-, Hals- und Dekollet\u00e9-Massage (30 min)"}]},{"@type":"WebSite","@id":"https:\/\/www.terme-topolsica.si\/de\/#website","url":"https:\/\/www.terme-topolsica.si\/de\/","name":"Terme Topol\u0161ica","description":"Termalni oddih in edinstveno do\u017eivetje","publisher":{"@id":"https:\/\/www.terme-topolsica.si\/de\/#organization"},"potentialAction":[{"@type":"SearchAction","target":{"@type":"EntryPoint","urlTemplate":"https:\/\/www.terme-topolsica.si\/de\/?s={search_term_string}"},"query-input":{"@type":"PropertyValueSpecification","valueRequired":true,"valueName":"search_term_string"}}],"inLanguage":"de"},{"@type":"Organization","@id":"https:\/\/www.terme-topolsica.si\/de\/#organization","name":"Terme Topol\u0161ica","url":"https:\/\/www.terme-topolsica.si\/de\/","logo":{"@type":"ImageObject","inLanguage":"de","@id":"https:\/\/www.terme-topolsica.si\/de\/#\/schema\/logo\/image\/","url":"https:\/\/www.terme-topolsica.si\/wp-content\/uploads\/2021\/06\/logo-terme-topolsica-1.png","contentUrl":"https:\/\/www.terme-topolsica.si\/wp-content\/uploads\/2021\/06\/logo-terme-topolsica-1.png","width":340,"height":156,"caption":"Terme Topol\u0161ica"},"image":{"@id":"https:\/\/www.terme-topolsica.si\/de\/#\/schema\/logo\/image\/"},"sameAs":["https:\/\/www.facebook.com\/TermeTopolsica","https:\/\/www.instagram.com\/termetopolsica\/","https:\/\/www.linkedin.com\/company\/terme-topolsica\/"]}]}},"_links":{"self":[{"href":"https:\/\/www.terme-topolsica.si\/de\/wp-json\/wp\/v2\/product\/4740","targetHints":{"allow":["GET"]}}],"collection":[{"href":"https:\/\/www.terme-topolsica.si\/de\/wp-json\/wp\/v2\/product"}],"about":[{"href":"https:\/\/www.terme-topolsica.si\/de\/wp-json\/wp\/v2\/types\/product"}],"version-history":[{"count":0,"href":"https:\/\/www.terme-topolsica.si\/de\/wp-json\/wp\/v2\/product\/4740\/revisions"}],"wp:featuredmedia":[{"embeddable":true,"href":"https:\/\/www.terme-topolsica.si\/de\/wp-json\/wp\/v2\/media\/4020"}],"wp:attachment":[{"href":"https:\/\/www.terme-topolsica.si\/de\/wp-json\/wp\/v2\/media?parent=4740"}],"wp:term":[{"taxonomy":"product_brand","embeddable":true,"href":"https:\/\/www.terme-topolsica.si\/de\/wp-json\/wp\/v2\/product_brand?post=4740"},{"taxonomy":"product_cat","embeddable":true,"href":"https:\/\/www.terme-topolsica.si\/de\/wp-json\/wp\/v2\/product_cat?post=4740"},{"taxonomy":"product_tag","embeddable":true,"href":"https:\/\/www.terme-topolsica.si\/de\/wp-json\/wp\/v2\/product_tag?post=4740"}],"curies":[{"name":"wp","href":"https:\/\/api.w.org\/{rel}","templated":true}]}}