{"id":3888,"date":"2022-03-03T19:13:55","date_gmt":"2022-03-03T19:13:55","guid":{"rendered":"https:\/\/terme-topolsica.si\/rehabilitation-von-menschen-mit-multipler-sklerose\/"},"modified":"2022-11-30T15:04:32","modified_gmt":"2022-11-30T15:04:32","slug":"rehabilitation-von-menschen-mit-multipler-sklerose","status":"publish","type":"page","link":"https:\/\/www.terme-topolsica.si\/de\/rehabilitation-von-menschen-mit-multipler-sklerose\/","title":{"rendered":"Rehabilitation von Menschen mit Multipler Sklerose"},"content":{"rendered":"\t\t<div data-elementor-type=\"wp-page\" data-elementor-id=\"3888\" class=\"elementor elementor-3888 elementor-363\" data-elementor-post-type=\"page\">\n\t\t\t\t\t\t<section class=\"elementor-section elementor-top-section elementor-element elementor-element-5c43f3d0 elementor-section-height-min-height elementor-section-boxed elementor-section-height-default elementor-section-items-middle\" data-id=\"5c43f3d0\" data-element_type=\"section\" data-e-type=\"section\" data-settings=\"{&quot;background_background&quot;:&quot;classic&quot;}\">\n\t\t\t\t\t\t\t<div class=\"elementor-background-overlay\"><\/div>\n\t\t\t\t\t\t\t<div class=\"elementor-container elementor-column-gap-default\">\n\t\t\t\t\t<div class=\"elementor-column elementor-col-100 elementor-top-column elementor-element elementor-element-143e78e3\" data-id=\"143e78e3\" data-element_type=\"column\" data-e-type=\"column\">\n\t\t\t<div class=\"elementor-widget-wrap elementor-element-populated\">\n\t\t\t\t\t\t<div class=\"elementor-element elementor-element-70025279 elementor-widget elementor-widget-heading\" data-id=\"70025279\" data-element_type=\"widget\" data-e-type=\"widget\" data-widget_type=\"heading.default\">\n\t\t\t\t<div class=\"elementor-widget-container\">\n\t\t\t\t\t<h1 class=\"elementor-heading-title elementor-size-default\">Rehabilitation von Menschen mit Multipler Sklerose<\/h1>\t\t\t\t<\/div>\n\t\t\t\t<\/div>\n\t\t\t\t<div class=\"elementor-element elementor-element-472bd388 elementor-widget elementor-widget-text-editor\" data-id=\"472bd388\" data-element_type=\"widget\" data-e-type=\"widget\" data-widget_type=\"text-editor.default\">\n\t\t\t\t<div class=\"elementor-widget-container\">\n\t\t\t\t\t\t\t\t\t<p>Medizin<\/p>\n\t\t\t\t\t\t\t\t<\/div>\n\t\t\t\t<\/div>\n\t\t\t\t\t<\/div>\n\t\t<\/div>\n\t\t\t\t\t<\/div>\n\t\t<\/section>\n\t\t\t\t<section class=\"elementor-section elementor-top-section elementor-element elementor-element-59cac516 elementor-section-boxed elementor-section-height-default elementor-section-height-default\" data-id=\"59cac516\" data-element_type=\"section\" data-e-type=\"section\">\n\t\t\t\t\t\t<div class=\"elementor-container elementor-column-gap-default\">\n\t\t\t\t\t<div class=\"elementor-column elementor-col-100 elementor-top-column elementor-element elementor-element-11480d92\" data-id=\"11480d92\" data-element_type=\"column\" data-e-type=\"column\">\n\t\t\t<div class=\"elementor-widget-wrap elementor-element-populated\">\n\t\t\t\t\t\t<div class=\"elementor-element elementor-element-31358a2e bgTextHeading elementor-widget elementor-widget-heading\" data-id=\"31358a2e\" data-element_type=\"widget\" data-e-type=\"widget\" data-widget_type=\"heading.default\">\n\t\t\t\t<div class=\"elementor-widget-container\">\n\t\t\t\t\t<span class=\"elementor-heading-title elementor-size-default\">Rehabilitation<\/span>\t\t\t\t<\/div>\n\t\t\t\t<\/div>\n\t\t\t\t<div class=\"elementor-element elementor-element-2779ce5f elementor-widget elementor-widget-heading\" data-id=\"2779ce5f\" data-element_type=\"widget\" data-e-type=\"widget\" data-widget_type=\"heading.default\">\n\t\t\t\t<div class=\"elementor-widget-container\">\n\t\t\t\t\t<h2 class=\"elementor-heading-title elementor-size-default\">MEDIZIN<\/h2>\t\t\t\t<\/div>\n\t\t\t\t<\/div>\n\t\t\t\t<div class=\"elementor-element elementor-element-a0f286f elementor-widget elementor-widget-heading\" data-id=\"a0f286f\" data-element_type=\"widget\" data-e-type=\"widget\" data-widget_type=\"heading.default\">\n\t\t\t\t<div class=\"elementor-widget-container\">\n\t\t\t\t\t<h3 class=\"elementor-heading-title elementor-size-default\">Rehabilitation von Menschen mit Multipler Sklerose<\/h3>\t\t\t\t<\/div>\n\t\t\t\t<\/div>\n\t\t\t\t<div class=\"elementor-element elementor-element-151bc0f3 elementor-widget elementor-widget-text-editor\" data-id=\"151bc0f3\" data-element_type=\"widget\" data-e-type=\"widget\" data-widget_type=\"text-editor.default\">\n\t\t\t\t<div class=\"elementor-widget-container\">\n\t\t\t\t\t\t\t\t\t<p>Das Multiple Sklerose Behandlungszentrum im Fl\u00fcgel Mladika der Therme Topol\u0161ica ist eines der modernsten seiner Art in Europa. Im Vergleich zu anderen Hotelanlagen verf\u00fcgt es \u00fcber eine eigene Physiotherapieabteilung, Arbeitstherapieabteilung, Fachkliniken, Turnhalle, Massageeinrichtungen und ein modernes Rehabilitationsbecken. Das Zentrum, einschlie\u00dflich der Zimmer, ist f\u00fcr Patienten mit eingeschr\u00e4nkter Mobilit\u00e4t geeignet.<\/p>\n<\/p>\n<p>Alle 14 Doppel- und 20 Einzelzimmer sind renoviert, modern ausgestattet und an Patienten mit Multipler Sklerose angepasst. Es wird ein st\u00e4ndiger 24-Stunden-Bereitschaftsdienst angeboten, so dass die st\u00e4ndige Bereitschaft des Arztes gew\u00e4hrleistet ist.<\/p>\n<\/p>\n<p>Das Programm des Multiple Sklerose Behandlungszentrums im Naturheilbad Topol\u0161ica basiert auf Qualit\u00e4t und kontinuierlicher medizinischer Rehabilitation, die von hochqualifiziertem Personal und jahrzehntelanger Erfahrung durchgef\u00fchrt wird. Jahren haben die Patienten ein relativ normales Leben mit voller oder eingeschr\u00e4nkter Arbeitsf\u00e4higkeit nach den ersten Anzeichen einer Krankheit.<\/p>\n\t\t\t\t\t\t\t\t<\/div>\n\t\t\t\t<\/div>\n\t\t\t\t\t<\/div>\n\t\t<\/div>\n\t\t\t\t\t<\/div>\n\t\t<\/section>\n\t\t\t\t<section class=\"elementor-section elementor-top-section elementor-element elementor-element-638e1165 elementor-section-full_width elementor-section-height-default elementor-section-height-default\" data-id=\"638e1165\" data-element_type=\"section\" data-e-type=\"section\" data-settings=\"{&quot;background_background&quot;:&quot;classic&quot;}\">\n\t\t\t\t\t\t<div class=\"elementor-container elementor-column-gap-default\">\n\t\t\t\t\t<div class=\"elementor-column elementor-col-100 elementor-top-column elementor-element elementor-element-5d0ea1\" data-id=\"5d0ea1\" data-element_type=\"column\" data-e-type=\"column\">\n\t\t\t<div class=\"elementor-widget-wrap elementor-element-populated\">\n\t\t\t\t\t\t<div class=\"elementor-element elementor-element-834c4df elementor-widget elementor-widget-template\" data-id=\"834c4df\" data-element_type=\"widget\" data-e-type=\"widget\" data-widget_type=\"template.default\">\n\t\t\t\t<div class=\"elementor-widget-container\">\n\t\t\t\t\t\t\t<div class=\"elementor-template\">\n\t\t\t\t\t<div data-elementor-type=\"section\" data-elementor-id=\"5249\" class=\"elementor elementor-5249 elementor-2938 elementor-2938\" data-elementor-post-type=\"elementor_library\">\n\t\t\t\t\t<section class=\"elementor-section elementor-top-section elementor-element elementor-element-e449de5 elementor-section-boxed elementor-section-height-default elementor-section-height-default\" data-id=\"e449de5\" data-element_type=\"section\" data-e-type=\"section\">\n\t\t\t\t\t\t<div class=\"elementor-container elementor-column-gap-default\">\n\t\t\t\t\t<div class=\"elementor-column elementor-col-100 elementor-top-column elementor-element elementor-element-5789fc7\" data-id=\"5789fc7\" data-element_type=\"column\" data-e-type=\"column\">\n\t\t\t<div class=\"elementor-widget-wrap elementor-element-populated\">\n\t\t\t\t\t\t<div class=\"elementor-element elementor-element-1454f18c bgTextHeading elementor-widget elementor-widget-heading\" data-id=\"1454f18c\" data-element_type=\"widget\" data-e-type=\"widget\" data-widget_type=\"heading.default\">\n\t\t\t\t<div class=\"elementor-widget-container\">\n\t\t\t\t\t<span class=\"elementor-heading-title elementor-size-default\">Information<\/span>\t\t\t\t<\/div>\n\t\t\t\t<\/div>\n\t\t\t\t<div class=\"elementor-element elementor-element-416844ee elementor-widget elementor-widget-heading\" data-id=\"416844ee\" data-element_type=\"widget\" data-e-type=\"widget\" data-widget_type=\"heading.default\">\n\t\t\t\t<div class=\"elementor-widget-container\">\n\t\t\t\t\t<h3 class=\"elementor-heading-title elementor-size-default\">Information<\/h3>\t\t\t\t<\/div>\n\t\t\t\t<\/div>\n\t\t\t\t<div class=\"elementor-element elementor-element-c4f3a89 elementor-widget elementor-widget-heading\" data-id=\"c4f3a89\" data-element_type=\"widget\" data-e-type=\"widget\" data-widget_type=\"heading.default\">\n\t\t\t\t<div class=\"elementor-widget-container\">\n\t\t\t\t\t<h2 class=\"elementor-heading-title elementor-size-default\">MEDIZIN<\/h2>\t\t\t\t<\/div>\n\t\t\t\t<\/div>\n\t\t\t\t<section class=\"elementor-section elementor-inner-section elementor-element elementor-element-dda16f7 elementor-section-boxed elementor-section-height-default elementor-section-height-default\" data-id=\"dda16f7\" data-element_type=\"section\" data-e-type=\"section\">\n\t\t\t\t\t\t<div class=\"elementor-container elementor-column-gap-default\">\n\t\t\t\t\t<div class=\"elementor-column elementor-col-33 elementor-inner-column elementor-element elementor-element-94e98b7\" data-id=\"94e98b7\" data-element_type=\"column\" data-e-type=\"column\">\n\t\t\t<div class=\"elementor-widget-wrap elementor-element-populated\">\n\t\t\t\t\t\t<div class=\"elementor-element elementor-element-59cf2b48 elementor-widget elementor-widget-text-editor\" data-id=\"59cf2b48\" data-element_type=\"widget\" data-e-type=\"widget\" data-widget_type=\"text-editor.default\">\n\t\t\t\t<div class=\"elementor-widget-container\">\n\t\t\t\t\t\t\t\t\t<p><strong>AMBULANTE PHYSIOTHERAPIE<\/strong><br \/>T: <a href=\"tel:+386%203%20896%2031%2016\">+386 3 896 31 16<\/a><br \/>E: <a href=\"mailto:fizioterapija@terme-topolsica.si\">fizioterapija@terme-topolsica.si<\/a><\/p>\n\t\t\t\t\t\t\t\t<\/div>\n\t\t\t\t<\/div>\n\t\t\t\t\t<\/div>\n\t\t<\/div>\n\t\t\t\t<div class=\"elementor-column elementor-col-33 elementor-inner-column elementor-element elementor-element-6fe5a9b\" data-id=\"6fe5a9b\" data-element_type=\"column\" data-e-type=\"column\">\n\t\t\t<div class=\"elementor-widget-wrap elementor-element-populated\">\n\t\t\t\t\t\t<div class=\"elementor-element elementor-element-d57d15e elementor-widget elementor-widget-text-editor\" data-id=\"d57d15e\" data-element_type=\"widget\" data-e-type=\"widget\" data-widget_type=\"text-editor.default\">\n\t\t\t\t<div class=\"elementor-widget-container\">\n\t\t\t\t\t\t\t\t\t<p><strong>AMBULANTE <\/strong><br \/>Mirjam Salobir, Oberschwester<br \/>T: <a href=\"tel:+386%203%20896%2032%2088\">+386 3 896 32 88<\/a> \/ <a href=\"tel:+386%2041%20602%20031\">+386 41 602 031<\/a><br \/>E: <a href=\"mailto:ambulanta@terme-topolsica.si\">ambulanta@terme-topolsica.si<\/a><\/p>\n\t\t\t\t\t\t\t\t<\/div>\n\t\t\t\t<\/div>\n\t\t\t\t\t<\/div>\n\t\t<\/div>\n\t\t\t\t<div class=\"elementor-column elementor-col-33 elementor-inner-column elementor-element elementor-element-c966b93\" data-id=\"c966b93\" data-element_type=\"column\" data-e-type=\"column\">\n\t\t\t<div class=\"elementor-widget-wrap elementor-element-populated\">\n\t\t\t\t\t\t<div class=\"elementor-element elementor-element-74ed569 elementor-widget elementor-widget-text-editor\" data-id=\"74ed569\" data-element_type=\"widget\" data-e-type=\"widget\" data-widget_type=\"text-editor.default\">\n\t\t\t\t<div class=\"elementor-widget-container\">\n\t\t\t\t\t\t\t\t\t<p><strong>PHYSIOTHERAPIE<\/strong><br \/>Maja Bric, Kopf-Physiotherapeutin<br \/>T: <a href=\"tel:+386%203%20896%2034%2071\">+386 3 896 34 71<\/a><br \/>E: <a href=\"mailto:fizioterapija@terme-topolsica.si\">fizioterapija@terme-topolsica.si<\/a><\/p>\n\t\t\t\t\t\t\t\t<\/div>\n\t\t\t\t<\/div>\n\t\t\t\t\t<\/div>\n\t\t<\/div>\n\t\t\t\t\t<\/div>\n\t\t<\/section>\n\t\t\t\t\t<\/div>\n\t\t<\/div>\n\t\t\t\t\t<\/div>\n\t\t<\/section>\n\t\t\t\t<\/div>\n\t\t\t\t<\/div>\n\t\t\t\t\t\t<\/div>\n\t\t\t\t<\/div>\n\t\t\t\t\t<\/div>\n\t\t<\/div>\n\t\t\t\t\t<\/div>\n\t\t<\/section>\n\t\t\t\t<\/div>\n\t\t","protected":false},"excerpt":{"rendered":"<p>Rehabilitation von Menschen mit Multipler Sklerose Medizin Rehabilitation MEDIZIN Rehabilitation von Menschen mit Multipler Sklerose Das Multiple Sklerose Behandlungszentrum im Fl\u00fcgel Mladika der Therme Topol\u0161ica ist eines der modernsten seiner Art in Europa. Im Vergleich zu anderen Hotelanlagen verf\u00fcgt es \u00fcber eine eigene Physiotherapieabteilung, Arbeitstherapieabteilung, Fachkliniken, Turnhalle, Massageeinrichtungen und ein modernes Rehabilitationsbecken. Das Zentrum, einschlie\u00dflich [&hellip;]<\/p>\n","protected":false},"author":1,"featured_media":0,"parent":0,"menu_order":0,"comment_status":"closed","ping_status":"closed","template":"","meta":{"footnotes":""},"class_list":["post-3888","page","type-page","status-publish","hentry"],"yoast_head":"<!-- This site is optimized with the Yoast SEO plugin v26.9 - https:\/\/yoast.com\/product\/yoast-seo-wordpress\/ -->\n<title>Rehabilitation von Menschen mit Multipler Sklerose - Terme Topol\u0161ica<\/title>\n<meta name=\"description\" content=\"Rehabilitation von Menschen mit Multipler Sklerose. Das Zentrum, einschlie\u00dflich der Zimmer, ist f\u00fcr Patienten mit eingeschr\u00e4nkter Mobilit\u00e4t geeignet.\" \/>\n<meta name=\"robots\" content=\"index, follow, max-snippet:-1, max-image-preview:large, max-video-preview:-1\" \/>\n<link rel=\"canonical\" href=\"https:\/\/www.terme-topolsica.si\/de\/rehabilitation-von-menschen-mit-multipler-sklerose\/\" \/>\n<meta property=\"og:locale\" content=\"de_DE\" \/>\n<meta property=\"og:type\" content=\"article\" \/>\n<meta property=\"og:title\" content=\"Rehabilitation von Menschen mit Multipler Sklerose - Terme Topol\u0161ica\" \/>\n<meta property=\"og:description\" content=\"Rehabilitation von Menschen mit Multipler Sklerose. Das Zentrum, einschlie\u00dflich der Zimmer, ist f\u00fcr Patienten mit eingeschr\u00e4nkter Mobilit\u00e4t geeignet.\" \/>\n<meta property=\"og:url\" content=\"https:\/\/www.terme-topolsica.si\/de\/rehabilitation-von-menschen-mit-multipler-sklerose\/\" \/>\n<meta property=\"og:site_name\" content=\"Terme Topol\u0161ica\" \/>\n<meta property=\"article:publisher\" content=\"https:\/\/www.facebook.com\/TermeTopolsica\" \/>\n<meta property=\"article:modified_time\" content=\"2022-11-30T15:04:32+00:00\" \/>\n<meta property=\"og:image\" content=\"https:\/\/www.terme-topolsica.si\/wp-content\/uploads\/2022\/03\/DJI_0208-min-3.jpg\" \/>\n\t<meta property=\"og:image:width\" content=\"1920\" \/>\n\t<meta property=\"og:image:height\" content=\"1078\" \/>\n\t<meta property=\"og:image:type\" content=\"image\/jpeg\" \/>\n<meta name=\"twitter:card\" content=\"summary_large_image\" \/>\n<meta name=\"twitter:label1\" content=\"Gesch\u00e4tzte Lesezeit\" \/>\n\t<meta name=\"twitter:data1\" content=\"3\u00a0Minuten\" \/>\n<script type=\"application\/ld+json\" class=\"yoast-schema-graph\">{\"@context\":\"https:\/\/schema.org\",\"@graph\":[{\"@type\":\"WebPage\",\"@id\":\"https:\/\/www.terme-topolsica.si\/de\/rehabilitation-von-menschen-mit-multipler-sklerose\/\",\"url\":\"https:\/\/www.terme-topolsica.si\/de\/rehabilitation-von-menschen-mit-multipler-sklerose\/\",\"name\":\"Rehabilitation von Menschen mit Multipler Sklerose - Terme Topol\u0161ica\",\"isPartOf\":{\"@id\":\"https:\/\/www.terme-topolsica.si\/de\/#website\"},\"datePublished\":\"2022-03-03T19:13:55+00:00\",\"dateModified\":\"2022-11-30T15:04:32+00:00\",\"description\":\"Rehabilitation von Menschen mit Multipler Sklerose. Das Zentrum, einschlie\u00dflich der Zimmer, ist f\u00fcr Patienten mit eingeschr\u00e4nkter Mobilit\u00e4t geeignet.\",\"breadcrumb\":{\"@id\":\"https:\/\/www.terme-topolsica.si\/de\/rehabilitation-von-menschen-mit-multipler-sklerose\/#breadcrumb\"},\"inLanguage\":\"de\",\"potentialAction\":[{\"@type\":\"ReadAction\",\"target\":[\"https:\/\/www.terme-topolsica.si\/de\/rehabilitation-von-menschen-mit-multipler-sklerose\/\"]}]},{\"@type\":\"BreadcrumbList\",\"@id\":\"https:\/\/www.terme-topolsica.si\/de\/rehabilitation-von-menschen-mit-multipler-sklerose\/#breadcrumb\",\"itemListElement\":[{\"@type\":\"ListItem\",\"position\":1,\"name\":\"Domov\",\"item\":\"https:\/\/www.terme-topolsica.si\/de\/\"},{\"@type\":\"ListItem\",\"position\":2,\"name\":\"Rehabilitation von Menschen mit Multipler Sklerose\"}]},{\"@type\":\"WebSite\",\"@id\":\"https:\/\/www.terme-topolsica.si\/de\/#website\",\"url\":\"https:\/\/www.terme-topolsica.si\/de\/\",\"name\":\"Terme Topol\u0161ica\",\"description\":\"Termalni oddih in edinstveno do\u017eivetje\",\"publisher\":{\"@id\":\"https:\/\/www.terme-topolsica.si\/de\/#organization\"},\"potentialAction\":[{\"@type\":\"SearchAction\",\"target\":{\"@type\":\"EntryPoint\",\"urlTemplate\":\"https:\/\/www.terme-topolsica.si\/de\/?s={search_term_string}\"},\"query-input\":{\"@type\":\"PropertyValueSpecification\",\"valueRequired\":true,\"valueName\":\"search_term_string\"}}],\"inLanguage\":\"de\"},{\"@type\":\"Organization\",\"@id\":\"https:\/\/www.terme-topolsica.si\/de\/#organization\",\"name\":\"Terme Topol\u0161ica\",\"url\":\"https:\/\/www.terme-topolsica.si\/de\/\",\"logo\":{\"@type\":\"ImageObject\",\"inLanguage\":\"de\",\"@id\":\"https:\/\/www.terme-topolsica.si\/de\/#\/schema\/logo\/image\/\",\"url\":\"https:\/\/www.terme-topolsica.si\/wp-content\/uploads\/2021\/06\/logo-terme-topolsica-1.png\",\"contentUrl\":\"https:\/\/www.terme-topolsica.si\/wp-content\/uploads\/2021\/06\/logo-terme-topolsica-1.png\",\"width\":340,\"height\":156,\"caption\":\"Terme Topol\u0161ica\"},\"image\":{\"@id\":\"https:\/\/www.terme-topolsica.si\/de\/#\/schema\/logo\/image\/\"},\"sameAs\":[\"https:\/\/www.facebook.com\/TermeTopolsica\",\"https:\/\/www.instagram.com\/termetopolsica\/\",\"https:\/\/www.linkedin.com\/company\/terme-topolsica\/\"]}]}<\/script>\n<!-- \/ Yoast SEO plugin. -->","yoast_head_json":{"title":"Rehabilitation von Menschen mit Multipler Sklerose - Terme Topol\u0161ica","description":"Rehabilitation von Menschen mit Multipler Sklerose. Das Zentrum, einschlie\u00dflich der Zimmer, ist f\u00fcr Patienten mit eingeschr\u00e4nkter Mobilit\u00e4t geeignet.","robots":{"index":"index","follow":"follow","max-snippet":"max-snippet:-1","max-image-preview":"max-image-preview:large","max-video-preview":"max-video-preview:-1"},"canonical":"https:\/\/www.terme-topolsica.si\/de\/rehabilitation-von-menschen-mit-multipler-sklerose\/","og_locale":"de_DE","og_type":"article","og_title":"Rehabilitation von Menschen mit Multipler Sklerose - Terme Topol\u0161ica","og_description":"Rehabilitation von Menschen mit Multipler Sklerose. Das Zentrum, einschlie\u00dflich der Zimmer, ist f\u00fcr Patienten mit eingeschr\u00e4nkter Mobilit\u00e4t geeignet.","og_url":"https:\/\/www.terme-topolsica.si\/de\/rehabilitation-von-menschen-mit-multipler-sklerose\/","og_site_name":"Terme Topol\u0161ica","article_publisher":"https:\/\/www.facebook.com\/TermeTopolsica","article_modified_time":"2022-11-30T15:04:32+00:00","og_image":[{"width":1920,"height":1078,"url":"https:\/\/www.terme-topolsica.si\/wp-content\/uploads\/2022\/03\/DJI_0208-min-3.jpg","type":"image\/jpeg"}],"twitter_card":"summary_large_image","twitter_misc":{"Gesch\u00e4tzte Lesezeit":"3\u00a0Minuten"},"schema":{"@context":"https:\/\/schema.org","@graph":[{"@type":"WebPage","@id":"https:\/\/www.terme-topolsica.si\/de\/rehabilitation-von-menschen-mit-multipler-sklerose\/","url":"https:\/\/www.terme-topolsica.si\/de\/rehabilitation-von-menschen-mit-multipler-sklerose\/","name":"Rehabilitation von Menschen mit Multipler Sklerose - Terme Topol\u0161ica","isPartOf":{"@id":"https:\/\/www.terme-topolsica.si\/de\/#website"},"datePublished":"2022-03-03T19:13:55+00:00","dateModified":"2022-11-30T15:04:32+00:00","description":"Rehabilitation von Menschen mit Multipler Sklerose. Das Zentrum, einschlie\u00dflich der Zimmer, ist f\u00fcr Patienten mit eingeschr\u00e4nkter Mobilit\u00e4t geeignet.","breadcrumb":{"@id":"https:\/\/www.terme-topolsica.si\/de\/rehabilitation-von-menschen-mit-multipler-sklerose\/#breadcrumb"},"inLanguage":"de","potentialAction":[{"@type":"ReadAction","target":["https:\/\/www.terme-topolsica.si\/de\/rehabilitation-von-menschen-mit-multipler-sklerose\/"]}]},{"@type":"BreadcrumbList","@id":"https:\/\/www.terme-topolsica.si\/de\/rehabilitation-von-menschen-mit-multipler-sklerose\/#breadcrumb","itemListElement":[{"@type":"ListItem","position":1,"name":"Domov","item":"https:\/\/www.terme-topolsica.si\/de\/"},{"@type":"ListItem","position":2,"name":"Rehabilitation von Menschen mit Multipler Sklerose"}]},{"@type":"WebSite","@id":"https:\/\/www.terme-topolsica.si\/de\/#website","url":"https:\/\/www.terme-topolsica.si\/de\/","name":"Terme Topol\u0161ica","description":"Termalni oddih in edinstveno do\u017eivetje","publisher":{"@id":"https:\/\/www.terme-topolsica.si\/de\/#organization"},"potentialAction":[{"@type":"SearchAction","target":{"@type":"EntryPoint","urlTemplate":"https:\/\/www.terme-topolsica.si\/de\/?s={search_term_string}"},"query-input":{"@type":"PropertyValueSpecification","valueRequired":true,"valueName":"search_term_string"}}],"inLanguage":"de"},{"@type":"Organization","@id":"https:\/\/www.terme-topolsica.si\/de\/#organization","name":"Terme Topol\u0161ica","url":"https:\/\/www.terme-topolsica.si\/de\/","logo":{"@type":"ImageObject","inLanguage":"de","@id":"https:\/\/www.terme-topolsica.si\/de\/#\/schema\/logo\/image\/","url":"https:\/\/www.terme-topolsica.si\/wp-content\/uploads\/2021\/06\/logo-terme-topolsica-1.png","contentUrl":"https:\/\/www.terme-topolsica.si\/wp-content\/uploads\/2021\/06\/logo-terme-topolsica-1.png","width":340,"height":156,"caption":"Terme Topol\u0161ica"},"image":{"@id":"https:\/\/www.terme-topolsica.si\/de\/#\/schema\/logo\/image\/"},"sameAs":["https:\/\/www.facebook.com\/TermeTopolsica","https:\/\/www.instagram.com\/termetopolsica\/","https:\/\/www.linkedin.com\/company\/terme-topolsica\/"]}]}},"_links":{"self":[{"href":"https:\/\/www.terme-topolsica.si\/de\/wp-json\/wp\/v2\/pages\/3888","targetHints":{"allow":["GET"]}}],"collection":[{"href":"https:\/\/www.terme-topolsica.si\/de\/wp-json\/wp\/v2\/pages"}],"about":[{"href":"https:\/\/www.terme-topolsica.si\/de\/wp-json\/wp\/v2\/types\/page"}],"author":[{"embeddable":true,"href":"https:\/\/www.terme-topolsica.si\/de\/wp-json\/wp\/v2\/users\/1"}],"replies":[{"embeddable":true,"href":"https:\/\/www.terme-topolsica.si\/de\/wp-json\/wp\/v2\/comments?post=3888"}],"version-history":[{"count":0,"href":"https:\/\/www.terme-topolsica.si\/de\/wp-json\/wp\/v2\/pages\/3888\/revisions"}],"wp:attachment":[{"href":"https:\/\/www.terme-topolsica.si\/de\/wp-json\/wp\/v2\/media?parent=3888"}],"curies":[{"name":"wp","href":"https:\/\/api.w.org\/{rel}","templated":true}]}}